{"id":1630,"date":"2018-12-14T12:53:39","date_gmt":"2018-12-14T12:53:39","guid":{"rendered":"https:\/\/ifpsakana.robertoardanaz.es\/?page_id=1630"},"modified":"2025-10-28T13:00:46","modified_gmt":"2025-10-28T12:00:46","slug":"erasmus","status":"publish","type":"page","link":"https:\/\/fpsakanalh.educacion.navarra.es\/web\/erasmus\/","title":{"rendered":"Convocatoria"},"content":{"rendered":"<p>[et_pb_section admin_label=\u00bbsection\u00bb]<br \/>\n[et_pb_row admin_label=\u00bbrow\u00bb]<br \/>\n[et_pb_column type=\u00bb4_4&#8243;][et_pb_text admin_label=\u00bbText\u00bb]<img loading=\"lazy\" class=\"size-full wp-image-4215 aligncenter\" src=\"https:\/\/fpsakanalh.educacion.navarra.es\/web\/wp-content\/uploads\/2019\/11\/Logo-Erasmus.jpg\" alt=\"\" width=\"530\" height=\"152\" srcset=\"https:\/\/fpsakanalh.educacion.navarra.es\/web\/wp-content\/uploads\/2019\/11\/Logo-Erasmus.jpg 530w, https:\/\/fpsakanalh.educacion.navarra.es\/web\/wp-content\/uploads\/2019\/11\/Logo-Erasmus-480x138.jpg 480w\" sizes=\"(min-width: 0px) and (max-width: 480px) 480px, (min-width: 481px) 530px, 100vw\" \/><\/p>\n<p style=\"text-align: center\"><b><a href=\"https:\/\/fpsakanalh.educacion.navarra.es\/web\/wp-content\/uploads\/2020\/05\/PLAN-DE-INTERNACIONALIZACI\u00d3N-FP-SAKANA-LH-2021-2027.pdf\">PLAN DE INTERNACIONALIZACI\u00d3N FP SAKANA LH 2021-2027<\/a><\/b><\/p>\n<p><em>El proyecto \u201c(nombre del proyecto)\u201d est\u00e1 cofinanciado por la Uni\u00f3n Europea. Las opiniones y puntos de vista expresados (en esta nota de prensa\/comunicado\/publicaci\u00f3n\/etc.) s\u00f3lo comprometen a su(s) autor(es) (nombre del centro educativo u organizaci\u00f3n de educaci\u00f3n y formaci\u00f3n) y no reflejan necesariamente los de la Uni\u00f3n Europea ni los del Servicio Espa\u00f1ol para la Internacionalizaci\u00f3n de la Educaci\u00f3n (SEPIE). Ni la Uni\u00f3n Europea ni la Agencia Nacional SEPIE pueden ser considerados responsables de ellos.<\/em><\/p>\n<p style=\"text-align: center\">\n<p style=\"text-align: center\"><span style=\"text-decoration: underline\"><b>Becas para estancias de formaci\u00f3n en empresas de la Uni\u00f3n Europea para alumnado de FP. Curso 2025-2026<\/b><\/span><\/p>\n<p style=\"text-align: center\"><strong><a href=\"https:\/\/www.navarra.es\/es\/tramites\/on\/-\/line\/becas-para-estancias-de-formacion-en-empresas-de-la-ue-para-el-alumnado-de-fp\">&#8211;CONVOCATORIA ALUMNADO CURSO 2025-2026&#8211;<\/a><\/strong><\/p>\n<p><b><i>1.\u00bfQu\u00e9 es el programa Erasmus+?<\/i><\/b><\/p>\n<ul>\n<li style=\"list-style-type: none\">\n<ul>\n<li><span style=\"font-weight: 400\">El programa Erasmus+ proporciona la posibilidad de realizar pr\u00e1cticas en empresas de Europa al alumnado de Formaci\u00f3n Profesional.\u00a0<\/span><\/li>\n<\/ul>\n<\/li>\n<\/ul>\n<p><b><i>2.\u00bfEn QU\u00c9 consisten las estancias en Europa?<\/i><\/b><\/p>\n<ul>\n<li style=\"list-style-type: none\">\n<ul>\n<li><span style=\"font-weight: 400\">Las estancias consisten en la realizaci\u00f3n de 6 meses de pr\u00e1cticas (de octubre de 2026 a marzo del 2027) en empresas europeas precedidas de una o dos semanas de adaptaci\u00f3n y preparaci\u00f3n.\u00a0<\/span><\/li>\n<\/ul>\n<\/li>\n<\/ul>\n<p><b><i>3.\u00bfQUI\u00c9N puede participar?\u00a0<\/i><\/b><\/p>\n<ul>\n<li style=\"list-style-type: none\">\n<ul>\n<li><span style=\"font-weight: 400\">Alumnado de SEGUNDO curso de GM y GS.\u00a0\u00a0<\/span><\/li>\n<\/ul>\n<\/li>\n<\/ul>\n<p><b><i>4.\u00bfCU\u00c1NDO se pueden inscribir los estudiantes?<\/i><\/b><i><span style=\"font-weight: 400\">\u00a0<\/span><\/i><\/p>\n<ul>\n<li style=\"list-style-type: none\">\n<ul>\n<li><strong>Del 1 de noviembre al 30 de noviembre del 2025 (ambos inclusive)<\/strong><\/li>\n<\/ul>\n<\/li>\n<\/ul>\n<p><b><i>5.\u00bfCU\u00c1NDO se llevar\u00e1n a cabo las pr\u00e1cticas?\u00a0<\/i><\/b><\/p>\n<ul>\n<li style=\"list-style-type: none\">\n<ul>\n<li><span style=\"font-weight: 400\">Las pr\u00e1cticas se desarrollar\u00e1n de octubre del 2026 a marzo del 2027.<\/span><\/li>\n<\/ul>\n<\/li>\n<\/ul>\n<p><b><i>6.\u00bfC\u00d3MO se puede solicitar una beca?\u00a0<\/i><\/b><\/p>\n<ul>\n<li style=\"list-style-type: none\">\n<ul>\n<li><span style=\"font-weight: 400\">Los interesados o interesadas deben rellenar una solicitud electr\u00f3nica y presentar en el Centro de FP un Curriculum Vitae y una Carta de Presentaci\u00f3n.\u00a0<\/span><\/li>\n<\/ul>\n<\/li>\n<\/ul>\n<p><span style=\"font-weight: 400\">Documentaci\u00f3n\u00a0<\/span><\/p>\n<p><strong>Solicitudes:<\/strong><\/p>\n<ul>\n<li style=\"list-style-type: none\">\n<ul>\n<li><span style=\"font-weight: 400\">Si desea realizar una solicitud, comun\u00edqueselo directamente al Responsable de Internacionalizaci\u00f3n de su centro de Formaci\u00f3n Profesional. <\/span>\n<ul>\n<li><a href=\"http:\/\/europass.cedefop.europa.eu\/es\"><span style=\"font-weight: 400\">Curriculum Vitae<\/span><\/a><span style=\"font-weight: 400\">.<\/span><\/li>\n<li><a href=\"https:\/\/drive.google.com\/file\/d\/1bjN8eEKPI6u0SM9Y5zccvFtVD3ra7pty\/view?usp=sharing\"><span style=\"font-weight: 400\">CV y Carta de Presentaci\u00f3n &#8211; Ejemplo<\/span><\/a><\/li>\n<\/ul>\n<\/li>\n<\/ul>\n<\/li>\n<\/ul>\n<p><b><i>7.Preguntas frecuentes y sus respuestas:<\/i><\/b><\/p>\n<ul>\n<li style=\"list-style-type: none\">\n<ul>\n<li><span style=\"font-weight: 400\">A continuaci\u00f3n se muestran una serie de preguntas frecuentes acerca del programa Erasmus+ y sus respuestas.<\/span><\/li>\n<\/ul>\n<\/li>\n<\/ul>\n<p style=\"text-align: center\"><strong><a href=\"https:\/\/drive.google.com\/file\/d\/1JgMybo1ibv_2e9DWP8yjYgTCCsvYY-JF\/view?usp=sharing\">Preguntas frecuentes programa Erasmus + para FP.<\/a><\/strong><\/p>\n<p><b>8.Responsable de internacionalizaci\u00f3n del Centro<\/b><\/p>\n<ul>\n<li style=\"list-style-type: none\">\n<ul>\n<li><span style=\"font-weight: 400\">Naiara Percaz Gastesi<\/span><b><i>\u00a0<\/i><\/b><\/li>\n<\/ul>\n<\/li>\n<\/ul>\n<p><b><i>9.Correo electr\u00f3nico: <\/i><\/b><\/p>\n<ul>\n<li style=\"list-style-type: none\">\n<ul>\n<li><span style=\"font-weight: 400\">\u00a0iestexer-internacionalizacion@educacion.navarra.es<\/span><\/li>\n<\/ul>\n<\/li>\n<\/ul>\n<p><b>10.Difusi\u00f3n programa Erasmus+ CURSO 2025-2026<\/b><\/p>\n<ul>\n<li><span style=\"font-weight: 400\">Este curso,\u00a0 <strong>el jueves 6 de noviembre de 2025 a las 11:25 <\/strong>en el sal\u00f3n de actos, se celebra una reuni\u00f3n con todo el alumnado de SEGUNDO de GM y GS del centro con el fin de informar sobre la convocatoria del programa Erasmus+ 2025-2026. A su vez se informar\u00e1 a los tutores y tutoras de los grupos, y todo aquel que desee m\u00e1s informaci\u00f3n, que se ponga en contacto con el responsable de internacionalizaci\u00f3n del centro, a trav\u00e9s de correo solicitando una cita.<\/span><\/li>\n<li><a href=\"https:\/\/sites.google.com\/educacion.navarra.es\/internacionalizacionfpnavarra\/noticias?pli=1\">Sites internacionalizaci\u00f3n FP Navarra<\/a><\/li>\n<\/ul>\n<p><strong>11.Fotos<\/strong><\/p>\n<p><img loading=\"lazy\" class=\"alignnone size-medium wp-image-4292\" src=\"https:\/\/fpsakanalh.educacion.navarra.es\/web\/wp-content\/uploads\/2019\/11\/IMG_20191107_112933-300x225.jpg\" alt=\"\" width=\"300\" height=\"225\" \/><img loading=\"lazy\" class=\"alignnone size-medium wp-image-4288\" src=\"https:\/\/fpsakanalh.educacion.navarra.es\/web\/wp-content\/uploads\/2019\/11\/IMG_20191107_112941-1-300x225.jpg\" alt=\"\" width=\"300\" height=\"225\" \/><img loading=\"lazy\" class=\"alignnone size-medium wp-image-4282\" src=\"https:\/\/fpsakanalh.educacion.navarra.es\/web\/wp-content\/uploads\/2019\/11\/IMG_20191107_112957-300x225.jpg\" alt=\"\" width=\"300\" height=\"225\" \/><img loading=\"lazy\" class=\"alignnone size-medium wp-image-4280\" src=\"https:\/\/fpsakanalh.educacion.navarra.es\/web\/wp-content\/uploads\/2019\/11\/IMG_20191107_113116-300x225.jpg\" alt=\"\" width=\"300\" height=\"225\" \/>\u00a0\u00a0\u00a0\u00a0\u00a0\u00a0\u00a0\u00a0\u00a0 <img loading=\"lazy\" class=\"alignnone size-medium wp-image-4278\" src=\"https:\/\/fpsakanalh.educacion.navarra.es\/web\/wp-content\/uploads\/2019\/11\/IMG_20191107_112926-300x225.jpg\" alt=\"\" width=\"300\" height=\"225\" \/>[\/et_pb_text][\/et_pb_column]<br \/>\n[\/et_pb_row]<br \/>\n[\/et_pb_section]<\/p>\n","protected":false},"excerpt":{"rendered":"<p>[et_pb_section admin_label=\u00bbsection\u00bb] [et_pb_row admin_label=\u00bbrow\u00bb] [et_pb_column type=\u00bb4_4&#8243;][et_pb_text admin_label=\u00bbText\u00bb] PLAN DE INTERNACIONALIZACI\u00d3N FP SAKANA LH 2021-2027 El proyecto \u201c(nombre del proyecto)\u201d est\u00e1 cofinanciado por la Uni\u00f3n Europea. Las opiniones y puntos de vista expresados (en esta nota de prensa\/comunicado\/publicaci\u00f3n\/etc.) s\u00f3lo comprometen a su(s) autor(es) (nombre del centro educativo u organizaci\u00f3n de educaci\u00f3n y formaci\u00f3n) y no reflejan [&hellip;]<\/p>\n","protected":false},"author":1,"featured_media":0,"parent":0,"menu_order":0,"comment_status":"closed","ping_status":"open","template":"","meta":{"_et_pb_use_builder":"on","_et_pb_old_content":"<img class=\"size-full wp-image-4215 aligncenter\" src=\"https:\/\/fpsakanalh.educacion.navarra.es\/web\/wp-content\/uploads\/2019\/11\/Logo-Erasmus.jpg\" alt=\"\" width=\"530\" height=\"152\" \/>\n<p style=\"text-align: center\"><b><a href=\"https:\/\/fpsakanalh.educacion.navarra.es\/web\/wp-content\/uploads\/2020\/05\/PLAN-DE-INTERNACIONALIZACI\u00d3N-FP-SAKANA-LH-2021-2027.pdf\">PLAN DE INTERNACIONALIZACI\u00d3N FP SAKANA LH 2021-2027<\/a><\/b><\/p>\n<p style=\"text-align: center\"><span style=\"text-decoration: underline\"><b>Becas para estancias de formaci\u00f3n en empresas de la Uni\u00f3n Europea para alumnado de FP. Curso 2023-2024<\/b><\/span><\/p>\n<p style=\"text-align: center\"><strong><a href=\"https:\/\/www.navarra.es\/es\/tramites\/on\/-\/line\/becas-para-estancias-de-formacion-en-empresas-de-la-ue-para-el-alumnado-de-fp\">--Acceso p\u00e1gina web convocatoria--<\/a><\/strong><\/p>\n<b><i>1.\u00bfQu\u00e9 es el programa Erasmus+?<\/i><\/b>\n<ul>\n \t<li><span style=\"font-weight: 400\">El programa Erasmus+ proporciona la posibilidad de realizar pr\u00e1cticas en empresas de Europa al alumnado de Formaci\u00f3n Profesional.\u00a0<\/span><\/li>\n<\/ul>\n<b><i>2.\u00bfEn QU\u00c9 consisten las estancias en Europa?<\/i><\/b>\n<ul>\n \t<li><span style=\"font-weight: 400\">Las estancias consisten en la realizaci\u00f3n de 3 meses de pr\u00e1cticas en empresas europeas precedidas de una o dos semanas de adaptaci\u00f3n y preparaci\u00f3n.\u00a0<\/span><\/li>\n<\/ul>\n<b><i>3.\u00bfQUI\u00c9N puede participar?\u00a0<\/i><\/b>\n\n<img class=\"size-full wp-image-4208 aligncenter\" src=\"https:\/\/fpsakanalh.educacion.navarra.es\/web\/wp-content\/uploads\/2019\/11\/Acceso-a-Erasmus.jpg\" alt=\"\" width=\"650\" height=\"441\" \/><b><i><\/i><\/b>\n\n<b><i>4.\u00bfCU\u00c1NDO se pueden inscribir los estudiantes?<\/i><\/b><i><span style=\"font-weight: 400\">\u00a0<\/span><\/i>\n<ul>\n \t<li><strong>Del 6 de noviembre al 8 de diciembre de 2023<\/strong><\/li>\n<\/ul>\n<b><i>5.\u00bfCU\u00c1NDO se llevar\u00e1n a cabo las pr\u00e1cticas?\u00a0<\/i><\/b>\n<ul>\n \t<li><span style=\"font-weight: 400\">Las pr\u00e1cticas se podr\u00e1n desarrollar en cualquiera de los tres trimestres del curso escolar siguiente a la solicitud, es decir, desde septiembre a diciembre, desde enero a abril y desde abril a junio.<\/span><\/li>\n<\/ul>\n<b><i>6.\u00bfC\u00d3MO se puede solicitar una beca?\u00a0<\/i><\/b>\n<ul>\n \t<li><span style=\"font-weight: 400\">Los interesados o interesadas deben rellenar una solicitud electr\u00f3nica y presentar en el Centro de FP un Curriculum Vitae y una Carta de Presentaci\u00f3n.\u00a0<\/span><\/li>\n<\/ul>\n<span style=\"font-weight: 400\">Documentaci\u00f3n\u00a0<\/span>\n\n<strong>Solicitudes:<\/strong>\n<ul>\n \t<li><a href=\"https:\/\/www.educacion.navarra.es\/web\/dpto\/solicitud-erasmus-plus\"><span style=\"font-weight: 400\">Solicitud de participaci\u00f3n<\/span><\/a><span style=\"font-weight: 400\">\u00a0<\/span><\/li>\n \t<li><a href=\"http:\/\/europass.cedefop.europa.eu\/es\"><span style=\"font-weight: 400\">Curriculum Vitae<\/span><\/a><span style=\"font-weight: 400\">.<\/span><\/li>\n \t<li><a href=\"https:\/\/drive.google.com\/file\/d\/1bjN8eEKPI6u0SM9Y5zccvFtVD3ra7pty\/view?usp=sharing\"><span style=\"font-weight: 400\">CV y Carta de Presentaci\u00f3n - Ejemplo<\/span><\/a><\/li>\n \t<li><a href=\"https:\/\/www.youtube.com\/watch?v=irDYJC5OBTw&amp;feature=youtu.be\"><span style=\"font-weight: 400\">Video informativo<\/span><\/a><\/li>\n \t<li><a href=\"https:\/\/drive.google.com\/file\/d\/1d0LPi2tKs25FJG_XrG1jN8wxJ4ggjPCG\/view?usp=sharing\"><span style=\"font-weight: 400\">Presentaci\u00f3n del programa (euskera)<\/span><\/a><\/li>\n \t<li><a href=\"https:\/\/drive.google.com\/file\/d\/1t8Qv-hh1bJS5tM-kbHfOeFDXIgfRfx-5\/view?usp=sharing\"><span style=\"font-weight: 400\">Presentaci\u00f3n del programa (castellano)<\/span><\/a><\/li>\n<\/ul>\n<a href=\"https:\/\/www.educacion.navarra.es\/web\/dpto\/solicitud-erasmus-plus\"><span style=\"font-weight: 400\">\u00a0<\/span><\/a>\n\n<b><i>7.Preguntas frecuentes y sus respuestas:<\/i><\/b>\n<ul>\n \t<li><span style=\"font-weight: 400\">A continuaci\u00f3n se muestran una serie de preguntas frecuentes acerca del programa Erasmus+ y sus respuestas.<\/span><\/li>\n<\/ul>\n<p style=\"text-align: center\"><strong><a href=\"https:\/\/drive.google.com\/file\/d\/1JgMybo1ibv_2e9DWP8yjYgTCCsvYY-JF\/view?usp=sharing\">Preguntas frecuentes programa Erasmus + para FP.<\/a><\/strong><\/p>\n<b>8.Responsable de internacionalizaci\u00f3n del Centro Curso 2023-2024<\/b>\n<ul>\n \t<li><span style=\"font-weight: 400\">I\u00f1aki Ruiz Arellano<\/span><b><i>\u00a0<\/i><\/b><\/li>\n<\/ul>\n<b><i>9.Correo electr\u00f3nico: <\/i><\/b>\n<ul>\n \t<li><span style=\"font-weight: 400\">\u00a0iestexer-internacionalizacion@educacion.navarra.es<\/span><\/li>\n<\/ul>\n<b>10.Difusi\u00f3n programa Erasmus+ CURSO 2023-2024<\/b>\n\n<span style=\"font-weight: 400\">Este curso,\u00a0 <strong>el jueves 9 de noviembre de 2023 a las 10:00 <\/strong>en el sal\u00f3n de actos, se celebra una reuni\u00f3n con todo el alumnado de GM y GS del centro con el fin de informar sobre la convocatoria del programa Erasmus+ 2023-2024. A su vez se informar\u00e1 a los tutores y tutoras de los grupos, y todo aquel que desee m\u00e1s informaci\u00f3n, que se ponga en contacto con el responsable de internacionalizaci\u00f3n del centro, a trav\u00e9s de correo solicitando una cita.<\/span>\n\n<strong>11.Fotos<\/strong>\n\n<img class=\"alignnone size-medium wp-image-4292\" src=\"https:\/\/fpsakanalh.educacion.navarra.es\/web\/wp-content\/uploads\/2019\/11\/IMG_20191107_112933-300x225.jpg\" alt=\"\" width=\"300\" height=\"225\" \/><img class=\"alignnone size-medium wp-image-4288\" src=\"https:\/\/fpsakanalh.educacion.navarra.es\/web\/wp-content\/uploads\/2019\/11\/IMG_20191107_112941-1-300x225.jpg\" alt=\"\" width=\"300\" height=\"225\" \/><img class=\"alignnone size-medium wp-image-4282\" src=\"https:\/\/fpsakanalh.educacion.navarra.es\/web\/wp-content\/uploads\/2019\/11\/IMG_20191107_112957-300x225.jpg\" alt=\"\" width=\"300\" height=\"225\" \/><img class=\"alignnone size-medium wp-image-4280\" src=\"https:\/\/fpsakanalh.educacion.navarra.es\/web\/wp-content\/uploads\/2019\/11\/IMG_20191107_113116-300x225.jpg\" alt=\"\" width=\"300\" height=\"225\" \/>\u00a0\u00a0\u00a0\u00a0\u00a0\u00a0\u00a0\u00a0\u00a0 <img class=\"alignnone size-medium wp-image-4278\" src=\"https:\/\/fpsakanalh.educacion.navarra.es\/web\/wp-content\/uploads\/2019\/11\/IMG_20191107_112926-300x225.jpg\" alt=\"\" width=\"300\" height=\"225\" \/>","_et_gb_content_width":""},"yoast_head":"<!-- This site is optimized with the Yoast SEO plugin v19.13 - https:\/\/yoast.com\/wordpress\/plugins\/seo\/ -->\n<title>Convocatoria - CIP Sakana<\/title>\n<meta name=\"robots\" content=\"index, follow, max-snippet:-1, max-image-preview:large, max-video-preview:-1\" \/>\n<link rel=\"canonical\" href=\"https:\/\/fpsakanalh.educacion.navarra.es\/web\/erasmus\/\" \/>\n<meta property=\"og:locale\" content=\"es_ES\" \/>\n<meta property=\"og:type\" content=\"article\" \/>\n<meta property=\"og:title\" content=\"Convocatoria - CIP Sakana\" \/>\n<meta property=\"og:description\" content=\"[et_pb_section admin_label=\u00bbsection\u00bb] [et_pb_row admin_label=\u00bbrow\u00bb] [et_pb_column type=\u00bb4_4&#8243;][et_pb_text admin_label=\u00bbText\u00bb] PLAN DE INTERNACIONALIZACI\u00d3N FP SAKANA LH 2021-2027 El proyecto \u201c(nombre del proyecto)\u201d est\u00e1 cofinanciado por la Uni\u00f3n Europea. Las opiniones y puntos de vista expresados (en esta nota de prensa\/comunicado\/publicaci\u00f3n\/etc.) s\u00f3lo comprometen a su(s) autor(es) (nombre del centro educativo u organizaci\u00f3n de educaci\u00f3n y formaci\u00f3n) y no reflejan [&hellip;]\" \/>\n<meta property=\"og:url\" content=\"https:\/\/fpsakanalh.educacion.navarra.es\/web\/erasmus\/\" \/>\n<meta property=\"og:site_name\" content=\"CIP Sakana\" \/>\n<meta property=\"article:modified_time\" content=\"2025-10-28T12:00:46+00:00\" \/>\n<meta property=\"og:image\" content=\"https:\/\/fpsakanalh.educacion.navarra.es\/web\/wp-content\/uploads\/2019\/11\/Logo-Erasmus.jpg\" \/>\n<meta name=\"twitter:card\" content=\"summary_large_image\" \/>\n<meta name=\"twitter:label1\" content=\"Tiempo de lectura\" \/>\n\t<meta name=\"twitter:data1\" content=\"4 minutos\" \/>\n<script type=\"application\/ld+json\" class=\"yoast-schema-graph\">{\"@context\":\"https:\/\/schema.org\",\"@graph\":[{\"@type\":\"WebPage\",\"@id\":\"https:\/\/fpsakanalh.educacion.navarra.es\/web\/erasmus\/\",\"url\":\"https:\/\/fpsakanalh.educacion.navarra.es\/web\/erasmus\/\",\"name\":\"Convocatoria - CIP Sakana\",\"isPartOf\":{\"@id\":\"https:\/\/fpsakanalh.educacion.navarra.es\/web\/#website\"},\"datePublished\":\"2018-12-14T12:53:39+00:00\",\"dateModified\":\"2025-10-28T12:00:46+00:00\",\"breadcrumb\":{\"@id\":\"https:\/\/fpsakanalh.educacion.navarra.es\/web\/erasmus\/#breadcrumb\"},\"inLanguage\":\"es\",\"potentialAction\":[{\"@type\":\"ReadAction\",\"target\":[\"https:\/\/fpsakanalh.educacion.navarra.es\/web\/erasmus\/\"]}]},{\"@type\":\"BreadcrumbList\",\"@id\":\"https:\/\/fpsakanalh.educacion.navarra.es\/web\/erasmus\/#breadcrumb\",\"itemListElement\":[{\"@type\":\"ListItem\",\"position\":1,\"name\":\"Portada\",\"item\":\"https:\/\/fpsakanalh.educacion.navarra.es\/web\/\"},{\"@type\":\"ListItem\",\"position\":2,\"name\":\"Convocatoria\"}]},{\"@type\":\"WebSite\",\"@id\":\"https:\/\/fpsakanalh.educacion.navarra.es\/web\/#website\",\"url\":\"https:\/\/fpsakanalh.educacion.navarra.es\/web\/\",\"name\":\"CIP Sakana\",\"description\":\"Sitio web del CIP Sakana\",\"potentialAction\":[{\"@type\":\"SearchAction\",\"target\":{\"@type\":\"EntryPoint\",\"urlTemplate\":\"https:\/\/fpsakanalh.educacion.navarra.es\/web\/?s={search_term_string}\"},\"query-input\":\"required name=search_term_string\"}],\"inLanguage\":\"es\"}]}<\/script>\n<!-- \/ Yoast SEO plugin. -->","yoast_head_json":{"title":"Convocatoria - CIP Sakana","robots":{"index":"index","follow":"follow","max-snippet":"max-snippet:-1","max-image-preview":"max-image-preview:large","max-video-preview":"max-video-preview:-1"},"canonical":"https:\/\/fpsakanalh.educacion.navarra.es\/web\/erasmus\/","og_locale":"es_ES","og_type":"article","og_title":"Convocatoria - CIP Sakana","og_description":"[et_pb_section admin_label=\u00bbsection\u00bb] [et_pb_row admin_label=\u00bbrow\u00bb] [et_pb_column type=\u00bb4_4&#8243;][et_pb_text admin_label=\u00bbText\u00bb] PLAN DE INTERNACIONALIZACI\u00d3N FP SAKANA LH 2021-2027 El proyecto \u201c(nombre del proyecto)\u201d est\u00e1 cofinanciado por la Uni\u00f3n Europea. Las opiniones y puntos de vista expresados (en esta nota de prensa\/comunicado\/publicaci\u00f3n\/etc.) s\u00f3lo comprometen a su(s) autor(es) (nombre del centro educativo u organizaci\u00f3n de educaci\u00f3n y formaci\u00f3n) y no reflejan [&hellip;]","og_url":"https:\/\/fpsakanalh.educacion.navarra.es\/web\/erasmus\/","og_site_name":"CIP Sakana","article_modified_time":"2025-10-28T12:00:46+00:00","og_image":[{"url":"https:\/\/fpsakanalh.educacion.navarra.es\/web\/wp-content\/uploads\/2019\/11\/Logo-Erasmus.jpg"}],"twitter_card":"summary_large_image","twitter_misc":{"Tiempo de lectura":"4 minutos"},"schema":{"@context":"https:\/\/schema.org","@graph":[{"@type":"WebPage","@id":"https:\/\/fpsakanalh.educacion.navarra.es\/web\/erasmus\/","url":"https:\/\/fpsakanalh.educacion.navarra.es\/web\/erasmus\/","name":"Convocatoria - CIP Sakana","isPartOf":{"@id":"https:\/\/fpsakanalh.educacion.navarra.es\/web\/#website"},"datePublished":"2018-12-14T12:53:39+00:00","dateModified":"2025-10-28T12:00:46+00:00","breadcrumb":{"@id":"https:\/\/fpsakanalh.educacion.navarra.es\/web\/erasmus\/#breadcrumb"},"inLanguage":"es","potentialAction":[{"@type":"ReadAction","target":["https:\/\/fpsakanalh.educacion.navarra.es\/web\/erasmus\/"]}]},{"@type":"BreadcrumbList","@id":"https:\/\/fpsakanalh.educacion.navarra.es\/web\/erasmus\/#breadcrumb","itemListElement":[{"@type":"ListItem","position":1,"name":"Portada","item":"https:\/\/fpsakanalh.educacion.navarra.es\/web\/"},{"@type":"ListItem","position":2,"name":"Convocatoria"}]},{"@type":"WebSite","@id":"https:\/\/fpsakanalh.educacion.navarra.es\/web\/#website","url":"https:\/\/fpsakanalh.educacion.navarra.es\/web\/","name":"CIP Sakana","description":"Sitio web del CIP Sakana","potentialAction":[{"@type":"SearchAction","target":{"@type":"EntryPoint","urlTemplate":"https:\/\/fpsakanalh.educacion.navarra.es\/web\/?s={search_term_string}"},"query-input":"required name=search_term_string"}],"inLanguage":"es"}]}},"_links":{"self":[{"href":"https:\/\/fpsakanalh.educacion.navarra.es\/web\/wp-json\/wp\/v2\/pages\/1630"}],"collection":[{"href":"https:\/\/fpsakanalh.educacion.navarra.es\/web\/wp-json\/wp\/v2\/pages"}],"about":[{"href":"https:\/\/fpsakanalh.educacion.navarra.es\/web\/wp-json\/wp\/v2\/types\/page"}],"author":[{"embeddable":true,"href":"https:\/\/fpsakanalh.educacion.navarra.es\/web\/wp-json\/wp\/v2\/users\/1"}],"replies":[{"embeddable":true,"href":"https:\/\/fpsakanalh.educacion.navarra.es\/web\/wp-json\/wp\/v2\/comments?post=1630"}],"version-history":[{"count":50,"href":"https:\/\/fpsakanalh.educacion.navarra.es\/web\/wp-json\/wp\/v2\/pages\/1630\/revisions"}],"predecessor-version":[{"id":9873,"href":"https:\/\/fpsakanalh.educacion.navarra.es\/web\/wp-json\/wp\/v2\/pages\/1630\/revisions\/9873"}],"wp:attachment":[{"href":"https:\/\/fpsakanalh.educacion.navarra.es\/web\/wp-json\/wp\/v2\/media?parent=1630"}],"curies":[{"name":"wp","href":"https:\/\/api.w.org\/{rel}","templated":true}]}}