{"id":4088,"date":"2022-06-14T09:53:52","date_gmt":"2022-06-14T07:53:52","guid":{"rendered":"https:\/\/fpsakanalh.educacion.navarra.es\/web\/?page_id=4088"},"modified":"2025-06-13T08:30:45","modified_gmt":"2025-06-13T06:30:45","slug":"convalidaciones","status":"publish","type":"page","link":"https:\/\/fpsakanalh.educacion.navarra.es\/web\/convalidaciones\/","title":{"rendered":"Matr\u00edculas Alumnado del Centro que repite o  promociona a Segundo"},"content":{"rendered":"\n<h3 class=\"has-text-align-center\"><\/h3>\n\n\n\n<h4><\/h4>\n\n\n\n<ul>\n<li><span style=\"color: #333333\"><strong>Fechas de matr\u00edcula<\/strong>: <\/span>\n<ul>\n<li><span style=\"color: #333333\">Alumnado que repite curso: <strong>Del 18 al 20 de Junio de 2025<\/strong> (ambos inclusive)<\/span><\/li>\n<li><span style=\"color: #333333\">Alumnado que promociona:<strong> Del 23 al 27 de junio de 2025<\/strong> (ambos inclusive)<\/span><\/li>\n<\/ul>\n<\/li>\n<li><span style=\"color: #333333\"><strong>Lugar de matr\u00edcula<\/strong>: presencial<\/span><\/li>\n<li><span style=\"color: #333333\"><strong>Autob\u00fas escolar:<\/strong> el alumnado que desee utilizar el autob\u00fas escolar deber\u00e1 indicarlo en la HOJA DE MATR\u00cdCULA (GM, GB y CFPE).<\/span><\/li>\n<li><strong>Documentaci\u00f3n a presentar<\/strong>:\n<ul>\n<li><strong><span style=\"color: #0000ff\"><a style=\"color: #0000ff\" href=\"https:\/\/drive.google.com\/file\/d\/1rW9nlBgxN8h5PyUbCbZ9k1h7pXYapEDr\/view?usp=drive_link\" target=\"_blank\" rel=\"noreferrer noopener\">Hoja de matr\u00edcula<\/a><\/span><\/strong><\/li>\n<li><span style=\"color: #333333\">Justificante de Pago (en el concepto indicar nombre y dos apellidos del alumno o alumna)<\/span>\n<ul>\n<li><span style=\"color: #333333\">N\u00ba de cuenta:<strong> CaixaBank<\/strong> <b>ES42 2100 3693 2422 00298086<\/b><\/span><\/li>\n<li><span style=\"color: #333333\"><strong>Importe<\/strong>:\u00a0<\/span>\n<ul>\n<li><span style=\"color: #333333\">Alumnado de 1\u00ba Curso: 60 euros<\/span><\/li>\n<li><span style=\"color: #333333\">Alumnado de 2\u00ba Curso: 50 euros<\/span><\/li>\n<li><span style=\"color: #333333\">Alumnado que solo cursa FCT: 10 euros.<\/span><\/li>\n<\/ul>\n<\/li>\n<\/ul>\n<\/li>\n<\/ul>\n<\/li>\n<\/ul>\n","protected":false},"excerpt":{"rendered":"<p>Fechas de matr\u00edcula: Alumnado que repite curso: Del 18 al 20 de Junio de 2025 (ambos inclusive) Alumnado que promociona: Del 23 al 27 de junio de 2025 (ambos inclusive) Lugar de matr\u00edcula: presencial Autob\u00fas escolar: el alumnado que desee utilizar el autob\u00fas escolar deber\u00e1 indicarlo en la HOJA DE MATR\u00cdCULA (GM, GB y CFPE). [&hellip;]<\/p>\n","protected":false},"author":1,"featured_media":0,"parent":0,"menu_order":0,"comment_status":"closed","ping_status":"closed","template":"","meta":{"_et_pb_use_builder":"","_et_pb_old_content":"","_et_gb_content_width":""},"yoast_head":"<!-- This site is optimized with the Yoast SEO plugin v19.13 - https:\/\/yoast.com\/wordpress\/plugins\/seo\/ -->\n<title>Matr\u00edculas Alumnado del Centro que repite o promociona a Segundo - CIP Sakana<\/title>\n<meta name=\"robots\" content=\"index, follow, max-snippet:-1, max-image-preview:large, max-video-preview:-1\" \/>\n<link rel=\"canonical\" href=\"https:\/\/fpsakanalh.educacion.navarra.es\/web\/convalidaciones\/\" \/>\n<meta property=\"og:locale\" content=\"es_ES\" \/>\n<meta property=\"og:type\" content=\"article\" \/>\n<meta property=\"og:title\" content=\"Matr\u00edculas Alumnado del Centro que repite o promociona a Segundo - CIP Sakana\" \/>\n<meta property=\"og:description\" content=\"Fechas de matr\u00edcula: Alumnado que repite curso: Del 18 al 20 de Junio de 2025 (ambos inclusive) Alumnado que promociona: Del 23 al 27 de junio de 2025 (ambos inclusive) Lugar de matr\u00edcula: presencial Autob\u00fas escolar: el alumnado que desee utilizar el autob\u00fas escolar deber\u00e1 indicarlo en la HOJA DE MATR\u00cdCULA (GM, GB y CFPE). [&hellip;]\" \/>\n<meta property=\"og:url\" content=\"https:\/\/fpsakanalh.educacion.navarra.es\/web\/convalidaciones\/\" \/>\n<meta property=\"og:site_name\" content=\"CIP Sakana\" \/>\n<meta property=\"article:modified_time\" content=\"2025-06-13T06:30:45+00:00\" \/>\n<meta name=\"twitter:card\" content=\"summary_large_image\" \/>\n<meta name=\"twitter:label1\" content=\"Tiempo de lectura\" \/>\n\t<meta name=\"twitter:data1\" content=\"1 minuto\" \/>\n<script type=\"application\/ld+json\" class=\"yoast-schema-graph\">{\"@context\":\"https:\/\/schema.org\",\"@graph\":[{\"@type\":\"WebPage\",\"@id\":\"https:\/\/fpsakanalh.educacion.navarra.es\/web\/convalidaciones\/\",\"url\":\"https:\/\/fpsakanalh.educacion.navarra.es\/web\/convalidaciones\/\",\"name\":\"Matr\u00edculas Alumnado del Centro que repite o promociona a Segundo - CIP Sakana\",\"isPartOf\":{\"@id\":\"https:\/\/fpsakanalh.educacion.navarra.es\/web\/#website\"},\"datePublished\":\"2022-06-14T07:53:52+00:00\",\"dateModified\":\"2025-06-13T06:30:45+00:00\",\"breadcrumb\":{\"@id\":\"https:\/\/fpsakanalh.educacion.navarra.es\/web\/convalidaciones\/#breadcrumb\"},\"inLanguage\":\"es\",\"potentialAction\":[{\"@type\":\"ReadAction\",\"target\":[\"https:\/\/fpsakanalh.educacion.navarra.es\/web\/convalidaciones\/\"]}]},{\"@type\":\"BreadcrumbList\",\"@id\":\"https:\/\/fpsakanalh.educacion.navarra.es\/web\/convalidaciones\/#breadcrumb\",\"itemListElement\":[{\"@type\":\"ListItem\",\"position\":1,\"name\":\"Portada\",\"item\":\"https:\/\/fpsakanalh.educacion.navarra.es\/web\/\"},{\"@type\":\"ListItem\",\"position\":2,\"name\":\"Matr\u00edculas Alumnado del Centro que repite o promociona a Segundo\"}]},{\"@type\":\"WebSite\",\"@id\":\"https:\/\/fpsakanalh.educacion.navarra.es\/web\/#website\",\"url\":\"https:\/\/fpsakanalh.educacion.navarra.es\/web\/\",\"name\":\"CIP Sakana\",\"description\":\"Sitio web del CIP Sakana\",\"potentialAction\":[{\"@type\":\"SearchAction\",\"target\":{\"@type\":\"EntryPoint\",\"urlTemplate\":\"https:\/\/fpsakanalh.educacion.navarra.es\/web\/?s={search_term_string}\"},\"query-input\":\"required name=search_term_string\"}],\"inLanguage\":\"es\"}]}<\/script>\n<!-- \/ Yoast SEO plugin. -->","yoast_head_json":{"title":"Matr\u00edculas Alumnado del Centro que repite o promociona a Segundo - CIP Sakana","robots":{"index":"index","follow":"follow","max-snippet":"max-snippet:-1","max-image-preview":"max-image-preview:large","max-video-preview":"max-video-preview:-1"},"canonical":"https:\/\/fpsakanalh.educacion.navarra.es\/web\/convalidaciones\/","og_locale":"es_ES","og_type":"article","og_title":"Matr\u00edculas Alumnado del Centro que repite o promociona a Segundo - CIP Sakana","og_description":"Fechas de matr\u00edcula: Alumnado que repite curso: Del 18 al 20 de Junio de 2025 (ambos inclusive) Alumnado que promociona: Del 23 al 27 de junio de 2025 (ambos inclusive) Lugar de matr\u00edcula: presencial Autob\u00fas escolar: el alumnado que desee utilizar el autob\u00fas escolar deber\u00e1 indicarlo en la HOJA DE MATR\u00cdCULA (GM, GB y CFPE). [&hellip;]","og_url":"https:\/\/fpsakanalh.educacion.navarra.es\/web\/convalidaciones\/","og_site_name":"CIP Sakana","article_modified_time":"2025-06-13T06:30:45+00:00","twitter_card":"summary_large_image","twitter_misc":{"Tiempo de lectura":"1 minuto"},"schema":{"@context":"https:\/\/schema.org","@graph":[{"@type":"WebPage","@id":"https:\/\/fpsakanalh.educacion.navarra.es\/web\/convalidaciones\/","url":"https:\/\/fpsakanalh.educacion.navarra.es\/web\/convalidaciones\/","name":"Matr\u00edculas Alumnado del Centro que repite o promociona a Segundo - CIP Sakana","isPartOf":{"@id":"https:\/\/fpsakanalh.educacion.navarra.es\/web\/#website"},"datePublished":"2022-06-14T07:53:52+00:00","dateModified":"2025-06-13T06:30:45+00:00","breadcrumb":{"@id":"https:\/\/fpsakanalh.educacion.navarra.es\/web\/convalidaciones\/#breadcrumb"},"inLanguage":"es","potentialAction":[{"@type":"ReadAction","target":["https:\/\/fpsakanalh.educacion.navarra.es\/web\/convalidaciones\/"]}]},{"@type":"BreadcrumbList","@id":"https:\/\/fpsakanalh.educacion.navarra.es\/web\/convalidaciones\/#breadcrumb","itemListElement":[{"@type":"ListItem","position":1,"name":"Portada","item":"https:\/\/fpsakanalh.educacion.navarra.es\/web\/"},{"@type":"ListItem","position":2,"name":"Matr\u00edculas Alumnado del Centro que repite o promociona a Segundo"}]},{"@type":"WebSite","@id":"https:\/\/fpsakanalh.educacion.navarra.es\/web\/#website","url":"https:\/\/fpsakanalh.educacion.navarra.es\/web\/","name":"CIP Sakana","description":"Sitio web del CIP Sakana","potentialAction":[{"@type":"SearchAction","target":{"@type":"EntryPoint","urlTemplate":"https:\/\/fpsakanalh.educacion.navarra.es\/web\/?s={search_term_string}"},"query-input":"required name=search_term_string"}],"inLanguage":"es"}]}},"_links":{"self":[{"href":"https:\/\/fpsakanalh.educacion.navarra.es\/web\/wp-json\/wp\/v2\/pages\/4088"}],"collection":[{"href":"https:\/\/fpsakanalh.educacion.navarra.es\/web\/wp-json\/wp\/v2\/pages"}],"about":[{"href":"https:\/\/fpsakanalh.educacion.navarra.es\/web\/wp-json\/wp\/v2\/types\/page"}],"author":[{"embeddable":true,"href":"https:\/\/fpsakanalh.educacion.navarra.es\/web\/wp-json\/wp\/v2\/users\/1"}],"replies":[{"embeddable":true,"href":"https:\/\/fpsakanalh.educacion.navarra.es\/web\/wp-json\/wp\/v2\/comments?post=4088"}],"version-history":[{"count":73,"href":"https:\/\/fpsakanalh.educacion.navarra.es\/web\/wp-json\/wp\/v2\/pages\/4088\/revisions"}],"predecessor-version":[{"id":9786,"href":"https:\/\/fpsakanalh.educacion.navarra.es\/web\/wp-json\/wp\/v2\/pages\/4088\/revisions\/9786"}],"wp:attachment":[{"href":"https:\/\/fpsakanalh.educacion.navarra.es\/web\/wp-json\/wp\/v2\/media?parent=4088"}],"curies":[{"name":"wp","href":"https:\/\/api.w.org\/{rel}","templated":true}]}}