{"id":5144,"date":"2021-04-09T11:14:56","date_gmt":"2021-04-09T09:14:56","guid":{"rendered":"https:\/\/fpsakanalh.educacion.navarra.es\/web\/?page_id=5144"},"modified":"2025-06-13T08:52:16","modified_gmt":"2025-06-13T06:52:16","slug":"enlaces-de-interes","status":"publish","type":"page","link":"https:\/\/fpsakanalh.educacion.navarra.es\/web\/enlaces-de-interes\/","title":{"rendered":"Enlaces de Inter\u00e9s"},"content":{"rendered":"<p>[et_pb_section fb_built=\u00bb1&#8243; admin_label=\u00bbsection\u00bb _builder_version=\u00bb3.22&#8243;][et_pb_row admin_label=\u00bbrow\u00bb _builder_version=\u00bb3.25&#8243; background_size=\u00bbinitial\u00bb background_position=\u00bbtop_left\u00bb background_repeat=\u00bbrepeat\u00bb custom_margin=\u00bb|auto||380px||\u00bb][et_pb_column type=\u00bb4_4&#8243; _builder_version=\u00bb3.25&#8243; custom_padding=\u00bb|||\u00bb custom_padding__hover=\u00bb|||\u00bb][et_pb_text admin_label=\u00bbText\u00bb _builder_version=\u00bb3.27.4&#8243; background_size=\u00bbinitial\u00bb background_position=\u00bbtop_left\u00bb background_repeat=\u00bbrepeat\u00bb width=\u00bb100%\u00bb]<\/p>\n<div class=\"wp-block-group\">\n<h3 class=\"has-text-align-center\" style=\"text-align: left\"><\/h3>\n<h3 class=\"has-text-align-center\" style=\"text-align: left\"><\/h3>\n<h3 class=\"has-text-align-center\" style=\"text-align: left\"><\/h3>\n<h3 class=\"has-text-align-center\" style=\"text-align: left\">Enlaces de inter\u00e9s para el alumnado:<\/h3>\n<p><span style=\"color: #333333;font-size: revert\">Impresos m\u00e1s utilizados:<\/span><\/p>\n<div class=\"wp-block-group\">\n<div class=\"wp-block-group\">\n<p><span style=\"color: #333333\">(para poder rellenar el impreso desde el ordenador debes hacerte una copia).<\/span><\/p>\n<p><span style=\"color: #333333\">Una vez lo tengas cumplimentado, entr\u00e9galo en la oficina para que lo cursen. Puedes hacerlo presencialmente o por correo electr\u00f3nico.<\/span><\/p>\n<\/div>\n<\/div>\n<div class=\"wp-block-group\">\n<ul>\n<li><a href=\"https:\/\/docs.google.com\/document\/d\/1QQgUCTuFNKErSM6fC-rc_ZaC3MCd3dER_b0lCVDH73s\/copy\" target=\"_blank\" rel=\"noopener\"><span style=\"color: #0000ff\">Solicitud Renuncia Convocatoria<\/span><\/a><\/li>\n<li><span style=\"color: #0000ff\"><a style=\"color: #0000ff\" href=\"https:\/\/docs.google.com\/document\/d\/10Bu1YUwa0yFmNeU9_99K7mI8FkRrlGc5PQKcwT8sec8\/copy\" target=\"_blank\" rel=\"noreferrer noopener\">Solicitud Baja o Anulaci\u00f3n matr\u00edcula<\/a><\/span><\/li>\n<li><span style=\"color: #0000ff\"><a style=\"color: #0000ff\" href=\"https:\/\/docs.google.com\/document\/d\/1H8K6qMggVjnLx9vOHoULgW4vVKEsQQ9-ZWSrmgaVhSo\/copy\" target=\"_blank\" rel=\"noreferrer noopener\">Solicitud Convalidaci\u00f3n<\/a><\/span><\/li>\n<li><span style=\"color: #0000ff\"><a style=\"color: #0000ff\" href=\"https:\/\/docs.google.com\/document\/d\/1Xi7TElA74tTkNqu4VBrZ8WZ34LqIJZuzlMx3dsuuPb4\/copy\" target=\"_blank\" rel=\"noreferrer noopener\">Solicitud Exenci\u00f3n<\/a><\/span><\/li>\n<li><span style=\"color: #0000ff\"><a style=\"color: #0000ff\" href=\"https:\/\/drive.google.com\/file\/d\/1rW9nlBgxN8h5PyUbCbZ9k1h7pXYapEDr\/view?usp=drive_link\" target=\"_blank\" rel=\"noopener\">Solicitud Matr\u00edcula<\/a><\/span><\/li>\n<li><span style=\"color: #0000ff\"><a style=\"color: #0000ff\" href=\"https:\/\/drive.google.com\/file\/d\/1lpllJR1JQ_-Ud0aZkSM92Duu5rKa1Tqj\/view?usp=drive_link\" target=\"_blank\" rel=\"noopener\">Informaci\u00f3n documentaci\u00f3n matr\u00edcula<\/a><\/span><\/li>\n<li><span style=\"color: #0000ff\"><a style=\"color: #0000ff\" href=\"https:\/\/docs.google.com\/document\/d\/1KGbuj1IBVMToRASWbh5OHfmcgldA93h-DDk3DQUtB9w\/copy\" target=\"_blank\" rel=\"noopener\">Solicitud T\u00edtulo<\/a><\/span><\/li>\n<\/ul>\n<\/div>\n<p><a href=\"https:\/\/docs.google.com\/spreadsheets\/d\/1dEsvrIIqOhGk5MBWvcl-k9r0svo4pAG4oraIg1_WGOA\/edit?usp=sharing\" target=\"_blank\" rel=\"noopener\"><span style=\"color: #333333\">Calendario 2024-2025<\/span><\/a><\/p>\n<p><a href=\"https:\/\/www.educacion.navarra.es\/web\/serviciostic\/educa-y-correo-electronico\" target=\"_blank\" rel=\"noopener\">Educa portal<\/a><\/p>\n<p><span style=\"color: #333333\">Educa<\/span> &#8211; <a href=\"https:\/\/docs.google.com\/presentation\/d\/1A457DRLr25DcxBf437nN0h8TikYK6vfZqFj1Hi0XUWs\/edit?usp=sharing\" target=\"_blank\" rel=\"noopener\">C\u00f3mo darse de alta con Clave<\/a><\/p>\n<p><span style=\"color: #333333\">Educa<\/span> &#8211; <a href=\"https:\/\/docs.google.com\/presentation\/d\/1lDYTIp0ck6PhlNUMQYetxhGqkU3hX04cOmFWVtzcZMU\/edit?usp=sharing\" target=\"_blank\" rel=\"noopener\">Recuperar contrase\u00f1a<\/a><\/p>\n<p><a href=\"https:\/\/www.educacion.navarra.es\/web\/dpto\/formacion-profesional\" target=\"_blank\" rel=\"noopener\">Formaci\u00f3n Profesional &#8211; Departamento de Educaci\u00f3n<\/a><\/p>\n<p><a href=\"https:\/\/www.todofp.es\/inicio.html\" target=\"_blank\" rel=\"noopener\">Portal informaci\u00f3n Formaci\u00f3n Profesional Ministerio Educaci\u00f3n<\/a><\/p>\n<p><a href=\"https:\/\/www.educacion.navarra.es\/web\/dpto\/ciclos-formativos\" target=\"_blank\" rel=\"noreferrer noopener\">Nueva Oferta formativa FP Navarra 2025-2026<\/a><\/p>\n<p><span style=\"color: #333333\">Estudios ofertados CIP FP Sakana LH IIP 2025-2026:<\/span> <a href=\"https:\/\/fpsakanalh.educacion.navarra.es\/web\/\" target=\"_blank\" rel=\"noreferrer noopener\">https:\/\/fpsakanalh.educacion.navarra.es\/web\/<\/a><\/p>\n<\/div>\n<p>[\/et_pb_text][\/et_pb_column][\/et_pb_row][\/et_pb_section]<\/p>\n","protected":false},"excerpt":{"rendered":"<p>[et_pb_section fb_built=\u00bb1&#8243; admin_label=\u00bbsection\u00bb _builder_version=\u00bb3.22&#8243;][et_pb_row admin_label=\u00bbrow\u00bb _builder_version=\u00bb3.25&#8243; background_size=\u00bbinitial\u00bb background_position=\u00bbtop_left\u00bb background_repeat=\u00bbrepeat\u00bb custom_margin=\u00bb|auto||380px||\u00bb][et_pb_column type=\u00bb4_4&#8243; _builder_version=\u00bb3.25&#8243; custom_padding=\u00bb|||\u00bb custom_padding__hover=\u00bb|||\u00bb][et_pb_text admin_label=\u00bbText\u00bb _builder_version=\u00bb3.27.4&#8243; background_size=\u00bbinitial\u00bb background_position=\u00bbtop_left\u00bb background_repeat=\u00bbrepeat\u00bb width=\u00bb100%\u00bb] Enlaces de inter\u00e9s para el alumnado: Impresos m\u00e1s utilizados: (para poder rellenar el impreso desde el ordenador debes hacerte una copia). Una vez lo tengas cumplimentado, entr\u00e9galo en la oficina para que lo cursen. Puedes [&hellip;]<\/p>\n","protected":false},"author":7,"featured_media":0,"parent":0,"menu_order":0,"comment_status":"closed","ping_status":"closed","template":"","meta":{"_et_pb_use_builder":"on","_et_pb_old_content":"<!-- wp:tadv\/classic-paragraph \/-->\n\n<!-- wp:group -->\n<div class=\"wp-block-group\"><!-- wp:heading {\"textAlign\":\"center\",\"level\":5} -->\n<h5 class=\"has-text-align-center\">Aqu\u00ed indicamos una serie de enlaces que consideramos de inter\u00e9s para el alumnado:<\/h5>\n<!-- \/wp:heading -->\n\n<!-- wp:paragraph -->\n<p><\/p>\n<!-- \/wp:paragraph -->\n\n<!-- wp:group -->\n<div class=\"wp-block-group\"><!-- wp:group -->\n<div class=\"wp-block-group\"><!-- wp:list -->\n<ul><li>Impresos m\u00e1s utilizados:<\/li><\/ul>\n<!-- \/wp:list -->\n\n<!-- wp:paragraph -->\n<p>(para poder rellenar el impreso desde el ordenador debes hacerte una copia).<\/p>\n<!-- \/wp:paragraph -->\n\n<!-- wp:paragraph -->\n<p>Una vez lo tengas cumplimentado, entr\u00e9galo en la oficina para que lo cursen. Puedes hacerlo presencialmente o por correo electr\u00f3nico.<\/p>\n<!-- \/wp:paragraph --><\/div>\n<!-- \/wp:group --><\/div>\n<!-- \/wp:group -->\n\n<!-- wp:paragraph -->\n<p><\/p>\n<!-- \/wp:paragraph -->\n\n<!-- wp:group -->\n<div class=\"wp-block-group\"><!-- wp:list -->\n<ul><li><a href=\"https:\/\/docs.google.com\/document\/d\/10NqHl_MvCDBl7L-TtKV9PwgyzUrJ0emRz19-QsYMfu0\/copy\" target=\"_blank\" rel=\"noreferrer noopener\">Solicitud Renuncia Convocatoria\u00a0<\/a><\/li><li><a href=\"https:\/\/docs.google.com\/document\/d\/1pwSa1nkm1_ae59iMNgfEcEI91fDhqst1A0uOd-M5u1E\/copy\" target=\"_blank\" rel=\"noreferrer noopener\">Solicitud Baja o Anulaci\u00f3n matr\u00edcula<\/a><\/li><li><a href=\"https:\/\/docs.google.com\/document\/d\/19qxrjcWspZIGNXNc7DWaYkX9bkibzvPX1ekWqg2yaDw\/copy\" target=\"_blank\" rel=\"noreferrer noopener\">Solicitud Convalidaci\u00f3n<\/a><\/li><li><a href=\"https:\/\/docs.google.com\/document\/d\/1ah6FlKtqqtYD7TblRv_VSF3cDXhq-HhdHuE5ezbB0GE\/copy\" target=\"_blank\" rel=\"noreferrer noopener\">Solicitud Exenci\u00f3n<\/a><\/li><li><a href=\"https:\/\/docs.google.com\/document\/d\/1th_D6Hwy4XrZ3CEAWHmC5HtH_l1qk1RBCBLNZoIn64c\/copy\" target=\"_blank\" rel=\"noreferrer noopener\">Solicitud Matr\u00edcula<\/a><\/li><li><a href=\"https:\/\/docs.google.com\/document\/d\/1jJ9FUno2LmtR7CewyquJwHd5wHgW3Tp0AV_kRvnI4co\/edit?usp=share_link\" target=\"_blank\" rel=\"noreferrer noopener\">Informaci\u00f3n documentaci\u00f3n matr\u00edcula<\/a><\/li><li><a href=\"\/web?page_id=5415\" target=\"_blank\" rel=\"noreferrer noopener\">Solicitud T\u00edtulo<\/a><\/li><\/ul>\n<!-- \/wp:list --><\/div>\n<!-- \/wp:group -->\n\n<!-- wp:tadv\/classic-paragraph -->\n<p><a href=\"https:\/\/fpsakanalh.educacion.navarra.es\/web\/wp-content\/uploads\/2022\/09\/trCalendarioListadosHTML-1.pdf\">Calendario 2022-2023<\/a><\/p>\n<!-- \/wp:tadv\/classic-paragraph -->\n\n<!-- wp:paragraph -->\n<p><a href=\"https:\/\/www.educacion.navarra.es\/web\/serviciostic\/educa-y-correo-electronico\" target=\"_blank\" rel=\"noopener\">Educa portal<\/a><\/p>\n<!-- \/wp:paragraph -->\n\n<!-- wp:paragraph -->\n<p>Educa - <a href=\"https:\/\/docs.google.com\/presentation\/d\/1A457DRLr25DcxBf437nN0h8TikYK6vfZqFj1Hi0XUWs\/edit?usp=sharing\" target=\"_blank\" rel=\"noopener\">C\u00f3mo darse de alta con Clave<\/a><\/p>\n<!-- \/wp:paragraph -->\n\n<!-- wp:paragraph -->\n<p>Educa - <a href=\"https:\/\/docs.google.com\/presentation\/d\/1lDYTIp0ck6PhlNUMQYetxhGqkU3hX04cOmFWVtzcZMU\/edit?usp=sharing\" target=\"_blank\" rel=\"noopener\">Recuperar contrase\u00f1a<\/a><\/p>\n<!-- \/wp:paragraph -->\n\n<!-- wp:paragraph -->\n<p><a href=\"https:\/\/www.educacion.navarra.es\/web\/dpto\/formacion-profesional\" target=\"_blank\" rel=\"noopener\">Formaci\u00f3n Profesional - Departamento de Educaci\u00f3n<\/a><\/p>\n<!-- \/wp:paragraph -->\n\n<!-- wp:paragraph -->\n<p><a href=\"https:\/\/www.todofp.es\/inicio.html\" target=\"_blank\" rel=\"noopener\">Portal informaci\u00f3n Formaci\u00f3n Profesional Ministerio Educaci\u00f3n<\/a><\/p>\n<!-- \/wp:paragraph -->\n\n<!-- wp:paragraph -->\n<p><\/p>\n<!-- \/wp:paragraph -->\n\n<!-- wp:paragraph -->\n<p><a href=\"https:\/\/www.educacion.navarra.es\/web\/dpto\/formacion-profesional\/inscripcion-2022-2023\/ciclos-niveles-fp\" target=\"_blank\" rel=\"noreferrer noopener\">Nueva Oferta formativa FP Navarra 2022-2023<\/a><\/p>\n<!-- \/wp:paragraph -->\n\n<!-- wp:paragraph -->\n<p><\/p>\n<!-- \/wp:paragraph -->\n\n<!-- wp:paragraph -->\n<p><a href=\"https:\/\/www.becaseducacion.gob.es\/becas-y-ayudas.html\" target=\"_blank\" rel=\"noreferrer noopener\">Becas<\/a>:  <strong>Plazo de <a href=\"https:\/\/sede.educacion.gob.es\/sede\/login\/inicio.jjsp?idConvocatoria=1707\" target=\"_blank\" rel=\"noreferrer noopener\">Solicitud<\/a> de Becas Ministerio de Educaci\u00f3n del 30 de marzo al 12 de mayo de 2022<\/strong><\/p>\n<!-- \/wp:paragraph -->\n\n<!-- wp:paragraph -->\n<p>Estudios ofertados CIP FP Sakana LH IIP 2022 2023: <a href=\"https:\/\/fpsakanalh.educacion.navarra.es\/web\/\" target=\"_blank\" rel=\"noreferrer noopener\">https:\/\/fpsakanalh.educacion.navarra.es\/web\/<\/a><\/p>\n<!-- \/wp:paragraph --><\/div>\n<!-- \/wp:group -->\n\n<!-- wp:paragraph -->\n<p><\/p>\n<!-- \/wp:paragraph -->\n\n<!-- wp:paragraph -->\n<p><\/p>\n<!-- \/wp:paragraph -->\n\n<!-- wp:paragraph -->\n<p><\/p>\n<!-- \/wp:paragraph -->\n\n<!-- wp:paragraph -->\n<p><\/p>\n<!-- \/wp:paragraph -->","_et_gb_content_width":"1080"},"yoast_head":"<!-- This site is optimized with the Yoast SEO plugin v19.13 - https:\/\/yoast.com\/wordpress\/plugins\/seo\/ -->\n<title>Enlaces de Inter\u00e9s - CIP Sakana<\/title>\n<meta name=\"robots\" content=\"index, follow, max-snippet:-1, max-image-preview:large, max-video-preview:-1\" \/>\n<link rel=\"canonical\" href=\"https:\/\/fpsakanalh.educacion.navarra.es\/web\/enlaces-de-interes\/\" \/>\n<meta property=\"og:locale\" content=\"es_ES\" \/>\n<meta property=\"og:type\" content=\"article\" \/>\n<meta property=\"og:title\" content=\"Enlaces de Inter\u00e9s - CIP Sakana\" \/>\n<meta property=\"og:description\" content=\"[et_pb_section fb_built=\u00bb1&#8243; admin_label=\u00bbsection\u00bb _builder_version=\u00bb3.22&#8243;][et_pb_row admin_label=\u00bbrow\u00bb _builder_version=\u00bb3.25&#8243; background_size=\u00bbinitial\u00bb background_position=\u00bbtop_left\u00bb background_repeat=\u00bbrepeat\u00bb custom_margin=\u00bb|auto||380px||\u00bb][et_pb_column type=\u00bb4_4&#8243; _builder_version=\u00bb3.25&#8243; custom_padding=\u00bb|||\u00bb custom_padding__hover=\u00bb|||\u00bb][et_pb_text admin_label=\u00bbText\u00bb _builder_version=\u00bb3.27.4&#8243; background_size=\u00bbinitial\u00bb background_position=\u00bbtop_left\u00bb background_repeat=\u00bbrepeat\u00bb width=\u00bb100%\u00bb] Enlaces de inter\u00e9s para el alumnado: Impresos m\u00e1s utilizados: (para poder rellenar el impreso desde el ordenador debes hacerte una copia). Una vez lo tengas cumplimentado, entr\u00e9galo en la oficina para que lo cursen. Puedes [&hellip;]\" \/>\n<meta property=\"og:url\" content=\"https:\/\/fpsakanalh.educacion.navarra.es\/web\/enlaces-de-interes\/\" \/>\n<meta property=\"og:site_name\" content=\"CIP Sakana\" \/>\n<meta property=\"article:modified_time\" content=\"2025-06-13T06:52:16+00:00\" \/>\n<meta name=\"twitter:card\" content=\"summary_large_image\" \/>\n<meta name=\"twitter:label1\" content=\"Tiempo de lectura\" \/>\n\t<meta name=\"twitter:data1\" content=\"1 minuto\" \/>\n<script type=\"application\/ld+json\" class=\"yoast-schema-graph\">{\"@context\":\"https:\/\/schema.org\",\"@graph\":[{\"@type\":\"WebPage\",\"@id\":\"https:\/\/fpsakanalh.educacion.navarra.es\/web\/enlaces-de-interes\/\",\"url\":\"https:\/\/fpsakanalh.educacion.navarra.es\/web\/enlaces-de-interes\/\",\"name\":\"Enlaces de Inter\u00e9s - CIP Sakana\",\"isPartOf\":{\"@id\":\"https:\/\/fpsakanalh.educacion.navarra.es\/web\/#website\"},\"datePublished\":\"2021-04-09T09:14:56+00:00\",\"dateModified\":\"2025-06-13T06:52:16+00:00\",\"breadcrumb\":{\"@id\":\"https:\/\/fpsakanalh.educacion.navarra.es\/web\/enlaces-de-interes\/#breadcrumb\"},\"inLanguage\":\"es\",\"potentialAction\":[{\"@type\":\"ReadAction\",\"target\":[\"https:\/\/fpsakanalh.educacion.navarra.es\/web\/enlaces-de-interes\/\"]}]},{\"@type\":\"BreadcrumbList\",\"@id\":\"https:\/\/fpsakanalh.educacion.navarra.es\/web\/enlaces-de-interes\/#breadcrumb\",\"itemListElement\":[{\"@type\":\"ListItem\",\"position\":1,\"name\":\"Portada\",\"item\":\"https:\/\/fpsakanalh.educacion.navarra.es\/web\/\"},{\"@type\":\"ListItem\",\"position\":2,\"name\":\"Enlaces de Inter\u00e9s\"}]},{\"@type\":\"WebSite\",\"@id\":\"https:\/\/fpsakanalh.educacion.navarra.es\/web\/#website\",\"url\":\"https:\/\/fpsakanalh.educacion.navarra.es\/web\/\",\"name\":\"CIP Sakana\",\"description\":\"Sitio web del CIP Sakana\",\"potentialAction\":[{\"@type\":\"SearchAction\",\"target\":{\"@type\":\"EntryPoint\",\"urlTemplate\":\"https:\/\/fpsakanalh.educacion.navarra.es\/web\/?s={search_term_string}\"},\"query-input\":\"required name=search_term_string\"}],\"inLanguage\":\"es\"}]}<\/script>\n<!-- \/ Yoast SEO plugin. -->","yoast_head_json":{"title":"Enlaces de Inter\u00e9s - CIP Sakana","robots":{"index":"index","follow":"follow","max-snippet":"max-snippet:-1","max-image-preview":"max-image-preview:large","max-video-preview":"max-video-preview:-1"},"canonical":"https:\/\/fpsakanalh.educacion.navarra.es\/web\/enlaces-de-interes\/","og_locale":"es_ES","og_type":"article","og_title":"Enlaces de Inter\u00e9s - CIP Sakana","og_description":"[et_pb_section fb_built=\u00bb1&#8243; admin_label=\u00bbsection\u00bb _builder_version=\u00bb3.22&#8243;][et_pb_row admin_label=\u00bbrow\u00bb _builder_version=\u00bb3.25&#8243; background_size=\u00bbinitial\u00bb background_position=\u00bbtop_left\u00bb background_repeat=\u00bbrepeat\u00bb custom_margin=\u00bb|auto||380px||\u00bb][et_pb_column type=\u00bb4_4&#8243; _builder_version=\u00bb3.25&#8243; custom_padding=\u00bb|||\u00bb custom_padding__hover=\u00bb|||\u00bb][et_pb_text admin_label=\u00bbText\u00bb _builder_version=\u00bb3.27.4&#8243; background_size=\u00bbinitial\u00bb background_position=\u00bbtop_left\u00bb background_repeat=\u00bbrepeat\u00bb width=\u00bb100%\u00bb] Enlaces de inter\u00e9s para el alumnado: Impresos m\u00e1s utilizados: (para poder rellenar el impreso desde el ordenador debes hacerte una copia). Una vez lo tengas cumplimentado, entr\u00e9galo en la oficina para que lo cursen. Puedes [&hellip;]","og_url":"https:\/\/fpsakanalh.educacion.navarra.es\/web\/enlaces-de-interes\/","og_site_name":"CIP Sakana","article_modified_time":"2025-06-13T06:52:16+00:00","twitter_card":"summary_large_image","twitter_misc":{"Tiempo de lectura":"1 minuto"},"schema":{"@context":"https:\/\/schema.org","@graph":[{"@type":"WebPage","@id":"https:\/\/fpsakanalh.educacion.navarra.es\/web\/enlaces-de-interes\/","url":"https:\/\/fpsakanalh.educacion.navarra.es\/web\/enlaces-de-interes\/","name":"Enlaces de Inter\u00e9s - CIP Sakana","isPartOf":{"@id":"https:\/\/fpsakanalh.educacion.navarra.es\/web\/#website"},"datePublished":"2021-04-09T09:14:56+00:00","dateModified":"2025-06-13T06:52:16+00:00","breadcrumb":{"@id":"https:\/\/fpsakanalh.educacion.navarra.es\/web\/enlaces-de-interes\/#breadcrumb"},"inLanguage":"es","potentialAction":[{"@type":"ReadAction","target":["https:\/\/fpsakanalh.educacion.navarra.es\/web\/enlaces-de-interes\/"]}]},{"@type":"BreadcrumbList","@id":"https:\/\/fpsakanalh.educacion.navarra.es\/web\/enlaces-de-interes\/#breadcrumb","itemListElement":[{"@type":"ListItem","position":1,"name":"Portada","item":"https:\/\/fpsakanalh.educacion.navarra.es\/web\/"},{"@type":"ListItem","position":2,"name":"Enlaces de Inter\u00e9s"}]},{"@type":"WebSite","@id":"https:\/\/fpsakanalh.educacion.navarra.es\/web\/#website","url":"https:\/\/fpsakanalh.educacion.navarra.es\/web\/","name":"CIP Sakana","description":"Sitio web del CIP Sakana","potentialAction":[{"@type":"SearchAction","target":{"@type":"EntryPoint","urlTemplate":"https:\/\/fpsakanalh.educacion.navarra.es\/web\/?s={search_term_string}"},"query-input":"required name=search_term_string"}],"inLanguage":"es"}]}},"_links":{"self":[{"href":"https:\/\/fpsakanalh.educacion.navarra.es\/web\/wp-json\/wp\/v2\/pages\/5144"}],"collection":[{"href":"https:\/\/fpsakanalh.educacion.navarra.es\/web\/wp-json\/wp\/v2\/pages"}],"about":[{"href":"https:\/\/fpsakanalh.educacion.navarra.es\/web\/wp-json\/wp\/v2\/types\/page"}],"author":[{"embeddable":true,"href":"https:\/\/fpsakanalh.educacion.navarra.es\/web\/wp-json\/wp\/v2\/users\/7"}],"replies":[{"embeddable":true,"href":"https:\/\/fpsakanalh.educacion.navarra.es\/web\/wp-json\/wp\/v2\/comments?post=5144"}],"version-history":[{"count":70,"href":"https:\/\/fpsakanalh.educacion.navarra.es\/web\/wp-json\/wp\/v2\/pages\/5144\/revisions"}],"predecessor-version":[{"id":9792,"href":"https:\/\/fpsakanalh.educacion.navarra.es\/web\/wp-json\/wp\/v2\/pages\/5144\/revisions\/9792"}],"wp:attachment":[{"href":"https:\/\/fpsakanalh.educacion.navarra.es\/web\/wp-json\/wp\/v2\/media?parent=5144"}],"curies":[{"name":"wp","href":"https:\/\/api.w.org\/{rel}","templated":true}]}}