{"id":5793,"date":"2021-06-01T14:13:29","date_gmt":"2021-06-01T12:13:29","guid":{"rendered":"https:\/\/fpsakanalh.educacion.navarra.es\/web\/?page_id=5793"},"modified":"2025-06-19T13:20:43","modified_gmt":"2025-06-19T11:20:43","slug":"horario-y-calendario-escolar","status":"publish","type":"page","link":"https:\/\/fpsakanalh.educacion.navarra.es\/web\/horario-y-calendario-escolar\/","title":{"rendered":"Horario y Calendario Escolar"},"content":{"rendered":"<p>[et_pb_section fb_built=\u00bb1&#8243; admin_label=\u00bbsection\u00bb _builder_version=\u00bb3.22&#8243;][et_pb_row admin_label=\u00bbrow\u00bb _builder_version=\u00bb3.25&#8243; background_size=\u00bbinitial\u00bb background_position=\u00bbtop_left\u00bb background_repeat=\u00bbrepeat\u00bb][et_pb_column type=\u00bb4_4&#8243; _builder_version=\u00bb3.25&#8243; custom_padding=\u00bb|||\u00bb custom_padding__hover=\u00bb|||\u00bb][et_pb_text admin_label=\u00bbText\u00bb _builder_version=\u00bb3.27.4&#8243; background_size=\u00bbinitial\u00bb background_position=\u00bbtop_left\u00bb background_repeat=\u00bbrepeat\u00bb]<\/p>\n<p><img loading=\"lazy\" class=\"alignnone size-full wp-image-9800\" src=\"https:\/\/fpsakanalh.educacion.navarra.es\/web\/wp-content\/uploads\/2025\/06\/Calendario-25-26.jpg\" alt=\"\" width=\"1098\" height=\"660\" srcset=\"https:\/\/fpsakanalh.educacion.navarra.es\/web\/wp-content\/uploads\/2025\/06\/Calendario-25-26.jpg 1098w, https:\/\/fpsakanalh.educacion.navarra.es\/web\/wp-content\/uploads\/2025\/06\/Calendario-25-26-980x589.jpg 980w, https:\/\/fpsakanalh.educacion.navarra.es\/web\/wp-content\/uploads\/2025\/06\/Calendario-25-26-480x289.jpg 480w\" sizes=\"(min-width: 0px) and (max-width: 480px) 480px, (min-width: 481px) and (max-width: 980px) 980px, (min-width: 981px) 1098px, 100vw\" \/><\/p>\n<h2 style=\"text-align: center\"><\/h2>\n<h2 style=\"text-align: center\"><\/h2>\n<h2 style=\"text-align: center\"><\/h2>\n<h2 style=\"text-align: center\"><\/h2>\n<h2 style=\"text-align: center\"><\/h2>\n<h2 style=\"text-align: center\"><\/h2>\n<h2 style=\"text-align: center\">Calendario<\/h2>\n<p>En el siguiente enlace podr\u00e1s consultar el calendario escolar de cada especialidad por evaluaciones. Para ello deber\u00e1s seleccionar la pesta\u00f1a correspondiente al ciclo que quieras consultar.<\/p>\n<div class=\"wp-block-buttons\">\n<div class=\"wp-block-button\" style=\"padding-left: 440px\"><a class=\"wp-block-button__link\" href=\"https:\/\/docs.google.com\/spreadsheets\/d\/1dEsvrIIqOhGk5MBWvcl-k9r0svo4pAG4oraIg1_WGOA\/edit?usp=sharing\" target=\"_blank\" rel=\"noreferrer noopener\">Calendarios por Ciclos<\/a><\/div>\n<\/div>\n<h2><\/h2>\n<h2 style=\"text-align: center\"><\/h2>\n<h2 style=\"text-align: center\"><\/h2>\n<h2 style=\"text-align: center\"><\/h2>\n<h2 style=\"text-align: center\"><\/h2>\n<h2 style=\"text-align: center\"><\/h2>\n<h2 style=\"text-align: center\"><\/h2>\n<h2 style=\"text-align: center\"><\/h2>\n<h2 style=\"text-align: center\"><\/h2>\n<h2 style=\"text-align: center\">Horario escolar<\/h2>\n<p><span style=\"font-weight: 400\">El comienzo de las clases es a las 8:10 de la ma\u00f1ana. Aunque la duraci\u00f3n de las clases es de 55 minutos, es frecuente que la distribuci\u00f3n horaria de las clases tenga bloques de dos o tres horas del mismo m\u00f3dulo (talleres).<\/span><\/p>\n<p><i><span style=\"font-weight: 400\">Entre clases<\/span><\/i><span style=\"font-weight: 400\">: Existe un timbre que marca la finalizaci\u00f3n de cada clase, y otro a los 3 minutos que marca el comienzo de la siguiente.<\/span><span style=\"font-weight: 400\"> El tiempo de finalizaci\u00f3n de una clase y comienzo de otra, es utilizado para cambiar de materia y estar preparados para el comienzo de la misma.<\/span><\/p>\n<p><span style=\"font-weight: 400\">El <\/span><i><span style=\"font-weight: 400\">recreo<\/span><\/i><span style=\"font-weight: 400\"> tiene una duraci\u00f3n de media hora. De 10:55 &#8211; 11:25h, todo el alumnado deber\u00e1 estar puntual al comienzo de la cuarta hora.<\/span><\/p>\n<p><span style=\"font-weight: 400\">Las clases <\/span><i><span style=\"font-weight: 400\">finalizan<\/span><\/i><span style=\"font-weight: 400\"> a las 14:10.\u00a0<\/span><\/p>\n<div class=\"wp-block-buttons\">\n<div class=\"wp-block-button\" style=\"padding-left: 440px\"><a class=\"wp-block-button__link\" href=\"https:\/\/drive.google.com\/drive\/folders\/1-xk4JD1XmIjVa_Z9qtNMifTbUFeTQJYs?usp=sharing\">Horarios por ciclos <\/a><\/div>\n<\/div>\n<div class=\"wp-block-columns\">\n<div class=\"wp-block-column\" style=\"flex-basis: 100%\"><\/div>\n<\/div>\n<p>[\/et_pb_text][\/et_pb_column][\/et_pb_row][\/et_pb_section]<\/p>\n","protected":false},"excerpt":{"rendered":"<p>[et_pb_section fb_built=\u00bb1&#8243; admin_label=\u00bbsection\u00bb _builder_version=\u00bb3.22&#8243;][et_pb_row admin_label=\u00bbrow\u00bb _builder_version=\u00bb3.25&#8243; background_size=\u00bbinitial\u00bb background_position=\u00bbtop_left\u00bb background_repeat=\u00bbrepeat\u00bb][et_pb_column type=\u00bb4_4&#8243; _builder_version=\u00bb3.25&#8243; custom_padding=\u00bb|||\u00bb custom_padding__hover=\u00bb|||\u00bb][et_pb_text admin_label=\u00bbText\u00bb _builder_version=\u00bb3.27.4&#8243; background_size=\u00bbinitial\u00bb background_position=\u00bbtop_left\u00bb background_repeat=\u00bbrepeat\u00bb] Calendario En el siguiente enlace podr\u00e1s consultar el calendario escolar de cada especialidad por evaluaciones. Para ello deber\u00e1s seleccionar la pesta\u00f1a correspondiente al ciclo que quieras consultar. Calendarios por Ciclos Horario escolar El comienzo de las clases [&hellip;]<\/p>\n","protected":false},"author":5,"featured_media":0,"parent":0,"menu_order":0,"comment_status":"closed","ping_status":"closed","template":"","meta":{"_et_pb_use_builder":"on","_et_pb_old_content":"<!-- wp:tadv\/classic-paragraph \/-->\n\n<!-- wp:tadv\/classic-paragraph -->\n<p><img class=\"alignnone size-full wp-image-8139\" src=\"https:\/\/fpsakanalh.educacion.navarra.es\/web\/wp-content\/uploads\/2023\/06\/calendario23-24.png\" alt=\"\" width=\"1008\" height=\"462\"><\/p>\n<!-- \/wp:tadv\/classic-paragraph -->\n\n<h2>Calendario<\/h2>\n<p>En el siguiente enlace podr\u00e1s consultar el calendario escolar de cada especialidad por evaluaciones. Para ello deber\u00e1s seleccionar la pesta\u00f1a correspondiente al ciclo que quieras consultar.\u00a0<\/p>\n<p>\u00a0<\/p>\n\n<!-- wp:buttons {\"layout\":{\"type\":\"flex\",\"justifyContent\":\"center\",\"orientation\":\"horizontal\"}} -->\n<div class=\"wp-block-buttons\"><!-- wp:button -->\n<div class=\"wp-block-button\"><a class=\"wp-block-button__link\" href=\"https:\/\/docs.google.com\/spreadsheets\/d\/1dEsvrIIqOhGk5MBWvcl-k9r0svo4pAG4oraIg1_WGOA\/edit?usp=sharing\" target=\"_blank\" rel=\"noreferrer noopener\">Calendarios por Ciclos<\/a><\/div>\n<!-- \/wp:button --><\/div>\n<!-- \/wp:buttons -->\n\n<!-- wp:tadv\/classic-paragraph -->\n<h2>\u00a0<\/h2>\n<h2>Horario escolar<\/h2>\n<p><span style=\"font-weight: 400\">El comienzo de las clases es a las 8:10 de la ma\u00f1ana. Aunque la duraci\u00f3n de las clases es de 55 minutos, es frecuente que la distribuci\u00f3n horaria de las clases tenga bloques de dos o tres horas del mismo m\u00f3dulo (talleres).<\/span><\/p>\n<p><i><span style=\"font-weight: 400\">Entre clases<\/span><\/i><span style=\"font-weight: 400\">: Existe un timbre que marca la finalizaci\u00f3n de cada clase, y otro a los 3 minutos que marca el comienzo de la siguiente.<\/span><span style=\"font-weight: 400\"> El tiempo de finalizaci\u00f3n de una clase y comienzo de otra, es utilizado para cambiar de materia y estar preparados para el comienzo de la misma.<\/span><\/p>\n<p><span style=\"font-weight: 400\">El <\/span><i><span style=\"font-weight: 400\">recreo<\/span><\/i><span style=\"font-weight: 400\"> tiene una duraci\u00f3n de media hora. De 10:55 - 11:25h, todo el alumnado deber\u00e1 estar puntual al comienzo de la cuarta hora.<\/span><\/p>\n<p><span style=\"font-weight: 400\">Las clases <\/span><i><span style=\"font-weight: 400\">finalizan<\/span><\/i><span style=\"font-weight: 400\"> a las 14:10.\u00a0<\/span><\/p>\n<p>\u00a0<\/p>\n<p>\u00a0<\/p>\n<!-- \/wp:tadv\/classic-paragraph -->\n\n<!-- wp:buttons {\"layout\":{\"type\":\"flex\",\"justifyContent\":\"center\",\"orientation\":\"horizontal\"}} -->\n<div class=\"wp-block-buttons\"><!-- wp:button -->\n<div class=\"wp-block-button\"><a class=\"wp-block-button__link\">Horarios por ciclos <\/a><\/div>\n<!-- \/wp:button --><\/div>\n<!-- \/wp:buttons -->\n\n<!-- wp:columns -->\n<div class=\"wp-block-columns\"><!-- wp:column {\"width\":\"100%\"} -->\n<div class=\"wp-block-column\" style=\"flex-basis:100%\"><\/div>\n<!-- \/wp:column --><\/div>\n<!-- \/wp:columns -->","_et_gb_content_width":""},"yoast_head":"<!-- This site is optimized with the Yoast SEO plugin v19.13 - https:\/\/yoast.com\/wordpress\/plugins\/seo\/ -->\n<title>Horario y Calendario Escolar - CIP Sakana<\/title>\n<meta name=\"robots\" content=\"index, follow, max-snippet:-1, max-image-preview:large, max-video-preview:-1\" \/>\n<link rel=\"canonical\" href=\"https:\/\/fpsakanalh.educacion.navarra.es\/web\/horario-y-calendario-escolar\/\" \/>\n<meta property=\"og:locale\" content=\"es_ES\" \/>\n<meta property=\"og:type\" content=\"article\" \/>\n<meta property=\"og:title\" content=\"Horario y Calendario Escolar - CIP Sakana\" \/>\n<meta property=\"og:description\" content=\"[et_pb_section fb_built=\u00bb1&#8243; admin_label=\u00bbsection\u00bb _builder_version=\u00bb3.22&#8243;][et_pb_row admin_label=\u00bbrow\u00bb _builder_version=\u00bb3.25&#8243; background_size=\u00bbinitial\u00bb background_position=\u00bbtop_left\u00bb background_repeat=\u00bbrepeat\u00bb][et_pb_column type=\u00bb4_4&#8243; _builder_version=\u00bb3.25&#8243; custom_padding=\u00bb|||\u00bb custom_padding__hover=\u00bb|||\u00bb][et_pb_text admin_label=\u00bbText\u00bb _builder_version=\u00bb3.27.4&#8243; background_size=\u00bbinitial\u00bb background_position=\u00bbtop_left\u00bb background_repeat=\u00bbrepeat\u00bb] Calendario En el siguiente enlace podr\u00e1s consultar el calendario escolar de cada especialidad por evaluaciones. Para ello deber\u00e1s seleccionar la pesta\u00f1a correspondiente al ciclo que quieras consultar. Calendarios por Ciclos Horario escolar El comienzo de las clases [&hellip;]\" \/>\n<meta property=\"og:url\" content=\"https:\/\/fpsakanalh.educacion.navarra.es\/web\/horario-y-calendario-escolar\/\" \/>\n<meta property=\"og:site_name\" content=\"CIP Sakana\" \/>\n<meta property=\"article:modified_time\" content=\"2025-06-19T11:20:43+00:00\" \/>\n<meta property=\"og:image\" content=\"https:\/\/fpsakanalh.educacion.navarra.es\/web\/wp-content\/uploads\/2025\/06\/Calendario-25-26.jpg\" \/>\n<meta name=\"twitter:card\" content=\"summary_large_image\" \/>\n<meta name=\"twitter:label1\" content=\"Tiempo de lectura\" \/>\n\t<meta name=\"twitter:data1\" content=\"2 minutos\" \/>\n<script type=\"application\/ld+json\" class=\"yoast-schema-graph\">{\"@context\":\"https:\/\/schema.org\",\"@graph\":[{\"@type\":\"WebPage\",\"@id\":\"https:\/\/fpsakanalh.educacion.navarra.es\/web\/horario-y-calendario-escolar\/\",\"url\":\"https:\/\/fpsakanalh.educacion.navarra.es\/web\/horario-y-calendario-escolar\/\",\"name\":\"Horario y Calendario Escolar - CIP Sakana\",\"isPartOf\":{\"@id\":\"https:\/\/fpsakanalh.educacion.navarra.es\/web\/#website\"},\"datePublished\":\"2021-06-01T12:13:29+00:00\",\"dateModified\":\"2025-06-19T11:20:43+00:00\",\"breadcrumb\":{\"@id\":\"https:\/\/fpsakanalh.educacion.navarra.es\/web\/horario-y-calendario-escolar\/#breadcrumb\"},\"inLanguage\":\"es\",\"potentialAction\":[{\"@type\":\"ReadAction\",\"target\":[\"https:\/\/fpsakanalh.educacion.navarra.es\/web\/horario-y-calendario-escolar\/\"]}]},{\"@type\":\"BreadcrumbList\",\"@id\":\"https:\/\/fpsakanalh.educacion.navarra.es\/web\/horario-y-calendario-escolar\/#breadcrumb\",\"itemListElement\":[{\"@type\":\"ListItem\",\"position\":1,\"name\":\"Portada\",\"item\":\"https:\/\/fpsakanalh.educacion.navarra.es\/web\/\"},{\"@type\":\"ListItem\",\"position\":2,\"name\":\"Horario y Calendario Escolar\"}]},{\"@type\":\"WebSite\",\"@id\":\"https:\/\/fpsakanalh.educacion.navarra.es\/web\/#website\",\"url\":\"https:\/\/fpsakanalh.educacion.navarra.es\/web\/\",\"name\":\"CIP Sakana\",\"description\":\"Sitio web del CIP Sakana\",\"potentialAction\":[{\"@type\":\"SearchAction\",\"target\":{\"@type\":\"EntryPoint\",\"urlTemplate\":\"https:\/\/fpsakanalh.educacion.navarra.es\/web\/?s={search_term_string}\"},\"query-input\":\"required name=search_term_string\"}],\"inLanguage\":\"es\"}]}<\/script>\n<!-- \/ Yoast SEO plugin. -->","yoast_head_json":{"title":"Horario y Calendario Escolar - CIP Sakana","robots":{"index":"index","follow":"follow","max-snippet":"max-snippet:-1","max-image-preview":"max-image-preview:large","max-video-preview":"max-video-preview:-1"},"canonical":"https:\/\/fpsakanalh.educacion.navarra.es\/web\/horario-y-calendario-escolar\/","og_locale":"es_ES","og_type":"article","og_title":"Horario y Calendario Escolar - CIP Sakana","og_description":"[et_pb_section fb_built=\u00bb1&#8243; admin_label=\u00bbsection\u00bb _builder_version=\u00bb3.22&#8243;][et_pb_row admin_label=\u00bbrow\u00bb _builder_version=\u00bb3.25&#8243; background_size=\u00bbinitial\u00bb background_position=\u00bbtop_left\u00bb background_repeat=\u00bbrepeat\u00bb][et_pb_column type=\u00bb4_4&#8243; _builder_version=\u00bb3.25&#8243; custom_padding=\u00bb|||\u00bb custom_padding__hover=\u00bb|||\u00bb][et_pb_text admin_label=\u00bbText\u00bb _builder_version=\u00bb3.27.4&#8243; background_size=\u00bbinitial\u00bb background_position=\u00bbtop_left\u00bb background_repeat=\u00bbrepeat\u00bb] Calendario En el siguiente enlace podr\u00e1s consultar el calendario escolar de cada especialidad por evaluaciones. Para ello deber\u00e1s seleccionar la pesta\u00f1a correspondiente al ciclo que quieras consultar. Calendarios por Ciclos Horario escolar El comienzo de las clases [&hellip;]","og_url":"https:\/\/fpsakanalh.educacion.navarra.es\/web\/horario-y-calendario-escolar\/","og_site_name":"CIP Sakana","article_modified_time":"2025-06-19T11:20:43+00:00","og_image":[{"url":"https:\/\/fpsakanalh.educacion.navarra.es\/web\/wp-content\/uploads\/2025\/06\/Calendario-25-26.jpg"}],"twitter_card":"summary_large_image","twitter_misc":{"Tiempo de lectura":"2 minutos"},"schema":{"@context":"https:\/\/schema.org","@graph":[{"@type":"WebPage","@id":"https:\/\/fpsakanalh.educacion.navarra.es\/web\/horario-y-calendario-escolar\/","url":"https:\/\/fpsakanalh.educacion.navarra.es\/web\/horario-y-calendario-escolar\/","name":"Horario y Calendario Escolar - CIP Sakana","isPartOf":{"@id":"https:\/\/fpsakanalh.educacion.navarra.es\/web\/#website"},"datePublished":"2021-06-01T12:13:29+00:00","dateModified":"2025-06-19T11:20:43+00:00","breadcrumb":{"@id":"https:\/\/fpsakanalh.educacion.navarra.es\/web\/horario-y-calendario-escolar\/#breadcrumb"},"inLanguage":"es","potentialAction":[{"@type":"ReadAction","target":["https:\/\/fpsakanalh.educacion.navarra.es\/web\/horario-y-calendario-escolar\/"]}]},{"@type":"BreadcrumbList","@id":"https:\/\/fpsakanalh.educacion.navarra.es\/web\/horario-y-calendario-escolar\/#breadcrumb","itemListElement":[{"@type":"ListItem","position":1,"name":"Portada","item":"https:\/\/fpsakanalh.educacion.navarra.es\/web\/"},{"@type":"ListItem","position":2,"name":"Horario y Calendario Escolar"}]},{"@type":"WebSite","@id":"https:\/\/fpsakanalh.educacion.navarra.es\/web\/#website","url":"https:\/\/fpsakanalh.educacion.navarra.es\/web\/","name":"CIP Sakana","description":"Sitio web del CIP Sakana","potentialAction":[{"@type":"SearchAction","target":{"@type":"EntryPoint","urlTemplate":"https:\/\/fpsakanalh.educacion.navarra.es\/web\/?s={search_term_string}"},"query-input":"required name=search_term_string"}],"inLanguage":"es"}]}},"_links":{"self":[{"href":"https:\/\/fpsakanalh.educacion.navarra.es\/web\/wp-json\/wp\/v2\/pages\/5793"}],"collection":[{"href":"https:\/\/fpsakanalh.educacion.navarra.es\/web\/wp-json\/wp\/v2\/pages"}],"about":[{"href":"https:\/\/fpsakanalh.educacion.navarra.es\/web\/wp-json\/wp\/v2\/types\/page"}],"author":[{"embeddable":true,"href":"https:\/\/fpsakanalh.educacion.navarra.es\/web\/wp-json\/wp\/v2\/users\/5"}],"replies":[{"embeddable":true,"href":"https:\/\/fpsakanalh.educacion.navarra.es\/web\/wp-json\/wp\/v2\/comments?post=5793"}],"version-history":[{"count":55,"href":"https:\/\/fpsakanalh.educacion.navarra.es\/web\/wp-json\/wp\/v2\/pages\/5793\/revisions"}],"predecessor-version":[{"id":9801,"href":"https:\/\/fpsakanalh.educacion.navarra.es\/web\/wp-json\/wp\/v2\/pages\/5793\/revisions\/9801"}],"wp:attachment":[{"href":"https:\/\/fpsakanalh.educacion.navarra.es\/web\/wp-json\/wp\/v2\/media?parent=5793"}],"curies":[{"name":"wp","href":"https:\/\/api.w.org\/{rel}","templated":true}]}}