{"id":5847,"date":"2021-06-04T11:38:24","date_gmt":"2021-06-04T09:38:24","guid":{"rendered":"https:\/\/fpsakanalh.educacion.navarra.es\/web\/?page_id=5847"},"modified":"2022-10-13T11:46:21","modified_gmt":"2022-10-13T09:46:21","slug":"bolsa-de-trabajo","status":"publish","type":"page","link":"https:\/\/fpsakanalh.educacion.navarra.es\/web\/bolsa-de-trabajo\/","title":{"rendered":"Bolsa de Trabajo"},"content":{"rendered":"<p>[et_pb_section fb_built=\u00bb1&#8243; _builder_version=\u00bb3.22&#8243;][et_pb_row _builder_version=\u00bb3.25&#8243; background_size=\u00bbinitial\u00bb background_position=\u00bbtop_left\u00bb background_repeat=\u00bbrepeat\u00bb][et_pb_column type=\u00bb4_4&#8243; _builder_version=\u00bb3.25&#8243; custom_padding=\u00bb|||\u00bb custom_padding__hover=\u00bb|||\u00bb][et_pb_text _builder_version=\u00bb3.27.4&#8243; background_size=\u00bbinitial\u00bb background_position=\u00bbtop_left\u00bb background_repeat=\u00bbrepeat\u00bb]<!-- divi:tadv\/classic-paragraph \/--><\/p>\n<p>&nbsp;<\/p>\n<p>&nbsp;<\/p>\n<p>&nbsp;<\/p>\n<p>&nbsp;<\/p>\n<p>&nbsp;<\/p>\n<p>&nbsp;<\/p>\n<p>&nbsp;<\/p>\n<p>&nbsp;<\/p>\n<p><!-- divi:tadv\/classic-paragraph --><\/p>\n<h2><img loading=\"lazy\" class=\"alignnone  wp-image-5853 aligncenter\" src=\"https:\/\/fpsakanalh.educacion.navarra.es\/web\/wp-content\/uploads\/2021\/06\/question-mark-96286_1920-300x210.jpg\" alt=\"\" width=\"394\" height=\"276\" \/><\/h2>\n<h2>\u00a0<\/h2>\n<h2 style=\"text-align: center\"><span style=\"color: #000000\"><strong>\u00bfEST\u00c1S BUSCANDO TRABAJO?<\/strong><\/span><\/h2>\n<p>&nbsp;<\/p>\n<p><span style=\"color: #000000\">Si te interesa recibir por correo electr\u00f3nico las ofertas de trabajo que nos lleguen al centro, debes rellenar el siguiente formulario.<\/span><\/p>\n<p><span style=\"color: #000000\">Este formulario permite darte de alta, modificar o borrar los datos de la bolsa de trabajo del CIP FP Sakana LH IIP. Una vez te hayas dado de alta en la bolsa de trabajo, se te enviar\u00e1n al correo electr\u00f3nico que indiques las ofertas de trabajo que el centro reciba correspondientes a los estudios que hayas finalizado en el Centro.<\/span><\/p>\n<p><span style=\"color: #000000\">Asimismo, puedes proceder a darte de alta cuantas veces desees, sobre todo si quieres cambiar el correo electr\u00f3nico al que enviarte las comunicaciones.<\/span><\/p>\n<p>&nbsp;<\/p>\n<p>\u00a0 \u00a0 \u00a0 \u00a0 \u00a0 \u00a0 \u00a0 \u00a0 \u00a0 \u00a0 \u00a0 \u00a0 \u00a0 \u00a0 \u00a0 \u00a0 \u00a0 \u00a0 \u00a0 \u00a0 \u00a0 \u00a0 \u00a0 \u00a0 \u00a0 \u00a0 \u00a0 \u00a0 \u00a0 \u00a0 \u00a0 \u00a0 \u00a0 \u00a0 \u00a0 \u00a0 \u00a0 \u00a0 \u00a0 \u00a0 \u00a0 \u00a0 \u00a0 \u00a0 \u00a0 \u00a0 \u00a0 \u00a0 \u00a0 \u00a0 \u00a0 \u00a0 \u00a0 \u00a0 \u00a0 \u00a0 \u00a0 \u00a0 \u00a0 \u00a0 \u00a0 \u00a0 \u00a0 \u00a0 \u00a0 <a class=\"wp-block-button__link\" href=\"https:\/\/forms.gle\/ugf8FF5UCNBgCU2z5\" target=\"_blank\" rel=\"noreferrer noopener\">Formulario<\/a><\/p>\n<p>&nbsp;<\/p>\n<p>&nbsp;<\/p>\n<p>&nbsp;<\/p>\n<h2>\u00a0<\/h2>\n<h2 style=\"text-align: center\"><span style=\"color: #000000\"><strong>\u00bfNECESITAS PERSONAL CUALIFICADO EN TU EMPRESA?<\/strong><\/span><\/h2>\n<p>&nbsp;<\/p>\n<p><span style=\"color: #000000\">Puedes ponerte en contacto con el CIP FP Sakana HL IIP, para enviarnos una oferta de trabajo . <\/span><span style=\"color: #000000\">Una vez nos llegue la oferta de trabajo, nosotros nos encargaremos de enviarla a todo el alumnado inscrito en la Bolsa de Trabajo del CIP FP Sakana LH IIP en la especialidad se\u00f1alada. La solicitud puedes realizarla dirigi\u00e9ndote al <strong>Responsable de Relaciones Externas<\/strong> de una de las siguientes maneras:<\/span><\/p>\n<ol>\n<li style=\"list-style-type: none\">\n<ol>\n<li><span style=\"color: #000000\">Enviando un email a: \u00ab<a class=\"rABsFf RffVmb AL18ce\" href=\"mailto:ifpalsasua.rex@educacion.navarra.es\" target=\"_blank\" rel=\"noopener\" data-tooltip-position=\"top\" data-tooltip=\"Del perfil de la organizaci\u00f3n del usuario\">ifpalsasua.rex@educacion.navarra.es<\/a>\u00bb\u00a0<\/span><\/li>\n<li><span style=\"color: #000000\">Llamando por tel\u00e9fono al: 948 564 815<\/span><\/li>\n<li><span style=\"color: #000000\">Rellenando el siguiente formulario. Oferta dirigida a:<\/span>\n<ul>\n<li><a href=\"https:\/\/forms.gle\/cwCVsATZERusS34M6\" target=\"_blank\" rel=\"noopener\">T\u00e9cnica Deportiva o T\u00e9cnico Deportivo en Escalada<\/a><\/li>\n<li><a href=\"https:\/\/forms.gle\/SRqiDqvbjLUN2a8J7\" target=\"_blank\" rel=\"noopener\">T\u00e9cnica Deportiva o T\u00e9cnico Deportivo en Media Monta\u00f1a<\/a><\/li>\n<li><a href=\"https:\/\/forms.gle\/3WwsvkHGuw4awwhF7\" target=\"_blank\" rel=\"noopener\">T\u00e9cnica o T\u00e9cnico en Atenci\u00f3n a personas en situaci\u00f3n de dependencia<\/a><\/li>\n<li><a href=\"https:\/\/docs.google.com\/forms\/d\/1L6Lxm5VXhVP4zAgVOtLgYOe6zaoASu8tytlqk8sUSFA\/edit?usp=sharing\" target=\"_blank\" rel=\"noopener\">T\u00e9cnico o T\u00e9cnica en Mantenimiento electromec\u00e1nico<\/a><\/li>\n<li><a href=\"https:\/\/forms.gle\/kLsetugeevFE4Hzu6\" target=\"_blank\" rel=\"noopener\">T\u00e9cnica o T\u00e9cnico en Soldadura y calderer\u00eda<\/a><\/li>\n<li><a href=\"https:\/\/forms.gle\/rcyPrj4cHJt3cmzXA\" target=\"_blank\" rel=\"noopener\">T\u00e9cnica o T\u00e9cnico Profesional B\u00e1sico en Servicios comerciales<\/a><\/li>\n<li><a href=\"https:\/\/forms.gle\/iEM1CKo2NoBUMV2m6\" target=\"_blank\" rel=\"noopener\">T\u00e9cnica o T\u00e9cnico Superior en Mecatr\u00f3nica industrial<\/a><\/li>\n<li><a href=\"https:\/\/forms.gle\/t4dhjFfS7dkmFvbQA\" target=\"_blank\" rel=\"noopener\">T\u00e9cnica o T\u00e9cnico Superior en Programaci\u00f3n de la producci\u00f3n en fabricaci\u00f3n mec\u00e1nica<\/a><\/li>\n<li><a href=\"https:\/\/forms.gle\/t4dhjFfS7dkmFvbQA\" target=\"_blank\" rel=\"noopener\">T\u00e9cnica o T\u00e9cnico en Sistemas microinform\u00e1ticos y Redes<\/a><\/li>\n<\/ul>\n<\/li>\n<\/ol>\n<\/li>\n<\/ol>\n<ul>\n<li style=\"list-style-type: none\">\u00a0<\/li>\n<\/ul>\n<p>&nbsp;<\/p>\n<p>&nbsp;<\/p>\n<p>&nbsp;<\/p>\n<p>&nbsp;<\/p>\n<p>&nbsp;<\/p>\n<p>&nbsp;<\/p>\n<p>&nbsp;<\/p>\n<p>&nbsp;<\/p>\n<p><!-- \/divi:tadv\/classic-paragraph -->[\/et_pb_text][\/et_pb_column][\/et_pb_row][\/et_pb_section]<\/p>\n","protected":false},"excerpt":{"rendered":"<p>[et_pb_section fb_built=\u00bb1&#8243; _builder_version=\u00bb3.22&#8243;][et_pb_row _builder_version=\u00bb3.25&#8243; background_size=\u00bbinitial\u00bb background_position=\u00bbtop_left\u00bb background_repeat=\u00bbrepeat\u00bb][et_pb_column type=\u00bb4_4&#8243; _builder_version=\u00bb3.25&#8243; custom_padding=\u00bb|||\u00bb custom_padding__hover=\u00bb|||\u00bb][et_pb_text _builder_version=\u00bb3.27.4&#8243; background_size=\u00bbinitial\u00bb background_position=\u00bbtop_left\u00bb background_repeat=\u00bbrepeat\u00bb] &nbsp; &nbsp; &nbsp; &nbsp; &nbsp; &nbsp; &nbsp; &nbsp; \u00a0 \u00bfEST\u00c1S BUSCANDO TRABAJO? &nbsp; Si te interesa recibir por correo electr\u00f3nico las ofertas de trabajo que nos lleguen al centro, debes rellenar el siguiente formulario. Este formulario permite darte de alta, [&hellip;]<\/p>\n","protected":false},"author":5,"featured_media":0,"parent":0,"menu_order":0,"comment_status":"closed","ping_status":"closed","template":"","meta":{"_et_pb_use_builder":"on","_et_pb_old_content":"<!-- wp:tadv\/classic-paragraph \/-->\n\n<!-- wp:tadv\/classic-paragraph -->\n<h2><img class=\"alignnone  wp-image-5853 aligncenter\" src=\"https:\/\/fpsakanalh.educacion.navarra.es\/web\/wp-content\/uploads\/2021\/06\/question-mark-96286_1920-300x210.jpg\" alt=\"\" width=\"394\" height=\"276\"><\/h2>\n<h2>&nbsp;<\/h2>\n<h2 style=\"text-align: center\"><span style=\"color: #000000\"><strong>\u00bfEST\u00c1S BUSCANDO TRABAJO?<\/strong><\/span><\/h2>\n<p>&nbsp;<\/p>\n<p><span style=\"color: #000000\">Si te interesa recibir por correo electr\u00f3nico las ofertas de trabajo que nos lleguen al centro, debes rellenar el siguiente formulario.<\/span><\/p>\n<p><span style=\"color: #000000\">Este formulario permite darte de alta, modificar o borrar los datos de la bolsa de trabajo del CIP FP Sakana LH IIP. Una vez te hayas dado de alta en la bolsa de trabajo, se te enviar\u00e1n al correo electr\u00f3nico que indiques las ofertas de trabajo que el centro reciba correspondientes a los estudios que hayas finalizado en el Centro.<\/span><\/p>\n<p><span style=\"color: #000000\">Asimismo, puedes proceder a darte de alta cuantas veces desees, sobre todo si quieres cambiar el correo electr\u00f3nico al que enviarte las comunicaciones.<\/span><\/p>\n<p>&nbsp;<\/p>\n<!-- \/wp:tadv\/classic-paragraph -->\n\n<!-- wp:buttons {\"contentJustification\":\"center\"} -->\n<div class=\"wp-block-buttons is-content-justification-center\"><!-- wp:button {\"className\":\"is-style-fill\"} -->\n<div class=\"wp-block-button is-style-fill\"><a class=\"wp-block-button__link\" href=\"https:\/\/forms.gle\/ugf8FF5UCNBgCU2z5\" target=\"_blank\" rel=\"noreferrer noopener\">Formulario <\/a><\/div>\n<!-- \/wp:button --><\/div>\n<!-- \/wp:buttons -->\n\n<!-- wp:tadv\/classic-paragraph -->\n<h2>\u00a0<\/h2>\n<h2>\u00a0<\/h2>\n<h2 style=\"text-align: center;\"><span style=\"color: #000000;\"><strong>\u00bfNECESITAS PERSONAL CUALIFICADO EN TU EMPRESA?<\/strong><\/span><\/h2>\n<p>\u00a0<\/p>\n<p><span style=\"color: #000000;\">Puedes ponerte en contacto con el CIP FP Sakana HL IIP, para enviarnos una oferta de trabajo . <\/span><span style=\"color: #000000;\">Una vez nos llegue la oferta de trabajo, nosotros nos encargaremos de enviarla a todo el alumnado inscrito en la Bolsa de Trabajo del CIP FP Sakana LH IIP en la especialidad se\u00f1alada. La solicitud puedes realizarla dirigi\u00e9ndote al <strong>Responsable de Relaciones Externas<\/strong> de una de las siguientes maneras:<\/span><\/p>\n<ol>\n<li style=\"list-style-type: none;\">\n<ol>\n<li><span style=\"color: #000000;\">Enviando un email a: \"<a class=\"rABsFf RffVmb AL18ce\" href=\"mailto:ifpalsasua.rex@educacion.navarra.es\" target=\"_blank\" rel=\"noopener\" data-tooltip-position=\"top\" data-tooltip=\"Del perfil de la organizaci\u00f3n del usuario\">ifpalsasua.rex@educacion.navarra.es<\/a>\"\u00a0<\/span><\/li>\n<li><span style=\"color: #000000;\">Llamando por tel\u00e9fono al: 948 564 815<\/span><\/li>\n<li><span style=\"color: #000000;\">Rellenando el siguiente formulario. Oferta dirigida a:<\/span>\u00a0\n<ul>\n<li><a href=\"https:\/\/forms.gle\/cwCVsATZERusS34M6\" target=\"_blank\" rel=\"noopener\">T\u00e9cnica Deportiva o T\u00e9cnico Deportivo en Escalada<\/a><\/li>\n<li><a href=\"https:\/\/forms.gle\/SRqiDqvbjLUN2a8J7\" target=\"_blank\" rel=\"noopener\">T\u00e9cnica Deportiva o T\u00e9cnico Deportivo en Media Monta\u00f1a<\/a><\/li>\n<li><a href=\"https:\/\/forms.gle\/3WwsvkHGuw4awwhF7\" target=\"_blank\" rel=\"noopener\">T\u00e9cnica o T\u00e9cnico en Atenci\u00f3n a personas en situaci\u00f3n de dependencia<\/a><\/li>\n<li><a href=\"https:\/\/docs.google.com\/forms\/d\/1L6Lxm5VXhVP4zAgVOtLgYOe6zaoASu8tytlqk8sUSFA\/edit?usp=sharing\" target=\"_blank\" rel=\"noopener\">T\u00e9cnico o T\u00e9cnica en Mantenimiento electromec\u00e1tico<\/a><\/li>\n<li><a href=\"https:\/\/forms.gle\/kLsetugeevFE4Hzu6\" target=\"_blank\" rel=\"noopener\">T\u00e9cnica o T\u00e9cnico en Soldadura y calderer\u00eda<\/a><\/li>\n<li><a href=\"https:\/\/forms.gle\/rcyPrj4cHJt3cmzXA\" target=\"_blank\" rel=\"noopener\">T\u00e9cnica o T\u00e9cnico Profesional B\u00e1sico en Servicios comerciales<\/a><\/li>\n<li><a href=\"https:\/\/forms.gle\/iEM1CKo2NoBUMV2m6\" target=\"_blank\" rel=\"noopener\">T\u00e9cnica o T\u00e9cnico Superior en Mecatr\u00f3nica industrial<\/a><\/li>\n<li>T<a href=\"https:\/\/forms.gle\/t4dhjFfS7dkmFvbQA\" target=\"_blank\" rel=\"noopener\">\u00e9cnica o T\u00e9cnico Superior en Programaci\u00f3n de la producci\u00f3n en fabricaci\u00f3n mec\u00e1nica<\/a><\/li>\n<\/ul>\n<\/li>\n<\/ol>\n<\/li>\n<\/ol>\n<ul>\n<li style=\"list-style-type: none;\">\u00a0<\/li>\n<\/ul>\n<!-- \/wp:tadv\/classic-paragraph -->","_et_gb_content_width":"1080"},"yoast_head":"<!-- This site is optimized with the Yoast SEO plugin v19.13 - https:\/\/yoast.com\/wordpress\/plugins\/seo\/ -->\n<title>Bolsa de Trabajo - CIP Sakana<\/title>\n<meta name=\"robots\" content=\"index, follow, max-snippet:-1, max-image-preview:large, max-video-preview:-1\" \/>\n<link rel=\"canonical\" href=\"https:\/\/fpsakanalh.educacion.navarra.es\/web\/bolsa-de-trabajo\/\" \/>\n<meta property=\"og:locale\" content=\"es_ES\" \/>\n<meta property=\"og:type\" content=\"article\" \/>\n<meta property=\"og:title\" content=\"Bolsa de Trabajo - CIP Sakana\" \/>\n<meta property=\"og:description\" content=\"[et_pb_section fb_built=\u00bb1&#8243; _builder_version=\u00bb3.22&#8243;][et_pb_row _builder_version=\u00bb3.25&#8243; background_size=\u00bbinitial\u00bb background_position=\u00bbtop_left\u00bb background_repeat=\u00bbrepeat\u00bb][et_pb_column type=\u00bb4_4&#8243; _builder_version=\u00bb3.25&#8243; custom_padding=\u00bb|||\u00bb custom_padding__hover=\u00bb|||\u00bb][et_pb_text _builder_version=\u00bb3.27.4&#8243; background_size=\u00bbinitial\u00bb background_position=\u00bbtop_left\u00bb background_repeat=\u00bbrepeat\u00bb] &nbsp; &nbsp; &nbsp; &nbsp; &nbsp; &nbsp; &nbsp; &nbsp; \u00a0 \u00bfEST\u00c1S BUSCANDO TRABAJO? &nbsp; Si te interesa recibir por correo electr\u00f3nico las ofertas de trabajo que nos lleguen al centro, debes rellenar el siguiente formulario. Este formulario permite darte de alta, [&hellip;]\" \/>\n<meta property=\"og:url\" content=\"https:\/\/fpsakanalh.educacion.navarra.es\/web\/bolsa-de-trabajo\/\" \/>\n<meta property=\"og:site_name\" content=\"CIP Sakana\" \/>\n<meta property=\"article:modified_time\" content=\"2022-10-13T09:46:21+00:00\" \/>\n<meta property=\"og:image\" content=\"https:\/\/fpsakanalh.educacion.navarra.es\/web\/wp-content\/uploads\/2021\/06\/question-mark-96286_1920-300x210.jpg\" \/>\n<meta name=\"twitter:card\" content=\"summary_large_image\" \/>\n<meta name=\"twitter:label1\" content=\"Tiempo de lectura\" \/>\n\t<meta name=\"twitter:data1\" content=\"2 minutos\" \/>\n<script type=\"application\/ld+json\" class=\"yoast-schema-graph\">{\"@context\":\"https:\/\/schema.org\",\"@graph\":[{\"@type\":\"WebPage\",\"@id\":\"https:\/\/fpsakanalh.educacion.navarra.es\/web\/bolsa-de-trabajo\/\",\"url\":\"https:\/\/fpsakanalh.educacion.navarra.es\/web\/bolsa-de-trabajo\/\",\"name\":\"Bolsa de Trabajo - CIP Sakana\",\"isPartOf\":{\"@id\":\"https:\/\/fpsakanalh.educacion.navarra.es\/web\/#website\"},\"datePublished\":\"2021-06-04T09:38:24+00:00\",\"dateModified\":\"2022-10-13T09:46:21+00:00\",\"breadcrumb\":{\"@id\":\"https:\/\/fpsakanalh.educacion.navarra.es\/web\/bolsa-de-trabajo\/#breadcrumb\"},\"inLanguage\":\"es\",\"potentialAction\":[{\"@type\":\"ReadAction\",\"target\":[\"https:\/\/fpsakanalh.educacion.navarra.es\/web\/bolsa-de-trabajo\/\"]}]},{\"@type\":\"BreadcrumbList\",\"@id\":\"https:\/\/fpsakanalh.educacion.navarra.es\/web\/bolsa-de-trabajo\/#breadcrumb\",\"itemListElement\":[{\"@type\":\"ListItem\",\"position\":1,\"name\":\"Portada\",\"item\":\"https:\/\/fpsakanalh.educacion.navarra.es\/web\/\"},{\"@type\":\"ListItem\",\"position\":2,\"name\":\"Bolsa de Trabajo\"}]},{\"@type\":\"WebSite\",\"@id\":\"https:\/\/fpsakanalh.educacion.navarra.es\/web\/#website\",\"url\":\"https:\/\/fpsakanalh.educacion.navarra.es\/web\/\",\"name\":\"CIP Sakana\",\"description\":\"Sitio web del CIP Sakana\",\"potentialAction\":[{\"@type\":\"SearchAction\",\"target\":{\"@type\":\"EntryPoint\",\"urlTemplate\":\"https:\/\/fpsakanalh.educacion.navarra.es\/web\/?s={search_term_string}\"},\"query-input\":\"required name=search_term_string\"}],\"inLanguage\":\"es\"}]}<\/script>\n<!-- \/ Yoast SEO plugin. -->","yoast_head_json":{"title":"Bolsa de Trabajo - CIP Sakana","robots":{"index":"index","follow":"follow","max-snippet":"max-snippet:-1","max-image-preview":"max-image-preview:large","max-video-preview":"max-video-preview:-1"},"canonical":"https:\/\/fpsakanalh.educacion.navarra.es\/web\/bolsa-de-trabajo\/","og_locale":"es_ES","og_type":"article","og_title":"Bolsa de Trabajo - CIP Sakana","og_description":"[et_pb_section fb_built=\u00bb1&#8243; _builder_version=\u00bb3.22&#8243;][et_pb_row _builder_version=\u00bb3.25&#8243; background_size=\u00bbinitial\u00bb background_position=\u00bbtop_left\u00bb background_repeat=\u00bbrepeat\u00bb][et_pb_column type=\u00bb4_4&#8243; _builder_version=\u00bb3.25&#8243; custom_padding=\u00bb|||\u00bb custom_padding__hover=\u00bb|||\u00bb][et_pb_text _builder_version=\u00bb3.27.4&#8243; background_size=\u00bbinitial\u00bb background_position=\u00bbtop_left\u00bb background_repeat=\u00bbrepeat\u00bb] &nbsp; &nbsp; &nbsp; &nbsp; &nbsp; &nbsp; &nbsp; &nbsp; \u00a0 \u00bfEST\u00c1S BUSCANDO TRABAJO? &nbsp; Si te interesa recibir por correo electr\u00f3nico las ofertas de trabajo que nos lleguen al centro, debes rellenar el siguiente formulario. Este formulario permite darte de alta, [&hellip;]","og_url":"https:\/\/fpsakanalh.educacion.navarra.es\/web\/bolsa-de-trabajo\/","og_site_name":"CIP Sakana","article_modified_time":"2022-10-13T09:46:21+00:00","og_image":[{"url":"https:\/\/fpsakanalh.educacion.navarra.es\/web\/wp-content\/uploads\/2021\/06\/question-mark-96286_1920-300x210.jpg"}],"twitter_card":"summary_large_image","twitter_misc":{"Tiempo de lectura":"2 minutos"},"schema":{"@context":"https:\/\/schema.org","@graph":[{"@type":"WebPage","@id":"https:\/\/fpsakanalh.educacion.navarra.es\/web\/bolsa-de-trabajo\/","url":"https:\/\/fpsakanalh.educacion.navarra.es\/web\/bolsa-de-trabajo\/","name":"Bolsa de Trabajo - CIP Sakana","isPartOf":{"@id":"https:\/\/fpsakanalh.educacion.navarra.es\/web\/#website"},"datePublished":"2021-06-04T09:38:24+00:00","dateModified":"2022-10-13T09:46:21+00:00","breadcrumb":{"@id":"https:\/\/fpsakanalh.educacion.navarra.es\/web\/bolsa-de-trabajo\/#breadcrumb"},"inLanguage":"es","potentialAction":[{"@type":"ReadAction","target":["https:\/\/fpsakanalh.educacion.navarra.es\/web\/bolsa-de-trabajo\/"]}]},{"@type":"BreadcrumbList","@id":"https:\/\/fpsakanalh.educacion.navarra.es\/web\/bolsa-de-trabajo\/#breadcrumb","itemListElement":[{"@type":"ListItem","position":1,"name":"Portada","item":"https:\/\/fpsakanalh.educacion.navarra.es\/web\/"},{"@type":"ListItem","position":2,"name":"Bolsa de Trabajo"}]},{"@type":"WebSite","@id":"https:\/\/fpsakanalh.educacion.navarra.es\/web\/#website","url":"https:\/\/fpsakanalh.educacion.navarra.es\/web\/","name":"CIP Sakana","description":"Sitio web del CIP Sakana","potentialAction":[{"@type":"SearchAction","target":{"@type":"EntryPoint","urlTemplate":"https:\/\/fpsakanalh.educacion.navarra.es\/web\/?s={search_term_string}"},"query-input":"required name=search_term_string"}],"inLanguage":"es"}]}},"_links":{"self":[{"href":"https:\/\/fpsakanalh.educacion.navarra.es\/web\/wp-json\/wp\/v2\/pages\/5847"}],"collection":[{"href":"https:\/\/fpsakanalh.educacion.navarra.es\/web\/wp-json\/wp\/v2\/pages"}],"about":[{"href":"https:\/\/fpsakanalh.educacion.navarra.es\/web\/wp-json\/wp\/v2\/types\/page"}],"author":[{"embeddable":true,"href":"https:\/\/fpsakanalh.educacion.navarra.es\/web\/wp-json\/wp\/v2\/users\/5"}],"replies":[{"embeddable":true,"href":"https:\/\/fpsakanalh.educacion.navarra.es\/web\/wp-json\/wp\/v2\/comments?post=5847"}],"version-history":[{"count":25,"href":"https:\/\/fpsakanalh.educacion.navarra.es\/web\/wp-json\/wp\/v2\/pages\/5847\/revisions"}],"predecessor-version":[{"id":7375,"href":"https:\/\/fpsakanalh.educacion.navarra.es\/web\/wp-json\/wp\/v2\/pages\/5847\/revisions\/7375"}],"wp:attachment":[{"href":"https:\/\/fpsakanalh.educacion.navarra.es\/web\/wp-json\/wp\/v2\/media?parent=5847"}],"curies":[{"name":"wp","href":"https:\/\/api.w.org\/{rel}","templated":true}]}}