{"id":6304,"date":"2022-01-10T14:55:44","date_gmt":"2022-01-10T13:55:44","guid":{"rendered":"https:\/\/fpsakanalh.educacion.navarra.es\/web\/?page_id=6304"},"modified":"2026-03-11T13:36:28","modified_gmt":"2026-03-11T12:36:28","slug":"competencias-clave-n2","status":"publish","type":"page","link":"https:\/\/fpsakanalh.educacion.navarra.es\/web\/competencias-clave-n2\/","title":{"rendered":"Competencias Clave N2"},"content":{"rendered":"\n<p class=\"has-text-align-left\">Para acceder a los cursos de Certificado de Profesionalidad que se ofertan desde los Centros de Formaci\u00f3n Profesional, se exige una determinada titulaci\u00f3n acad\u00e9mica. En el caso de no poseer dicha titulaci\u00f3n, se puede acceder a dichos cursos si se demuestra el correspondiente nivel en <strong>Competencias Clave<\/strong>.<\/p>\n\n\n\n<p><\/p>\n\n\n\n<p class=\"has-text-align-left\">Las Competencias Clave de Nivel 2 son los requisitos formativos que asegurar\u00e1n que el alumnado posee los conocimientos necesarios para cursar con aprovechamiento los cursos correspondientes a los Certificados de Profesionalidad de nivel de cualificaci\u00f3n 2 y 3.<br><\/p>\n\n\n\n<p>En los siguientes apartados encontrar\u00e1s la informaci\u00f3n relativa tanto a las Pruebas Libres de Competencias Clave Nivel 2 como a la formaci\u00f3n presencial:<\/p>\n\n\n\n<p><\/p>\n\n\n\n<p><\/p>\n\n\n\n<h2>1.- Pruebas libres de Competencias Clave N2<\/h2>\n\n\n\n<p><\/p>\n\n\n\n<p>Estas pruebas van dirigidas a aquellas personas que no cumplen las&nbsp;<a href=\"https:\/\/www.educacion.navarra.es\/web\/dpto\/fp-empleo\/acceso-fp-empleo\" target=\"_blank\" rel=\"noreferrer noopener\">condiciones de acceso<\/a>&nbsp;a certificados de profesionalidad de nivel 2. Permitir\u00e1n el acceso a certificados de profesionalidad que no requieran la competencia de nivel 2 de comunicaci\u00f3n en lengua extranjera.<\/p>\n\n\n\n<p><\/p>\n\n\n\n<div class=\"wp-container-1 wp-block-buttons\">\n<div class=\"wp-block-button is-style-fill\"><a class=\"wp-block-button__link has-cyan-bluish-gray-background-color has-background\" href=\"https:\/\/www.navarra.es\/es\/tramites\/on\/-\/line\/pruebas-de-competencias-clave-de-nivel-2\" target=\"_blank\" rel=\"noreferrer noopener\">Ficha tr\u00e1mites del Departamento de Educaci\u00f3n <\/a><\/div>\n<\/div>\n\n\n\n<p><\/p>\n\n\n\n<p><\/p>\n\n\n\n<h2>2.- Plazo de inscripci\u00f3n Curso Presencial de Competencias Clave N2 para el 2\u00ba cuatrimestre del curso 2025-2026<\/h2>\n\n\n\n<p>En este enlace encontrar\u00e1s la informaci\u00f3n para inscribirte en el <strong>curso<\/strong> de competencias clave de nivel 2 para el pr\u00f3ximo curso 2024-2025:<\/p>\n<p><strong><a href=\"https:\/\/www.navarra.es\/es\/tramites\/on\/-\/line\/curso-de-competencias-clave-de-nivel-2?pageBackId=5724839\" target=\"_blank\" rel=\"noopener\">El plazo de inscripci\u00f3n para el Segundo Cuatrimestre de Competencias Clave N2 del curso 2025-2026 es del 29-1 al 4-2<\/a><\/strong><\/p>\n<p>\u00a0<\/p>\n<p><a href=\"https:\/\/www.navarra.es\/documents\/48192\/14311108\/20250120_Calendario.inscripcion.cursos+y+pruebas+VIA+24-25_cuatrim.2.pdf\/28a0d55a-fb6f-c1db-3308-d9f75870edfb?t=1737374364589\" target=\"_blank\" rel=\"noopener\">Calendario<\/a> de inscripci\u00f3n para el Segundo Cuatrimestre en Comunicaci\u00f3n en Lengua Castellana N2 y Matem\u00e1ticas N2<\/p>\n<p>\u00a0<\/p>\n<p>\u00a0<\/p>\n<p>\u00a0<\/p>\n","protected":false},"excerpt":{"rendered":"<p>Para acceder a los cursos de Certificado de Profesionalidad que se ofertan desde los Centros de Formaci\u00f3n Profesional, se exige una determinada titulaci\u00f3n acad\u00e9mica. En el caso de no poseer dicha titulaci\u00f3n, se puede acceder a dichos cursos si se demuestra el correspondiente nivel en Competencias Clave. Las Competencias Clave de Nivel 2 son los [&hellip;]<\/p>\n","protected":false},"author":1,"featured_media":0,"parent":0,"menu_order":0,"comment_status":"closed","ping_status":"closed","template":"","meta":{"_et_pb_use_builder":"off","_et_pb_old_content":"","_et_gb_content_width":"1080"},"yoast_head":"<!-- This site is optimized with the Yoast SEO plugin v19.13 - https:\/\/yoast.com\/wordpress\/plugins\/seo\/ -->\n<title>Competencias Clave N2 - CIP Sakana<\/title>\n<meta name=\"robots\" content=\"index, follow, max-snippet:-1, max-image-preview:large, max-video-preview:-1\" \/>\n<link rel=\"canonical\" href=\"https:\/\/fpsakanalh.educacion.navarra.es\/web\/competencias-clave-n2\/\" \/>\n<meta property=\"og:locale\" content=\"es_ES\" \/>\n<meta property=\"og:type\" content=\"article\" \/>\n<meta property=\"og:title\" content=\"Competencias Clave N2 - CIP Sakana\" \/>\n<meta property=\"og:description\" content=\"Para acceder a los cursos de Certificado de Profesionalidad que se ofertan desde los Centros de Formaci\u00f3n Profesional, se exige una determinada titulaci\u00f3n acad\u00e9mica. En el caso de no poseer dicha titulaci\u00f3n, se puede acceder a dichos cursos si se demuestra el correspondiente nivel en Competencias Clave. Las Competencias Clave de Nivel 2 son los [&hellip;]\" \/>\n<meta property=\"og:url\" content=\"https:\/\/fpsakanalh.educacion.navarra.es\/web\/competencias-clave-n2\/\" \/>\n<meta property=\"og:site_name\" content=\"CIP Sakana\" \/>\n<meta property=\"article:modified_time\" content=\"2026-03-11T12:36:28+00:00\" \/>\n<meta name=\"twitter:card\" content=\"summary_large_image\" \/>\n<meta name=\"twitter:label1\" content=\"Tiempo de lectura\" \/>\n\t<meta name=\"twitter:data1\" content=\"2 minutos\" \/>\n<script type=\"application\/ld+json\" class=\"yoast-schema-graph\">{\"@context\":\"https:\/\/schema.org\",\"@graph\":[{\"@type\":\"WebPage\",\"@id\":\"https:\/\/fpsakanalh.educacion.navarra.es\/web\/competencias-clave-n2\/\",\"url\":\"https:\/\/fpsakanalh.educacion.navarra.es\/web\/competencias-clave-n2\/\",\"name\":\"Competencias Clave N2 - CIP Sakana\",\"isPartOf\":{\"@id\":\"https:\/\/fpsakanalh.educacion.navarra.es\/web\/#website\"},\"datePublished\":\"2022-01-10T13:55:44+00:00\",\"dateModified\":\"2026-03-11T12:36:28+00:00\",\"breadcrumb\":{\"@id\":\"https:\/\/fpsakanalh.educacion.navarra.es\/web\/competencias-clave-n2\/#breadcrumb\"},\"inLanguage\":\"es\",\"potentialAction\":[{\"@type\":\"ReadAction\",\"target\":[\"https:\/\/fpsakanalh.educacion.navarra.es\/web\/competencias-clave-n2\/\"]}]},{\"@type\":\"BreadcrumbList\",\"@id\":\"https:\/\/fpsakanalh.educacion.navarra.es\/web\/competencias-clave-n2\/#breadcrumb\",\"itemListElement\":[{\"@type\":\"ListItem\",\"position\":1,\"name\":\"Portada\",\"item\":\"https:\/\/fpsakanalh.educacion.navarra.es\/web\/\"},{\"@type\":\"ListItem\",\"position\":2,\"name\":\"Competencias Clave N2\"}]},{\"@type\":\"WebSite\",\"@id\":\"https:\/\/fpsakanalh.educacion.navarra.es\/web\/#website\",\"url\":\"https:\/\/fpsakanalh.educacion.navarra.es\/web\/\",\"name\":\"CIP Sakana\",\"description\":\"Sitio web del CIP Sakana\",\"potentialAction\":[{\"@type\":\"SearchAction\",\"target\":{\"@type\":\"EntryPoint\",\"urlTemplate\":\"https:\/\/fpsakanalh.educacion.navarra.es\/web\/?s={search_term_string}\"},\"query-input\":\"required name=search_term_string\"}],\"inLanguage\":\"es\"}]}<\/script>\n<!-- \/ Yoast SEO plugin. -->","yoast_head_json":{"title":"Competencias Clave N2 - CIP Sakana","robots":{"index":"index","follow":"follow","max-snippet":"max-snippet:-1","max-image-preview":"max-image-preview:large","max-video-preview":"max-video-preview:-1"},"canonical":"https:\/\/fpsakanalh.educacion.navarra.es\/web\/competencias-clave-n2\/","og_locale":"es_ES","og_type":"article","og_title":"Competencias Clave N2 - CIP Sakana","og_description":"Para acceder a los cursos de Certificado de Profesionalidad que se ofertan desde los Centros de Formaci\u00f3n Profesional, se exige una determinada titulaci\u00f3n acad\u00e9mica. En el caso de no poseer dicha titulaci\u00f3n, se puede acceder a dichos cursos si se demuestra el correspondiente nivel en Competencias Clave. Las Competencias Clave de Nivel 2 son los [&hellip;]","og_url":"https:\/\/fpsakanalh.educacion.navarra.es\/web\/competencias-clave-n2\/","og_site_name":"CIP Sakana","article_modified_time":"2026-03-11T12:36:28+00:00","twitter_card":"summary_large_image","twitter_misc":{"Tiempo de lectura":"2 minutos"},"schema":{"@context":"https:\/\/schema.org","@graph":[{"@type":"WebPage","@id":"https:\/\/fpsakanalh.educacion.navarra.es\/web\/competencias-clave-n2\/","url":"https:\/\/fpsakanalh.educacion.navarra.es\/web\/competencias-clave-n2\/","name":"Competencias Clave N2 - CIP Sakana","isPartOf":{"@id":"https:\/\/fpsakanalh.educacion.navarra.es\/web\/#website"},"datePublished":"2022-01-10T13:55:44+00:00","dateModified":"2026-03-11T12:36:28+00:00","breadcrumb":{"@id":"https:\/\/fpsakanalh.educacion.navarra.es\/web\/competencias-clave-n2\/#breadcrumb"},"inLanguage":"es","potentialAction":[{"@type":"ReadAction","target":["https:\/\/fpsakanalh.educacion.navarra.es\/web\/competencias-clave-n2\/"]}]},{"@type":"BreadcrumbList","@id":"https:\/\/fpsakanalh.educacion.navarra.es\/web\/competencias-clave-n2\/#breadcrumb","itemListElement":[{"@type":"ListItem","position":1,"name":"Portada","item":"https:\/\/fpsakanalh.educacion.navarra.es\/web\/"},{"@type":"ListItem","position":2,"name":"Competencias Clave N2"}]},{"@type":"WebSite","@id":"https:\/\/fpsakanalh.educacion.navarra.es\/web\/#website","url":"https:\/\/fpsakanalh.educacion.navarra.es\/web\/","name":"CIP Sakana","description":"Sitio web del CIP Sakana","potentialAction":[{"@type":"SearchAction","target":{"@type":"EntryPoint","urlTemplate":"https:\/\/fpsakanalh.educacion.navarra.es\/web\/?s={search_term_string}"},"query-input":"required name=search_term_string"}],"inLanguage":"es"}]}},"_links":{"self":[{"href":"https:\/\/fpsakanalh.educacion.navarra.es\/web\/wp-json\/wp\/v2\/pages\/6304"}],"collection":[{"href":"https:\/\/fpsakanalh.educacion.navarra.es\/web\/wp-json\/wp\/v2\/pages"}],"about":[{"href":"https:\/\/fpsakanalh.educacion.navarra.es\/web\/wp-json\/wp\/v2\/types\/page"}],"author":[{"embeddable":true,"href":"https:\/\/fpsakanalh.educacion.navarra.es\/web\/wp-json\/wp\/v2\/users\/1"}],"replies":[{"embeddable":true,"href":"https:\/\/fpsakanalh.educacion.navarra.es\/web\/wp-json\/wp\/v2\/comments?post=6304"}],"version-history":[{"count":24,"href":"https:\/\/fpsakanalh.educacion.navarra.es\/web\/wp-json\/wp\/v2\/pages\/6304\/revisions"}],"predecessor-version":[{"id":10027,"href":"https:\/\/fpsakanalh.educacion.navarra.es\/web\/wp-json\/wp\/v2\/pages\/6304\/revisions\/10027"}],"wp:attachment":[{"href":"https:\/\/fpsakanalh.educacion.navarra.es\/web\/wp-json\/wp\/v2\/media?parent=6304"}],"curies":[{"name":"wp","href":"https:\/\/api.w.org\/{rel}","templated":true}]}}