{"id":6335,"date":"2022-02-02T13:14:04","date_gmt":"2022-02-02T12:14:04","guid":{"rendered":"https:\/\/fpsakanalh.educacion.navarra.es\/web\/?page_id=6335"},"modified":"2025-02-13T14:33:07","modified_gmt":"2025-02-13T13:33:07","slug":"procedimiento-acreditacion-competencias-profesionales-2022","status":"publish","type":"page","link":"https:\/\/fpsakanalh.educacion.navarra.es\/web\/procedimiento-acreditacion-competencias-profesionales-2022\/","title":{"rendered":"Procedimiento Acreditaci\u00f3n Competencias Profesionales 2023"},"content":{"rendered":"\n\n\n\n\n<h3 class=\"has-text-align-left\" id=\"convocatoria-de-acreditacion-de-competencias-en-el-ambito-sociosanitario\">Convocatoria de Acreditaci\u00f3n de Competencias en el \u00c1mbito Sociosanitario:<\/h3>\n\n\n\n\n\n<p><\/p>\n\n\n\n<p>El Bolet\u00edn Oficial de Navarra del 21 de enero de 2022, publica una\u00a0<a href=\"https:\/\/bon.navarra.es\/es\/anuncio\/-\/texto\/2022\/15\/13\" target=\"_blank\" rel=\"noreferrer noopener\">Resoluci\u00f3n<\/a>\u00a0del Director General de Formaci\u00f3n Profesional en la que se convoca un nuevo procedimiento de acreditaci\u00f3n de la competencia profesional dirigida a las personas con experiencia laboral en este \u00e1mbito, con objeto de que puedan conseguir los Certificados de Profesionalidad de Atenci\u00f3n Sociosanitaria a Personas Dependientes en Instituciones Sociales y Atenci\u00f3n Sociosanitaria a Personas en el Domicilio. Esta\u00a0convocatoria\u00a0est\u00e1 financiada por el Ministerio de Educaci\u00f3n y por la Uni\u00f3n Europea-NextGenerationEU, en el marco de acciones del Plan de Recuperaci\u00f3n, Transformaci\u00f3n y Resiliencia.<\/p>\n\n\n\n<p>El pr\u00f3ximo 31 de diciembre de 2022 vence el plazo para que las personas que trabajan en estos sectores tengan acreditada oficialmente su cualificaci\u00f3n, por lo que el Departamento de Educaci\u00f3n ha organizado esta convocatoria con el fin de facilitar el acceso a dichas certificaciones oficiales.<\/p>\n\n\n\n<p>Las personas interesadas pueden inscribirse en cualquiera de los centros de la red p\u00fablica de formaci\u00f3n profesional, para lo que deben solicitar cita previa en dichos centros.<\/p>\n\n\n\n<p>Para solicitar <strong>m\u00e1s informaci\u00f3n<\/strong> puedes dirigirte a:<\/p>\n\n\n\n<p class=\"has-text-align-left\"><strong><mark class=\"has-inline-color has-cyan-bluish-gray-color\"><span style=\"color:#000000\" class=\"tadv-color\"><span style=\"background-color:#c5cfd8\" class=\"tadv-background-color\">CIP FP Sakana LH IIP &#8211; 948564815 &#8211; iestexer@educacion.navarra.es<\/span><\/span><\/mark><\/strong><\/p>\n\n\n\n<p><\/p>\n\n\n\n<p><\/p>\n\n\n\n<p><\/p>\n\n\n\n<p><\/p>\n\n\n\n<p><\/p>\n\n\n","protected":false},"excerpt":{"rendered":"<p>Convocatoria de Acreditaci\u00f3n de Competencias en el \u00c1mbito Sociosanitario: El Bolet\u00edn Oficial de Navarra del 21 de enero de 2022, publica una\u00a0Resoluci\u00f3n\u00a0del Director General de Formaci\u00f3n Profesional en la que se convoca un nuevo procedimiento de acreditaci\u00f3n de la competencia profesional dirigida a las personas con experiencia laboral en este \u00e1mbito, con objeto de que [&hellip;]<\/p>\n","protected":false},"author":1,"featured_media":0,"parent":0,"menu_order":0,"comment_status":"closed","ping_status":"closed","template":"","meta":{"_et_pb_use_builder":"","_et_pb_old_content":"","_et_gb_content_width":"1080"},"yoast_head":"<!-- This site is optimized with the Yoast SEO plugin v19.13 - https:\/\/yoast.com\/wordpress\/plugins\/seo\/ -->\n<title>Procedimiento Acreditaci\u00f3n Competencias Profesionales 2023 - CIP Sakana<\/title>\n<meta name=\"robots\" content=\"index, follow, max-snippet:-1, max-image-preview:large, max-video-preview:-1\" \/>\n<link rel=\"canonical\" href=\"https:\/\/fpsakanalh.educacion.navarra.es\/web\/procedimiento-acreditacion-competencias-profesionales-2022\/\" \/>\n<meta property=\"og:locale\" content=\"es_ES\" \/>\n<meta property=\"og:type\" content=\"article\" \/>\n<meta property=\"og:title\" content=\"Procedimiento Acreditaci\u00f3n Competencias Profesionales 2023 - CIP Sakana\" \/>\n<meta property=\"og:description\" content=\"Convocatoria de Acreditaci\u00f3n de Competencias en el \u00c1mbito Sociosanitario: El Bolet\u00edn Oficial de Navarra del 21 de enero de 2022, publica una\u00a0Resoluci\u00f3n\u00a0del Director General de Formaci\u00f3n Profesional en la que se convoca un nuevo procedimiento de acreditaci\u00f3n de la competencia profesional dirigida a las personas con experiencia laboral en este \u00e1mbito, con objeto de que [&hellip;]\" \/>\n<meta property=\"og:url\" content=\"https:\/\/fpsakanalh.educacion.navarra.es\/web\/procedimiento-acreditacion-competencias-profesionales-2022\/\" \/>\n<meta property=\"og:site_name\" content=\"CIP Sakana\" \/>\n<meta property=\"article:modified_time\" content=\"2025-02-13T13:33:07+00:00\" \/>\n<meta name=\"twitter:card\" content=\"summary_large_image\" \/>\n<meta name=\"twitter:label1\" content=\"Tiempo de lectura\" \/>\n\t<meta name=\"twitter:data1\" content=\"1 minuto\" \/>\n<script type=\"application\/ld+json\" class=\"yoast-schema-graph\">{\"@context\":\"https:\/\/schema.org\",\"@graph\":[{\"@type\":\"WebPage\",\"@id\":\"https:\/\/fpsakanalh.educacion.navarra.es\/web\/procedimiento-acreditacion-competencias-profesionales-2022\/\",\"url\":\"https:\/\/fpsakanalh.educacion.navarra.es\/web\/procedimiento-acreditacion-competencias-profesionales-2022\/\",\"name\":\"Procedimiento Acreditaci\u00f3n Competencias Profesionales 2023 - CIP Sakana\",\"isPartOf\":{\"@id\":\"https:\/\/fpsakanalh.educacion.navarra.es\/web\/#website\"},\"datePublished\":\"2022-02-02T12:14:04+00:00\",\"dateModified\":\"2025-02-13T13:33:07+00:00\",\"breadcrumb\":{\"@id\":\"https:\/\/fpsakanalh.educacion.navarra.es\/web\/procedimiento-acreditacion-competencias-profesionales-2022\/#breadcrumb\"},\"inLanguage\":\"es\",\"potentialAction\":[{\"@type\":\"ReadAction\",\"target\":[\"https:\/\/fpsakanalh.educacion.navarra.es\/web\/procedimiento-acreditacion-competencias-profesionales-2022\/\"]}]},{\"@type\":\"BreadcrumbList\",\"@id\":\"https:\/\/fpsakanalh.educacion.navarra.es\/web\/procedimiento-acreditacion-competencias-profesionales-2022\/#breadcrumb\",\"itemListElement\":[{\"@type\":\"ListItem\",\"position\":1,\"name\":\"Portada\",\"item\":\"https:\/\/fpsakanalh.educacion.navarra.es\/web\/\"},{\"@type\":\"ListItem\",\"position\":2,\"name\":\"Procedimiento Acreditaci\u00f3n Competencias Profesionales 2023\"}]},{\"@type\":\"WebSite\",\"@id\":\"https:\/\/fpsakanalh.educacion.navarra.es\/web\/#website\",\"url\":\"https:\/\/fpsakanalh.educacion.navarra.es\/web\/\",\"name\":\"CIP Sakana\",\"description\":\"Sitio web del CIP Sakana\",\"potentialAction\":[{\"@type\":\"SearchAction\",\"target\":{\"@type\":\"EntryPoint\",\"urlTemplate\":\"https:\/\/fpsakanalh.educacion.navarra.es\/web\/?s={search_term_string}\"},\"query-input\":\"required name=search_term_string\"}],\"inLanguage\":\"es\"}]}<\/script>\n<!-- \/ Yoast SEO plugin. -->","yoast_head_json":{"title":"Procedimiento Acreditaci\u00f3n Competencias Profesionales 2023 - CIP Sakana","robots":{"index":"index","follow":"follow","max-snippet":"max-snippet:-1","max-image-preview":"max-image-preview:large","max-video-preview":"max-video-preview:-1"},"canonical":"https:\/\/fpsakanalh.educacion.navarra.es\/web\/procedimiento-acreditacion-competencias-profesionales-2022\/","og_locale":"es_ES","og_type":"article","og_title":"Procedimiento Acreditaci\u00f3n Competencias Profesionales 2023 - CIP Sakana","og_description":"Convocatoria de Acreditaci\u00f3n de Competencias en el \u00c1mbito Sociosanitario: El Bolet\u00edn Oficial de Navarra del 21 de enero de 2022, publica una\u00a0Resoluci\u00f3n\u00a0del Director General de Formaci\u00f3n Profesional en la que se convoca un nuevo procedimiento de acreditaci\u00f3n de la competencia profesional dirigida a las personas con experiencia laboral en este \u00e1mbito, con objeto de que [&hellip;]","og_url":"https:\/\/fpsakanalh.educacion.navarra.es\/web\/procedimiento-acreditacion-competencias-profesionales-2022\/","og_site_name":"CIP Sakana","article_modified_time":"2025-02-13T13:33:07+00:00","twitter_card":"summary_large_image","twitter_misc":{"Tiempo de lectura":"1 minuto"},"schema":{"@context":"https:\/\/schema.org","@graph":[{"@type":"WebPage","@id":"https:\/\/fpsakanalh.educacion.navarra.es\/web\/procedimiento-acreditacion-competencias-profesionales-2022\/","url":"https:\/\/fpsakanalh.educacion.navarra.es\/web\/procedimiento-acreditacion-competencias-profesionales-2022\/","name":"Procedimiento Acreditaci\u00f3n Competencias Profesionales 2023 - CIP Sakana","isPartOf":{"@id":"https:\/\/fpsakanalh.educacion.navarra.es\/web\/#website"},"datePublished":"2022-02-02T12:14:04+00:00","dateModified":"2025-02-13T13:33:07+00:00","breadcrumb":{"@id":"https:\/\/fpsakanalh.educacion.navarra.es\/web\/procedimiento-acreditacion-competencias-profesionales-2022\/#breadcrumb"},"inLanguage":"es","potentialAction":[{"@type":"ReadAction","target":["https:\/\/fpsakanalh.educacion.navarra.es\/web\/procedimiento-acreditacion-competencias-profesionales-2022\/"]}]},{"@type":"BreadcrumbList","@id":"https:\/\/fpsakanalh.educacion.navarra.es\/web\/procedimiento-acreditacion-competencias-profesionales-2022\/#breadcrumb","itemListElement":[{"@type":"ListItem","position":1,"name":"Portada","item":"https:\/\/fpsakanalh.educacion.navarra.es\/web\/"},{"@type":"ListItem","position":2,"name":"Procedimiento Acreditaci\u00f3n Competencias Profesionales 2023"}]},{"@type":"WebSite","@id":"https:\/\/fpsakanalh.educacion.navarra.es\/web\/#website","url":"https:\/\/fpsakanalh.educacion.navarra.es\/web\/","name":"CIP Sakana","description":"Sitio web del CIP Sakana","potentialAction":[{"@type":"SearchAction","target":{"@type":"EntryPoint","urlTemplate":"https:\/\/fpsakanalh.educacion.navarra.es\/web\/?s={search_term_string}"},"query-input":"required name=search_term_string"}],"inLanguage":"es"}]}},"_links":{"self":[{"href":"https:\/\/fpsakanalh.educacion.navarra.es\/web\/wp-json\/wp\/v2\/pages\/6335"}],"collection":[{"href":"https:\/\/fpsakanalh.educacion.navarra.es\/web\/wp-json\/wp\/v2\/pages"}],"about":[{"href":"https:\/\/fpsakanalh.educacion.navarra.es\/web\/wp-json\/wp\/v2\/types\/page"}],"author":[{"embeddable":true,"href":"https:\/\/fpsakanalh.educacion.navarra.es\/web\/wp-json\/wp\/v2\/users\/1"}],"replies":[{"embeddable":true,"href":"https:\/\/fpsakanalh.educacion.navarra.es\/web\/wp-json\/wp\/v2\/comments?post=6335"}],"version-history":[{"count":10,"href":"https:\/\/fpsakanalh.educacion.navarra.es\/web\/wp-json\/wp\/v2\/pages\/6335\/revisions"}],"predecessor-version":[{"id":9359,"href":"https:\/\/fpsakanalh.educacion.navarra.es\/web\/wp-json\/wp\/v2\/pages\/6335\/revisions\/9359"}],"wp:attachment":[{"href":"https:\/\/fpsakanalh.educacion.navarra.es\/web\/wp-json\/wp\/v2\/media?parent=6335"}],"curies":[{"name":"wp","href":"https:\/\/api.w.org\/{rel}","templated":true}]}}