{"id":6574,"date":"2022-09-02T12:23:11","date_gmt":"2022-09-02T10:23:11","guid":{"rendered":"https:\/\/fpsakanalh.educacion.navarra.es\/web\/?page_id=6574"},"modified":"2026-03-11T10:57:58","modified_gmt":"2026-03-11T09:57:58","slug":"admision-ciclos-formativos-2022-2023","status":"publish","type":"page","link":"https:\/\/fpsakanalh.educacion.navarra.es\/web\/admision-ciclos-formativos-2022-2023\/","title":{"rendered":"Admisi\u00f3n Ciclos Formativos de Grado Medio y Superior 2025-2026"},"content":{"rendered":"<p>[et_pb_section fb_built=\u00bb1&#8243; admin_label=\u00bbsection\u00bb _builder_version=\u00bb3.22&#8243;][et_pb_row admin_label=\u00bbrow\u00bb _builder_version=\u00bb3.25&#8243; background_size=\u00bbinitial\u00bb background_position=\u00bbtop_left\u00bb background_repeat=\u00bbrepeat\u00bb][et_pb_column type=\u00bb4_4&#8243; _builder_version=\u00bb3.25&#8243; custom_padding=\u00bb|||\u00bb custom_padding__hover=\u00bb|||\u00bb][et_pb_text admin_label=\u00bbText\u00bb _builder_version=\u00bb3.27.4&#8243; background_size=\u00bbinitial\u00bb background_position=\u00bbtop_left\u00bb background_repeat=\u00bbrepeat\u00bb custom_margin=\u00bb|||48px||\u00bb]<\/p>\n<h2><\/h2>\n<h2><\/h2>\n<h2><strong>Matr\u00edculas Ciclos Formativos de Grado Medio y Superior 2026-2027<\/strong><\/h2>\n<h3><\/h3>\n<h3><\/h3>\n<h3>1. Plazo de inscripci\u00f3n del 20 al 30 de abril de 2026:<\/h3>\n<p><strong>Aqu\u00ed encontrar\u00e1s la informaci\u00f3n sobre el proceso de admisi\u00f3n a los Ciclos Formativos de Grado Medio y Superior.<\/strong><\/p>\n<ul>\n<li><strong><span style=\"color: #3366ff\"><a style=\"color: #3366ff\" href=\"https:\/\/www.educacion.navarra.es\/en\/web\/dpto\/formacion-profesional\" target=\"_blank\" rel=\"noopener\">Informaci\u00f3n Formaci\u00f3n Profesional Curso 2026-2027<\/a><\/span><\/strong><\/li>\n<li><strong><span style=\"color: #3366ff\"><a style=\"color: #3366ff\" href=\"https:\/\/www.navarra.es\/es\/tramites\/on\/-\/line\/inscripcion-en-ciclos-de-grado-medio-de-formacion-profesional-y-de-artes-plasticas-y-diseno\" target=\"_blank\" rel=\"noopener\">Inscripci\u00f3n Grado Medio<\/a>\u00a0<span style=\"color: #000000\"><span style=\"color: #333333\">On-Line o Presencial (CIP FP Sakana LH IIP)<\/span><\/span><\/span><\/strong><\/li>\n<li><strong><span style=\"color: #3366ff\"><a style=\"color: #3366ff\" href=\"https:\/\/www.navarra.es\/es\/tramites\/on\/-\/line\/inscripcion-en-ciclos-de-grado-superior-de-formacion-profesional-y-de-artes-plasticas-y-diseno\" target=\"_blank\" rel=\"noopener\">Inscripci\u00f3n Grado Superior<\/a> <span style=\"color: #000000\"><span style=\"color: #333333\">On-Line o Presencial (CIP FP Sakana LH IIP)<\/span><\/span><\/span><\/strong><\/li>\n<li><span style=\"color: #333333\">Explicaci\u00f3n del baremo para la admisi\u00f3n <span style=\"color: #0000ff\"><a style=\"color: #0000ff\" href=\"https:\/\/www.navarra.es\/documents\/48192\/14555675\/20250604_Explicaci%C3%B3nBaremoAdmisi%C3%B3nEduca_plazo+ordinario_GM_FP.pdf\/649a29d8-4238-edd2-4717-1f8424a2c9db?t=1749125703038\" target=\"_blank\" rel=\"noopener\">Grado Medio<\/a><\/span><\/span><\/li>\n<li><span style=\"color: #333333\">Explicaci\u00f3n del baremo para la admisi\u00f3n <a href=\"https:\/\/www.navarra.es\/documents\/48192\/6688082\/20250604_Explicaci%C3%B3nBaremoAdmisi%C3%B3nEduca_plazo+ordinario_GS_FP.pdf\/f4f79c9e-5a7e-1d35-b852-d3ddda69cced?t=1749127549360\" target=\"_blank\" rel=\"noopener\"><span style=\"color: #0000ff\">Grado Superior<\/span><\/a><\/span><\/li>\n<\/ul>\n<h3>2. Matr\u00edcula:<\/h3>\n<p><strong>Una vez admitido en el listado definitivo puedes formalizar la matr\u00edcula en los plazos indicados en el <span style=\"color: #0000ff\"><a style=\"color: #0000ff\" href=\"https:\/\/bon.navarra.es\/es\/anuncio\/-\/texto\/2025\/42\/4\" target=\"_blank\" rel=\"noopener\">calendario<\/a> <\/span><span style=\"color: #808080;background-color: #ffffff\">de admisi\u00f3n.<\/span><\/strong><\/p>\n<p><strong>Si optas a <span style=\"color: #0000ff\"><a style=\"color: #0000ff\" href=\"https:\/\/www.navarra.es\/documents\/48192\/14555675\/20231023_MejoraOpcion_Doc.+informativo.docx.pdf\/470d7af6-29c0-274e-a19a-56ef1f999980?t=1698136237150\" target=\"_blank\" rel=\"noopener\">mejora de opci\u00f3n<\/a><\/span> no debes efectuar el pago hasta que sepas que es tu matr\u00edcula definitiva.<\/strong><\/p>\n<p><strong>Puedes descargar los documentos para la matr\u00edcula desde aqu\u00ed:<\/strong><\/p>\n<ul>\n<li><span style=\"color: #0000ff\"><strong><a style=\"color: #0000ff\" href=\"https:\/\/drive.google.com\/file\/d\/1lpllJR1JQ_-Ud0aZkSM92Duu5rKa1Tqj\/view?usp=drive_link\" target=\"_blank\" rel=\"noopener\">Documentaci\u00f3n Matr\u00edcula<\/a><\/strong><\/span><\/li>\n<li><span style=\"color: #0000ff\"><strong><a style=\"color: #0000ff\" href=\"https:\/\/drive.google.com\/file\/d\/1rW9nlBgxN8h5PyUbCbZ9k1h7pXYapEDr\/view?usp=drive_link\" target=\"_blank\" rel=\"noreferrer noopener\">Hoja de matr\u00edcula<\/a><\/strong><\/span><\/li>\n<\/ul>\n<div class=\"wp-block-group\">\n<div class=\"wp-block-columns\">\n<div class=\"wp-block-column\" style=\"flex-basis: 100%\">\n<div class=\"wp-block-buttons\"><\/div>\n<\/div>\n<\/div>\n<\/div>\n<p>[\/et_pb_text][\/et_pb_column][\/et_pb_row][\/et_pb_section]<\/p>\n","protected":false},"excerpt":{"rendered":"<p>[et_pb_section fb_built=\u00bb1&#8243; admin_label=\u00bbsection\u00bb _builder_version=\u00bb3.22&#8243;][et_pb_row admin_label=\u00bbrow\u00bb _builder_version=\u00bb3.25&#8243; background_size=\u00bbinitial\u00bb background_position=\u00bbtop_left\u00bb background_repeat=\u00bbrepeat\u00bb][et_pb_column type=\u00bb4_4&#8243; _builder_version=\u00bb3.25&#8243; custom_padding=\u00bb|||\u00bb custom_padding__hover=\u00bb|||\u00bb][et_pb_text admin_label=\u00bbText\u00bb _builder_version=\u00bb3.27.4&#8243; background_size=\u00bbinitial\u00bb background_position=\u00bbtop_left\u00bb background_repeat=\u00bbrepeat\u00bb custom_margin=\u00bb|||48px||\u00bb] Matr\u00edculas Ciclos Formativos de Grado Medio y Superior 2026-2027 1. Plazo de inscripci\u00f3n del 20 al 30 de abril de 2026: Aqu\u00ed encontrar\u00e1s la informaci\u00f3n sobre el proceso de admisi\u00f3n a los Ciclos Formativos de Grado [&hellip;]<\/p>\n","protected":false},"author":1,"featured_media":0,"parent":0,"menu_order":0,"comment_status":"closed","ping_status":"closed","template":"","meta":{"_et_pb_use_builder":"on","_et_pb_old_content":"<!-- wp:paragraph -->\n<p><\/p>\n<!-- \/wp:paragraph -->\n\n<!-- wp:heading {\"level\":3} -->\n<h3>Inscripci\u00f3n (Del 24 de abril al 5 de mayo de 2023):<\/h3>\n<!-- \/wp:heading -->\n\n<!-- wp:paragraph -->\n<p><\/p>\n<!-- \/wp:paragraph -->\n\n<!-- wp:tadv\/classic-paragraph \/-->\n\n<!-- wp:paragraph -->\n<p>En el siguiente apartado encontrar\u00e1s la informaci\u00f3n completa sobre el proceso de admisi\u00f3n a los Ciclos Formativos.<\/p>\n<!-- \/wp:paragraph -->\n\n<!-- wp:paragraph -->\n<p><\/p>\n<!-- \/wp:paragraph -->\n\n<!-- wp:tadv\/classic-paragraph -->\n<p>\u00a0<\/p>\n<table style=\"border-collapse: collapse;width: 101.733%;height: 128px\">\n<tbody>\n<tr style=\"height: 62px\">\n<td style=\"width: 31.5439%;height: 128px;vertical-align: middle\" rowspan=\"2\"><br \/><span style=\"color: #3366ff\"><a style=\"color: #3366ff\" href=\"https:\/\/www.educacion.navarra.es\/en\/web\/dpto\/formacion-profesional\" target=\"_blank\" rel=\"noopener\"><strong>Informaci\u00f3n Formaci\u00f3n Profesional Curso 2023-2024<\/strong><\/a><\/span><\/td>\n<td style=\"width: 23.0479%;height: 56px\"><span style=\"color: #3366ff\"><a style=\"color: #3366ff\" href=\"https:\/\/www.navarra.es\/es\/tramites\/on\/-\/line\/inscripcion-en-ciclos-de-grado-medio-de-formacion-profesional-y-de-artes-plasticas-y-diseno\" target=\"_blank\" rel=\"noopener\">Enlace a Inscripci\u00f3n Grado Medio<\/a><\/span><\/td>\n<td style=\"width: 31.7349%;height: 56px\"><span style=\"color: #3366ff\"><a style=\"color: #3366ff\" href=\"https:\/\/www.navarra.es\/documents\/48192\/14555675\/20230420_GMCalendarioListasAdmisi%C3%B3n.pdf\/bc1b3714-48c0-56fe-a30e-99aee9936e26?t=1681994842649\" target=\"_blank\" rel=\"noopener\">Calendario Admisi\u00f3n GM<\/a><\/span><\/td>\n<\/tr>\n<tr style=\"height: 72px\">\n<td style=\"width: 23.0479%;height: 72px\"><span style=\"color: #3366ff\"><a style=\"color: #3366ff\" href=\"https:\/\/www.navarra.es\/es\/tramites\/on\/-\/line\/inscripcion-en-ciclos-de-grado-superior-de-formacion-profesional-y-de-artes-plasticas-y-diseno\" target=\"_blank\" rel=\"noopener\">Enlace a Inscripci\u00f3n Grado Superior<\/a><\/span><\/td>\n<td style=\"width: 31.7349%;height: 72px\"><a href=\"https:\/\/www.navarra.es\/documents\/48192\/6688082\/20230420_GSCalendarioListasAdmisi%C3%B3n.pdf\/73077c2b-e769-4518-ceee-56c6959b5559?t=1682073810879\" target=\"_blank\" rel=\"noopener\">Calendario Admisi\u00f3n GS<\/a>\u00a0<\/td>\n<\/tr>\n<\/tbody>\n<\/table>\n<!-- \/wp:tadv\/classic-paragraph -->\n\n<!-- wp:paragraph -->\n<p><\/p>\n<!-- \/wp:paragraph -->\n\n<!-- wp:heading {\"level\":3} -->\n<h3>Matr\u00edcula:<\/h3>\n<!-- \/wp:heading -->\n\n<!-- wp:paragraph -->\n<p><\/p>\n<!-- \/wp:paragraph -->\n\n<!-- wp:paragraph -->\n<p>Una vez admitido en el listado definitivo puedes formalizar la matr\u00edcula en los plazos indicados en el calendario de admisi\u00f3n.<\/p>\n<!-- \/wp:paragraph -->\n\n<!-- wp:paragraph -->\n<p><\/p>\n<!-- \/wp:paragraph -->\n\n<!-- wp:paragraph -->\n<p>Si optas a mejora de opci\u00f3n no debes efectuar el pago hasta que sepas que es tu matr\u00edcula definitiva.<\/p>\n<!-- \/wp:paragraph -->\n\n<!-- wp:paragraph -->\n<p><\/p>\n<!-- \/wp:paragraph -->\n\n<!-- wp:paragraph -->\n<p>Puedes descargar los documentos  para la matr\u00edcula desde aqu\u00ed:<\/p>\n<!-- \/wp:paragraph -->\n\n<!-- wp:paragraph -->\n<p><\/p>\n<!-- \/wp:paragraph -->\n\n<!-- wp:tadv\/classic-paragraph -->\n<table style=\"border-collapse: collapse;width: 100%;height: 21px\">\n<tbody>\n<tr style=\"height: 21px\">\n<td style=\"width: 50%;text-align: center;height: 21px\"><span style=\"color: #0000ff\"><a style=\"color: #0000ff\" href=\"https:\/\/docs.google.com\/document\/d\/1SJIdr3pcgzkHc_4RaeMc6b3bCaFZe0DWgQbLG32y5bM\/edit?usp=sharing\" target=\"_blank\" rel=\"noopener\">Documentaci\u00f3n Matr\u00edcula<\/a><\/span><\/td>\n<td style=\"width: 50%;text-align: center;height: 21px\">\n<p>&nbsp;<\/p>\n<p><span style=\"color: #0000ff\"><a style=\"color: #0000ff\" href=\"https:\/\/docs.google.com\/document\/d\/1zj0I-6QGP4M4NJpnxlhsmToi4IM_TFBU6tQmedS7jgg\/edit?usp=sharing\" target=\"_blank\" rel=\"noopener\">Hoja de Matr\u00edcula<\/a>&nbsp;<\/span>Descargar en el ordenador y rellenar<\/p>\n<p>&nbsp;<\/p>\n<\/td>\n<\/tr>\n<\/tbody>\n<\/table>\n<!-- \/wp:tadv\/classic-paragraph -->\n\n<!-- wp:paragraph -->\n<p><\/p>\n<!-- \/wp:paragraph -->\n\n<!-- wp:paragraph -->\n<p>En el caso de que<strong> no formalices <\/strong>la matr\u00edcula en plazo perder\u00e1s la plaza.<\/p>\n<!-- \/wp:paragraph -->\n\n<!-- wp:paragraph -->\n<p><\/p>\n<!-- \/wp:paragraph -->\n\n<!-- wp:paragraph -->\n<p><\/p>\n<!-- \/wp:paragraph -->\n\n<!-- wp:paragraph -->\n<p><strong>Importante: <\/strong><\/p>\n<!-- \/wp:paragraph -->\n\n<!-- wp:paragraph -->\n<p>El alumnado que<strong> resulte admitido en un listado definitivo<\/strong> <strong>causar\u00e1 baja<\/strong> en cualquier otra matr\u00edcula que tuviera.<\/p>\n<!-- \/wp:paragraph -->\n\n<!-- wp:tadv\/classic-paragraph \/-->\n\n<!-- wp:paragraph -->\n<p> <\/p>\n<!-- \/wp:paragraph -->\n\n<!-- wp:paragraph -->\n<p><\/p>\n<!-- \/wp:paragraph -->\n\n<!-- wp:group -->\n<div class=\"wp-block-group\"><!-- wp:paragraph -->\n<p><\/p>\n<!-- \/wp:paragraph -->\n\n<!-- wp:columns -->\n<div class=\"wp-block-columns\"><!-- wp:column {\"width\":\"100%\"} -->\n<div class=\"wp-block-column\" style=\"flex-basis:100%\"><!-- wp:buttons {\"layout\":{\"type\":\"flex\",\"orientation\":\"horizontal\",\"justifyContent\":\"center\"}} -->\n<div class=\"wp-block-buttons\"><\/div>\n<!-- \/wp:buttons --><\/div>\n<!-- \/wp:column --><\/div>\n<!-- \/wp:columns --><\/div>\n<!-- \/wp:group -->\n\n<!-- wp:tadv\/classic-paragraph -->\n<p>\u00a0<\/p>\n<p>\u00a0<\/p>\n<!-- \/wp:tadv\/classic-paragraph -->","_et_gb_content_width":"1080"},"yoast_head":"<!-- This site is optimized with the Yoast SEO plugin v19.13 - https:\/\/yoast.com\/wordpress\/plugins\/seo\/ -->\n<title>Admisi\u00f3n Ciclos Formativos de Grado Medio y Superior 2025-2026 - CIP Sakana<\/title>\n<meta name=\"robots\" content=\"index, follow, max-snippet:-1, max-image-preview:large, max-video-preview:-1\" \/>\n<link rel=\"canonical\" href=\"https:\/\/fpsakanalh.educacion.navarra.es\/web\/admision-ciclos-formativos-2022-2023\/\" \/>\n<meta property=\"og:locale\" content=\"es_ES\" \/>\n<meta property=\"og:type\" content=\"article\" \/>\n<meta property=\"og:title\" content=\"Admisi\u00f3n Ciclos Formativos de Grado Medio y Superior 2025-2026 - CIP Sakana\" \/>\n<meta property=\"og:description\" content=\"[et_pb_section fb_built=\u00bb1&#8243; admin_label=\u00bbsection\u00bb _builder_version=\u00bb3.22&#8243;][et_pb_row admin_label=\u00bbrow\u00bb _builder_version=\u00bb3.25&#8243; background_size=\u00bbinitial\u00bb background_position=\u00bbtop_left\u00bb background_repeat=\u00bbrepeat\u00bb][et_pb_column type=\u00bb4_4&#8243; _builder_version=\u00bb3.25&#8243; custom_padding=\u00bb|||\u00bb custom_padding__hover=\u00bb|||\u00bb][et_pb_text admin_label=\u00bbText\u00bb _builder_version=\u00bb3.27.4&#8243; background_size=\u00bbinitial\u00bb background_position=\u00bbtop_left\u00bb background_repeat=\u00bbrepeat\u00bb custom_margin=\u00bb|||48px||\u00bb] Matr\u00edculas Ciclos Formativos de Grado Medio y Superior 2026-2027 1. Plazo de inscripci\u00f3n del 20 al 30 de abril de 2026: Aqu\u00ed encontrar\u00e1s la informaci\u00f3n sobre el proceso de admisi\u00f3n a los Ciclos Formativos de Grado [&hellip;]\" \/>\n<meta property=\"og:url\" content=\"https:\/\/fpsakanalh.educacion.navarra.es\/web\/admision-ciclos-formativos-2022-2023\/\" \/>\n<meta property=\"og:site_name\" content=\"CIP Sakana\" \/>\n<meta property=\"article:modified_time\" content=\"2026-03-11T09:57:58+00:00\" \/>\n<meta name=\"twitter:card\" content=\"summary_large_image\" \/>\n<meta name=\"twitter:label1\" content=\"Tiempo de lectura\" \/>\n\t<meta name=\"twitter:data1\" content=\"1 minuto\" \/>\n<script type=\"application\/ld+json\" class=\"yoast-schema-graph\">{\"@context\":\"https:\/\/schema.org\",\"@graph\":[{\"@type\":\"WebPage\",\"@id\":\"https:\/\/fpsakanalh.educacion.navarra.es\/web\/admision-ciclos-formativos-2022-2023\/\",\"url\":\"https:\/\/fpsakanalh.educacion.navarra.es\/web\/admision-ciclos-formativos-2022-2023\/\",\"name\":\"Admisi\u00f3n Ciclos Formativos de Grado Medio y Superior 2025-2026 - CIP Sakana\",\"isPartOf\":{\"@id\":\"https:\/\/fpsakanalh.educacion.navarra.es\/web\/#website\"},\"datePublished\":\"2022-09-02T10:23:11+00:00\",\"dateModified\":\"2026-03-11T09:57:58+00:00\",\"breadcrumb\":{\"@id\":\"https:\/\/fpsakanalh.educacion.navarra.es\/web\/admision-ciclos-formativos-2022-2023\/#breadcrumb\"},\"inLanguage\":\"es\",\"potentialAction\":[{\"@type\":\"ReadAction\",\"target\":[\"https:\/\/fpsakanalh.educacion.navarra.es\/web\/admision-ciclos-formativos-2022-2023\/\"]}]},{\"@type\":\"BreadcrumbList\",\"@id\":\"https:\/\/fpsakanalh.educacion.navarra.es\/web\/admision-ciclos-formativos-2022-2023\/#breadcrumb\",\"itemListElement\":[{\"@type\":\"ListItem\",\"position\":1,\"name\":\"Portada\",\"item\":\"https:\/\/fpsakanalh.educacion.navarra.es\/web\/\"},{\"@type\":\"ListItem\",\"position\":2,\"name\":\"Admisi\u00f3n Ciclos Formativos de Grado Medio y Superior 2025-2026\"}]},{\"@type\":\"WebSite\",\"@id\":\"https:\/\/fpsakanalh.educacion.navarra.es\/web\/#website\",\"url\":\"https:\/\/fpsakanalh.educacion.navarra.es\/web\/\",\"name\":\"CIP Sakana\",\"description\":\"Sitio web del CIP Sakana\",\"potentialAction\":[{\"@type\":\"SearchAction\",\"target\":{\"@type\":\"EntryPoint\",\"urlTemplate\":\"https:\/\/fpsakanalh.educacion.navarra.es\/web\/?s={search_term_string}\"},\"query-input\":\"required name=search_term_string\"}],\"inLanguage\":\"es\"}]}<\/script>\n<!-- \/ Yoast SEO plugin. -->","yoast_head_json":{"title":"Admisi\u00f3n Ciclos Formativos de Grado Medio y Superior 2025-2026 - CIP Sakana","robots":{"index":"index","follow":"follow","max-snippet":"max-snippet:-1","max-image-preview":"max-image-preview:large","max-video-preview":"max-video-preview:-1"},"canonical":"https:\/\/fpsakanalh.educacion.navarra.es\/web\/admision-ciclos-formativos-2022-2023\/","og_locale":"es_ES","og_type":"article","og_title":"Admisi\u00f3n Ciclos Formativos de Grado Medio y Superior 2025-2026 - CIP Sakana","og_description":"[et_pb_section fb_built=\u00bb1&#8243; admin_label=\u00bbsection\u00bb _builder_version=\u00bb3.22&#8243;][et_pb_row admin_label=\u00bbrow\u00bb _builder_version=\u00bb3.25&#8243; background_size=\u00bbinitial\u00bb background_position=\u00bbtop_left\u00bb background_repeat=\u00bbrepeat\u00bb][et_pb_column type=\u00bb4_4&#8243; _builder_version=\u00bb3.25&#8243; custom_padding=\u00bb|||\u00bb custom_padding__hover=\u00bb|||\u00bb][et_pb_text admin_label=\u00bbText\u00bb _builder_version=\u00bb3.27.4&#8243; background_size=\u00bbinitial\u00bb background_position=\u00bbtop_left\u00bb background_repeat=\u00bbrepeat\u00bb custom_margin=\u00bb|||48px||\u00bb] Matr\u00edculas Ciclos Formativos de Grado Medio y Superior 2026-2027 1. Plazo de inscripci\u00f3n del 20 al 30 de abril de 2026: Aqu\u00ed encontrar\u00e1s la informaci\u00f3n sobre el proceso de admisi\u00f3n a los Ciclos Formativos de Grado [&hellip;]","og_url":"https:\/\/fpsakanalh.educacion.navarra.es\/web\/admision-ciclos-formativos-2022-2023\/","og_site_name":"CIP Sakana","article_modified_time":"2026-03-11T09:57:58+00:00","twitter_card":"summary_large_image","twitter_misc":{"Tiempo de lectura":"1 minuto"},"schema":{"@context":"https:\/\/schema.org","@graph":[{"@type":"WebPage","@id":"https:\/\/fpsakanalh.educacion.navarra.es\/web\/admision-ciclos-formativos-2022-2023\/","url":"https:\/\/fpsakanalh.educacion.navarra.es\/web\/admision-ciclos-formativos-2022-2023\/","name":"Admisi\u00f3n Ciclos Formativos de Grado Medio y Superior 2025-2026 - CIP Sakana","isPartOf":{"@id":"https:\/\/fpsakanalh.educacion.navarra.es\/web\/#website"},"datePublished":"2022-09-02T10:23:11+00:00","dateModified":"2026-03-11T09:57:58+00:00","breadcrumb":{"@id":"https:\/\/fpsakanalh.educacion.navarra.es\/web\/admision-ciclos-formativos-2022-2023\/#breadcrumb"},"inLanguage":"es","potentialAction":[{"@type":"ReadAction","target":["https:\/\/fpsakanalh.educacion.navarra.es\/web\/admision-ciclos-formativos-2022-2023\/"]}]},{"@type":"BreadcrumbList","@id":"https:\/\/fpsakanalh.educacion.navarra.es\/web\/admision-ciclos-formativos-2022-2023\/#breadcrumb","itemListElement":[{"@type":"ListItem","position":1,"name":"Portada","item":"https:\/\/fpsakanalh.educacion.navarra.es\/web\/"},{"@type":"ListItem","position":2,"name":"Admisi\u00f3n Ciclos Formativos de Grado Medio y Superior 2025-2026"}]},{"@type":"WebSite","@id":"https:\/\/fpsakanalh.educacion.navarra.es\/web\/#website","url":"https:\/\/fpsakanalh.educacion.navarra.es\/web\/","name":"CIP Sakana","description":"Sitio web del CIP Sakana","potentialAction":[{"@type":"SearchAction","target":{"@type":"EntryPoint","urlTemplate":"https:\/\/fpsakanalh.educacion.navarra.es\/web\/?s={search_term_string}"},"query-input":"required name=search_term_string"}],"inLanguage":"es"}]}},"_links":{"self":[{"href":"https:\/\/fpsakanalh.educacion.navarra.es\/web\/wp-json\/wp\/v2\/pages\/6574"}],"collection":[{"href":"https:\/\/fpsakanalh.educacion.navarra.es\/web\/wp-json\/wp\/v2\/pages"}],"about":[{"href":"https:\/\/fpsakanalh.educacion.navarra.es\/web\/wp-json\/wp\/v2\/types\/page"}],"author":[{"embeddable":true,"href":"https:\/\/fpsakanalh.educacion.navarra.es\/web\/wp-json\/wp\/v2\/users\/1"}],"replies":[{"embeddable":true,"href":"https:\/\/fpsakanalh.educacion.navarra.es\/web\/wp-json\/wp\/v2\/comments?post=6574"}],"version-history":[{"count":94,"href":"https:\/\/fpsakanalh.educacion.navarra.es\/web\/wp-json\/wp\/v2\/pages\/6574\/revisions"}],"predecessor-version":[{"id":10025,"href":"https:\/\/fpsakanalh.educacion.navarra.es\/web\/wp-json\/wp\/v2\/pages\/6574\/revisions\/10025"}],"wp:attachment":[{"href":"https:\/\/fpsakanalh.educacion.navarra.es\/web\/wp-json\/wp\/v2\/media?parent=6574"}],"curies":[{"name":"wp","href":"https:\/\/api.w.org\/{rel}","templated":true}]}}