{"id":7531,"date":"2023-03-10T13:07:28","date_gmt":"2023-03-10T12:07:28","guid":{"rendered":"https:\/\/fpsakanalh.educacion.navarra.es\/web\/?page_id=7531"},"modified":"2025-03-17T12:28:51","modified_gmt":"2025-03-17T11:28:51","slug":"solicitud-de-titulos","status":"publish","type":"page","link":"https:\/\/fpsakanalh.educacion.navarra.es\/web\/solicitud-de-titulos\/","title":{"rendered":"Solicitud de T\u00edtulos"},"content":{"rendered":"[et_pb_section fb_built=\u00bb1&#8243; admin_label=\u00bbsection\u00bb _builder_version=\u00bb3.22&#8243;][et_pb_row admin_label=\u00bbrow\u00bb _builder_version=\u00bb3.25&#8243; background_size=\u00bbinitial\u00bb background_position=\u00bbtop_left\u00bb background_repeat=\u00bbrepeat\u00bb][et_pb_column type=\u00bb4_4&#8243; _builder_version=\u00bb3.25&#8243; custom_padding=\u00bb|||\u00bb custom_padding__hover=\u00bb|||\u00bb][et_pb_text admin_label=\u00bbText\u00bb _builder_version=\u00bb3.27.4&#8243; background_size=\u00bbinitial\u00bb background_position=\u00bbtop_left\u00bb background_repeat=\u00bbrepeat\u00bb]<p><\/p>\n<p><\/p>\n<h2 class=\"has-text-align-left\">Procedimiento para la solicitud de t\u00edtulos en el CIP FP Sakana LH IIP de Altsasu\/Alsasua<\/h2>\n<p><\/p>\n<p><\/p>\n<p><\/p>\n<p><span style=\"color: #000000\"><\/span><\/p>\n<p><span style=\"color: #000000\">Una vez consultado el <strong>bolet\u00edn de notas<\/strong>, si has aprobado todos los m\u00f3dulos, incluido FCT, puedes solicitar el t\u00edtulo.<\/span><\/p>\n<p><span style=\"color: #000000\">Para ello debes realizar los siguientes pasos:<\/span><span style=\"color: #000000\"><\/span><\/p>\n<div class=\"wp-block-columns\">\n<p><span style=\"color: #000000\"><\/span><\/p>\n<div class=\"wp-block-column\" style=\"flex-basis: 100%\">\n<p><span style=\"color: #000000\"><\/span><\/p>\n<div class=\"wp-container-1 wp-block-group\"><div class=\"wp-block-group__inner-container\">\n<p><span style=\"color: #000000\"><\/span><\/p>\n<p><span style=\"color: #000000\"><strong>1.-<\/strong> Descarga en tu ordenador el impreso de <span style=\"color: #0a4bb2\"><a href=\"https:\/\/docs.google.com\/document\/d\/1rVFw4dmsVL8wdl41jdSXPGBofS2kkEXazn1R7APSb2Y\/copy\" target=\"_blank\" rel=\"noopener\" style=\"color: #0a4bb2\"><strong>Solicitud de T\u00edtulo<\/strong>\u00a0<\/a><\/span><\/span><\/p>\n<p><span style=\"color: #000000\"><\/span><\/p>\n<p><span style=\"color: #000000\"><\/span><\/p>\n<p><span style=\"color: #000000\"><strong>2.-<\/strong> Cumplim\u00e9ntalo con tus datos.<\/span><\/p>\n<p><span style=\"color: #000000\"><\/span><\/p>\n<p><span style=\"color: #000000\"><\/span><\/p>\n<p><span style=\"color: #000000\"><strong>3.-<\/strong> Efect\u00faa el pago:<\/span><\/p>\n<p><\/p>\n<p><\/p>\n<ul>\n<li style=\"list-style-type: none\">\n<ul>\n<li><a href=\"https:\/\/docs.google.com\/document\/d\/1t-Uvn58_OLNOYM1cr1wkg4801ARmwtEFae4eQDGK8Sw\/edit?usp=sharing\" target=\"_blank\" rel=\"noreferrer noopener\"><span style=\"color: #3366ff\"><strong>Informaci\u00f3n tasas<\/strong><\/span><\/a><\/li>\n<\/ul>\n<\/li>\n<\/ul>\n<p><\/p>\n<p><strong>4<span style=\"color: #000000\">.<\/span><\/strong><span style=\"color: #000000\">&#8211; Entr\u00e9galo en el Centro (solicitud y comprobante de pago)<\/span><\/p>\n<p><span style=\"color: #000000\"><\/span><\/p>\n<p><span style=\"color: #000000\"><\/span><\/p>\n<p><span style=\"color: #000000\"><strong>5.-<\/strong> Recibir\u00e1s un <strong>resguardo<\/strong> que es el documento que te servir\u00e1 junto con el pago de las tasas como justificante mientras llega el t\u00edtulo.<\/span><\/p>\n<p><\/p>\n<\/div>\n<p><\/p>\n<\/div>\n<p><\/p>\n<\/div><\/div>\n<p><\/p>\n<p><\/p>\n<p><\/p>\n<p><\/p>\n<p><\/p>\n<p><\/p>\n<p><\/p>\n<p><\/p>\n<p><\/p>\n<p><\/p>\n<p><\/p>\n<p><\/p>[\/et_pb_text][\/et_pb_column][\/et_pb_row][\/et_pb_section]","protected":false},"excerpt":{"rendered":"<p>[et_pb_section fb_built=\u00bb1&#8243; admin_label=\u00bbsection\u00bb _builder_version=\u00bb3.22&#8243;][et_pb_row admin_label=\u00bbrow\u00bb _builder_version=\u00bb3.25&#8243; background_size=\u00bbinitial\u00bb background_position=\u00bbtop_left\u00bb background_repeat=\u00bbrepeat\u00bb][et_pb_column type=\u00bb4_4&#8243; _builder_version=\u00bb3.25&#8243; custom_padding=\u00bb|||\u00bb custom_padding__hover=\u00bb|||\u00bb][et_pb_text admin_label=\u00bbText\u00bb _builder_version=\u00bb3.27.4&#8243; background_size=\u00bbinitial\u00bb background_position=\u00bbtop_left\u00bb background_repeat=\u00bbrepeat\u00bb] Procedimiento para la solicitud de t\u00edtulos en el CIP FP Sakana LH IIP de Altsasu\/Alsasua Una vez consultado el bolet\u00edn de notas, si has aprobado todos los m\u00f3dulos, incluido FCT, puedes solicitar el t\u00edtulo. Para ello debes [&hellip;]<\/p>\n","protected":false},"author":7,"featured_media":0,"parent":0,"menu_order":0,"comment_status":"closed","ping_status":"closed","template":"","meta":{"_et_pb_use_builder":"on","_et_pb_old_content":"<!-- wp:tadv\/classic-paragraph \/-->\n\n<!-- wp:heading {\"textAlign\":\"left\"} -->\n<h2 class=\"has-text-align-left\">Procedimiento para la solicitud de t\u00edtulos en el CIP FP Sakana LH IIP de Altsasu\/Alsasua<\/h2>\n<!-- \/wp:heading -->\n\n<!-- wp:paragraph -->\n<p><\/p>\n<!-- \/wp:paragraph -->\n\n<!-- wp:tadv\/classic-paragraph -->\n<p>Una vez consultado el <span style=\"color: #000000\"><strong>bolet\u00edn de notas<\/strong>,<\/span> si has aprobado todos los m\u00f3dulos, incluido FCT, puedes solicitar el t\u00edtulo.<\/p>\n<p>Para ello debes realizar los siguientes pasos:<\/p>\n<!-- \/wp:tadv\/classic-paragraph -->\n\n<!-- wp:columns -->\n<div class=\"wp-block-columns\"><!-- wp:column {\"width\":\"100%\"} -->\n<div class=\"wp-block-column\" style=\"flex-basis:100%\"><!-- wp:group -->\n<div class=\"wp-block-group\"><!-- wp:tadv\/classic-paragraph -->\n<p><strong>1.-<\/strong> Descarga en tu ordenador el impreso de <a href=\"https:\/\/docs.google.com\/document\/d\/1KGbuj1IBVMToRASWbh5OHfmcgldA93h-DDk3DQUtB9w\/copy\" target=\"_blank\" rel=\"noopener\"><span style=\"color: #3366ff\"><strong>Solicitud de T\u00edtulo<\/strong><\/span>\u00a0<\/a><\/p>\n<!-- \/wp:tadv\/classic-paragraph -->\n\n<!-- wp:paragraph -->\n<p><strong>2.-<\/strong> Cumplim\u00e9ntalo con tus datos.<\/p>\n<!-- \/wp:paragraph -->\n\n<!-- wp:paragraph -->\n<p><\/p>\n<!-- \/wp:paragraph -->\n\n<!-- wp:paragraph -->\n<p><strong>3.-<\/strong> Efect\u00faa el pago:<\/p>\n<!-- \/wp:paragraph -->\n\n<!-- wp:tadv\/classic-paragraph -->\n<ul>\n<li style=\"list-style-type: none\">\n<ul>\n<li><a href=\"https:\/\/docs.google.com\/document\/d\/1t-Uvn58_OLNOYM1cr1wkg4801ARmwtEFae4eQDGK8Sw\/edit?usp=sharing\" target=\"_blank\" rel=\"noreferrer noopener\"><span style=\"color: #3366ff\"><strong>Informaci\u00f3n tasas<\/strong><\/span><\/a><\/li>\n<\/ul>\n<\/li>\n<\/ul>\n<!-- \/wp:tadv\/classic-paragraph -->\n\n<!-- wp:paragraph -->\n<p><strong>4.<\/strong>- Entr\u00e9galo en el Centro (solicitud y comprobante de pago)<\/p>\n<!-- \/wp:paragraph -->\n\n<!-- wp:tadv\/classic-paragraph -->\n<p><strong>5.-<\/strong> Recibir\u00e1s un <strong>resguardo<\/strong> que es el documento que te servir\u00e1 junto con el pago de las tasas como justificante mientras llega el t\u00edtulo.<\/p>\n<!-- \/wp:tadv\/classic-paragraph --><\/div>\n<!-- \/wp:group --><\/div>\n<!-- \/wp:column --><\/div>\n<!-- \/wp:columns -->\n\n<!-- wp:paragraph -->\n<p>    <\/p>\n<!-- \/wp:paragraph -->\n\n<!-- wp:paragraph -->\n<p><\/p>\n<!-- \/wp:paragraph -->\n\n<!-- wp:paragraph -->\n<p><\/p>\n<!-- \/wp:paragraph -->\n\n<!-- wp:paragraph -->\n<p><\/p>\n<!-- \/wp:paragraph -->\n\n<!-- wp:paragraph -->\n<p><\/p>\n<!-- \/wp:paragraph -->\n\n<!-- wp:tadv\/classic-paragraph \/-->","_et_gb_content_width":"1080"},"yoast_head":"<!-- This site is optimized with the Yoast SEO plugin v19.13 - https:\/\/yoast.com\/wordpress\/plugins\/seo\/ -->\n<title>Solicitud de T\u00edtulos - CIP Sakana<\/title>\n<meta name=\"robots\" content=\"index, follow, max-snippet:-1, max-image-preview:large, max-video-preview:-1\" \/>\n<link rel=\"canonical\" href=\"https:\/\/fpsakanalh.educacion.navarra.es\/web\/solicitud-de-titulos\/\" \/>\n<meta property=\"og:locale\" content=\"es_ES\" \/>\n<meta property=\"og:type\" content=\"article\" \/>\n<meta property=\"og:title\" content=\"Solicitud de T\u00edtulos - CIP Sakana\" \/>\n<meta property=\"og:description\" content=\"[et_pb_section fb_built=\u00bb1&#8243; admin_label=\u00bbsection\u00bb _builder_version=\u00bb3.22&#8243;][et_pb_row admin_label=\u00bbrow\u00bb _builder_version=\u00bb3.25&#8243; background_size=\u00bbinitial\u00bb background_position=\u00bbtop_left\u00bb background_repeat=\u00bbrepeat\u00bb][et_pb_column type=\u00bb4_4&#8243; _builder_version=\u00bb3.25&#8243; custom_padding=\u00bb|||\u00bb custom_padding__hover=\u00bb|||\u00bb][et_pb_text admin_label=\u00bbText\u00bb _builder_version=\u00bb3.27.4&#8243; background_size=\u00bbinitial\u00bb background_position=\u00bbtop_left\u00bb background_repeat=\u00bbrepeat\u00bb] Procedimiento para la solicitud de t\u00edtulos en el CIP FP Sakana LH IIP de Altsasu\/Alsasua Una vez consultado el bolet\u00edn de notas, si has aprobado todos los m\u00f3dulos, incluido FCT, puedes solicitar el t\u00edtulo. Para ello debes [&hellip;]\" \/>\n<meta property=\"og:url\" content=\"https:\/\/fpsakanalh.educacion.navarra.es\/web\/solicitud-de-titulos\/\" \/>\n<meta property=\"og:site_name\" content=\"CIP Sakana\" \/>\n<meta property=\"article:modified_time\" content=\"2025-03-17T11:28:51+00:00\" \/>\n<meta name=\"twitter:card\" content=\"summary_large_image\" \/>\n<meta name=\"twitter:label1\" content=\"Tiempo de lectura\" \/>\n\t<meta name=\"twitter:data1\" content=\"1 minuto\" \/>\n<script type=\"application\/ld+json\" class=\"yoast-schema-graph\">{\"@context\":\"https:\/\/schema.org\",\"@graph\":[{\"@type\":\"WebPage\",\"@id\":\"https:\/\/fpsakanalh.educacion.navarra.es\/web\/solicitud-de-titulos\/\",\"url\":\"https:\/\/fpsakanalh.educacion.navarra.es\/web\/solicitud-de-titulos\/\",\"name\":\"Solicitud de T\u00edtulos - CIP Sakana\",\"isPartOf\":{\"@id\":\"https:\/\/fpsakanalh.educacion.navarra.es\/web\/#website\"},\"datePublished\":\"2023-03-10T12:07:28+00:00\",\"dateModified\":\"2025-03-17T11:28:51+00:00\",\"breadcrumb\":{\"@id\":\"https:\/\/fpsakanalh.educacion.navarra.es\/web\/solicitud-de-titulos\/#breadcrumb\"},\"inLanguage\":\"es\",\"potentialAction\":[{\"@type\":\"ReadAction\",\"target\":[\"https:\/\/fpsakanalh.educacion.navarra.es\/web\/solicitud-de-titulos\/\"]}]},{\"@type\":\"BreadcrumbList\",\"@id\":\"https:\/\/fpsakanalh.educacion.navarra.es\/web\/solicitud-de-titulos\/#breadcrumb\",\"itemListElement\":[{\"@type\":\"ListItem\",\"position\":1,\"name\":\"Portada\",\"item\":\"https:\/\/fpsakanalh.educacion.navarra.es\/web\/\"},{\"@type\":\"ListItem\",\"position\":2,\"name\":\"Solicitud de T\u00edtulos\"}]},{\"@type\":\"WebSite\",\"@id\":\"https:\/\/fpsakanalh.educacion.navarra.es\/web\/#website\",\"url\":\"https:\/\/fpsakanalh.educacion.navarra.es\/web\/\",\"name\":\"CIP Sakana\",\"description\":\"Sitio web del CIP Sakana\",\"potentialAction\":[{\"@type\":\"SearchAction\",\"target\":{\"@type\":\"EntryPoint\",\"urlTemplate\":\"https:\/\/fpsakanalh.educacion.navarra.es\/web\/?s={search_term_string}\"},\"query-input\":\"required name=search_term_string\"}],\"inLanguage\":\"es\"}]}<\/script>\n<!-- \/ Yoast SEO plugin. -->","yoast_head_json":{"title":"Solicitud de T\u00edtulos - CIP Sakana","robots":{"index":"index","follow":"follow","max-snippet":"max-snippet:-1","max-image-preview":"max-image-preview:large","max-video-preview":"max-video-preview:-1"},"canonical":"https:\/\/fpsakanalh.educacion.navarra.es\/web\/solicitud-de-titulos\/","og_locale":"es_ES","og_type":"article","og_title":"Solicitud de T\u00edtulos - CIP Sakana","og_description":"[et_pb_section fb_built=\u00bb1&#8243; admin_label=\u00bbsection\u00bb _builder_version=\u00bb3.22&#8243;][et_pb_row admin_label=\u00bbrow\u00bb _builder_version=\u00bb3.25&#8243; background_size=\u00bbinitial\u00bb background_position=\u00bbtop_left\u00bb background_repeat=\u00bbrepeat\u00bb][et_pb_column type=\u00bb4_4&#8243; _builder_version=\u00bb3.25&#8243; custom_padding=\u00bb|||\u00bb custom_padding__hover=\u00bb|||\u00bb][et_pb_text admin_label=\u00bbText\u00bb _builder_version=\u00bb3.27.4&#8243; background_size=\u00bbinitial\u00bb background_position=\u00bbtop_left\u00bb background_repeat=\u00bbrepeat\u00bb] Procedimiento para la solicitud de t\u00edtulos en el CIP FP Sakana LH IIP de Altsasu\/Alsasua Una vez consultado el bolet\u00edn de notas, si has aprobado todos los m\u00f3dulos, incluido FCT, puedes solicitar el t\u00edtulo. Para ello debes [&hellip;]","og_url":"https:\/\/fpsakanalh.educacion.navarra.es\/web\/solicitud-de-titulos\/","og_site_name":"CIP Sakana","article_modified_time":"2025-03-17T11:28:51+00:00","twitter_card":"summary_large_image","twitter_misc":{"Tiempo de lectura":"1 minuto"},"schema":{"@context":"https:\/\/schema.org","@graph":[{"@type":"WebPage","@id":"https:\/\/fpsakanalh.educacion.navarra.es\/web\/solicitud-de-titulos\/","url":"https:\/\/fpsakanalh.educacion.navarra.es\/web\/solicitud-de-titulos\/","name":"Solicitud de T\u00edtulos - CIP Sakana","isPartOf":{"@id":"https:\/\/fpsakanalh.educacion.navarra.es\/web\/#website"},"datePublished":"2023-03-10T12:07:28+00:00","dateModified":"2025-03-17T11:28:51+00:00","breadcrumb":{"@id":"https:\/\/fpsakanalh.educacion.navarra.es\/web\/solicitud-de-titulos\/#breadcrumb"},"inLanguage":"es","potentialAction":[{"@type":"ReadAction","target":["https:\/\/fpsakanalh.educacion.navarra.es\/web\/solicitud-de-titulos\/"]}]},{"@type":"BreadcrumbList","@id":"https:\/\/fpsakanalh.educacion.navarra.es\/web\/solicitud-de-titulos\/#breadcrumb","itemListElement":[{"@type":"ListItem","position":1,"name":"Portada","item":"https:\/\/fpsakanalh.educacion.navarra.es\/web\/"},{"@type":"ListItem","position":2,"name":"Solicitud de T\u00edtulos"}]},{"@type":"WebSite","@id":"https:\/\/fpsakanalh.educacion.navarra.es\/web\/#website","url":"https:\/\/fpsakanalh.educacion.navarra.es\/web\/","name":"CIP Sakana","description":"Sitio web del CIP Sakana","potentialAction":[{"@type":"SearchAction","target":{"@type":"EntryPoint","urlTemplate":"https:\/\/fpsakanalh.educacion.navarra.es\/web\/?s={search_term_string}"},"query-input":"required name=search_term_string"}],"inLanguage":"es"}]}},"_links":{"self":[{"href":"https:\/\/fpsakanalh.educacion.navarra.es\/web\/wp-json\/wp\/v2\/pages\/7531"}],"collection":[{"href":"https:\/\/fpsakanalh.educacion.navarra.es\/web\/wp-json\/wp\/v2\/pages"}],"about":[{"href":"https:\/\/fpsakanalh.educacion.navarra.es\/web\/wp-json\/wp\/v2\/types\/page"}],"author":[{"embeddable":true,"href":"https:\/\/fpsakanalh.educacion.navarra.es\/web\/wp-json\/wp\/v2\/users\/7"}],"replies":[{"embeddable":true,"href":"https:\/\/fpsakanalh.educacion.navarra.es\/web\/wp-json\/wp\/v2\/comments?post=7531"}],"version-history":[{"count":24,"href":"https:\/\/fpsakanalh.educacion.navarra.es\/web\/wp-json\/wp\/v2\/pages\/7531\/revisions"}],"predecessor-version":[{"id":9592,"href":"https:\/\/fpsakanalh.educacion.navarra.es\/web\/wp-json\/wp\/v2\/pages\/7531\/revisions\/9592"}],"wp:attachment":[{"href":"https:\/\/fpsakanalh.educacion.navarra.es\/web\/wp-json\/wp\/v2\/media?parent=7531"}],"curies":[{"name":"wp","href":"https:\/\/api.w.org\/{rel}","templated":true}]}}