{"id":7546,"date":"2023-03-13T08:53:27","date_gmt":"2023-03-13T07:53:27","guid":{"rendered":"https:\/\/fpsakanalh.educacion.navarra.es\/web\/?page_id=7546"},"modified":"2025-03-13T14:07:40","modified_gmt":"2025-03-13T13:07:40","slug":"solicitud-de-convalidacion","status":"publish","type":"page","link":"https:\/\/fpsakanalh.educacion.navarra.es\/web\/solicitud-de-convalidacion\/","title":{"rendered":"Solicitud de Convalidaci\u00f3n"},"content":{"rendered":"<p>[et_pb_section fb_built=\u00bb1&#8243; admin_label=\u00bbsection\u00bb _builder_version=\u00bb3.22&#8243;][et_pb_row admin_label=\u00bbrow\u00bb _builder_version=\u00bb3.25&#8243; background_size=\u00bbinitial\u00bb background_position=\u00bbtop_left\u00bb background_repeat=\u00bbrepeat\u00bb][et_pb_column type=\u00bb4_4&#8243; _builder_version=\u00bb3.25&#8243; custom_padding=\u00bb|||\u00bb custom_padding__hover=\u00bb|||\u00bb][et_pb_text admin_label=\u00bbText\u00bb _builder_version=\u00bb3.27.4&#8243; background_size=\u00bbinitial\u00bb background_position=\u00bbtop_left\u00bb background_repeat=\u00bbrepeat\u00bb]<\/p>\n<h2 class=\"has-text-align-left\"><\/h2>\n<p>&nbsp;<\/p>\n<h2 class=\"has-text-align-left\"><\/h2>\n<h2 class=\"has-text-align-left\"><\/h2>\n<h2 class=\"has-text-align-left\">Procedimiento para la solicitud de Convalidaci\u00f3n en el CIP FP Sakana LH IIP de Altsasu\/Alsasua<\/h2>\n<p><span style=\"color: #333333\"><\/span><\/p>\n<p><span style=\"color: #333333\"><\/span><\/p>\n<p><span style=\"color: #333333\">Una vez formalizada la matr\u00edcula (Ciclos de Grado Medio, Superior\u00a0 y Deportivas) puedes solicitar la <strong>Convalidaci\u00f3n<\/strong> de m\u00f3dulos. Para ello debes seguir los siguientes pasos:<\/span><\/p>\n<ol>\n<li style=\"list-style-type: none\">\n<ol>\n<li><span style=\"color: #333333\">Descarga en tu ordenador el <span style=\"color: #0000ff\"><a style=\"color: #0000ff\" href=\"https:\/\/docs.google.com\/document\/d\/1H8K6qMggVjnLx9vOHoULgW4vVKEsQQ9-ZWSrmgaVhSo\/copy\" target=\"_blank\" rel=\"noopener\"><strong>impreso<\/strong><\/a> <\/span>de Solicitud de Convalidaci\u00f3n.<\/span><\/li>\n<li><span style=\"color: #333333\">Cumplim\u00e9ntalo con tus datos.<\/span><\/li>\n<li><span style=\"color: #333333\">Entr\u00e9galo en la oficina del <strong>Centro<\/strong> junto con la documentaci\u00f3n con la que quieres convalidar (<strong>Certificado de notas<\/strong> de la formaci\u00f3n anterior).\u00a0<\/span><\/li>\n<li><span style=\"color: #333333\">Una vez resuelta la convalidaci\u00f3n, estar\u00e1 actualizada en <strong>Educa<\/strong>.<\/span><span style=\"color: #333333\"><\/span><\/li>\n<\/ol>\n<p><span style=\"color: #333333\"><\/span><\/p>\n<\/li>\n<\/ol>\n<p><span style=\"color: #333333\"><\/span><\/p>\n<p><span style=\"color: #333333\"><\/span><\/p>\n<p><span style=\"color: #333333\"><\/span><\/p>\n<p>[\/et_pb_text][\/et_pb_column][\/et_pb_row][\/et_pb_section]<\/p>\n","protected":false},"excerpt":{"rendered":"<p>[et_pb_section fb_built=\u00bb1&#8243; admin_label=\u00bbsection\u00bb _builder_version=\u00bb3.22&#8243;][et_pb_row admin_label=\u00bbrow\u00bb _builder_version=\u00bb3.25&#8243; background_size=\u00bbinitial\u00bb background_position=\u00bbtop_left\u00bb background_repeat=\u00bbrepeat\u00bb][et_pb_column type=\u00bb4_4&#8243; _builder_version=\u00bb3.25&#8243; custom_padding=\u00bb|||\u00bb custom_padding__hover=\u00bb|||\u00bb][et_pb_text admin_label=\u00bbText\u00bb _builder_version=\u00bb3.27.4&#8243; background_size=\u00bbinitial\u00bb background_position=\u00bbtop_left\u00bb background_repeat=\u00bbrepeat\u00bb] &nbsp; Procedimiento para la solicitud de Convalidaci\u00f3n en el CIP FP Sakana LH IIP de Altsasu\/Alsasua Una vez formalizada la matr\u00edcula (Ciclos de Grado Medio, Superior\u00a0 y Deportivas) puedes solicitar la Convalidaci\u00f3n de m\u00f3dulos. Para ello debes [&hellip;]<\/p>\n","protected":false},"author":1,"featured_media":0,"parent":0,"menu_order":0,"comment_status":"closed","ping_status":"closed","template":"","meta":{"_et_pb_use_builder":"on","_et_pb_old_content":"<!-- wp:tadv\/classic-paragraph \/-->\n\n<!-- wp:heading {\"textAlign\":\"left\"} -->\n<h2 class=\"has-text-align-left\">Procedimiento para la solicitud de Convalidaci\u00f3n en el CIP FP Sakana LH IIP de Altsasu\/Alsasua<\/h2>\n<!-- \/wp:heading -->\n\n<!-- wp:paragraph -->\n<p><\/p>\n<!-- \/wp:paragraph -->\n\n<!-- wp:tadv\/classic-paragraph -->\n<p>Una vez formalizada la matr\u00edcula (Ciclos de Grado Medio, Superior&nbsp; y Deportivas) puedes solicitar la Convalidaci\u00f3n de m\u00f3dulos. Para ello debes seguir los siguientes pasos:<\/p>\n<p>&nbsp;<\/p>\n<!-- \/wp:tadv\/classic-paragraph -->\n\n<!-- wp:heading {\"level\":4} -->\n<h4><\/h4>\n<!-- \/wp:heading -->\n\n<!-- wp:tadv\/classic-paragraph -->\n<ol>\n<li style=\"list-style-type: none\">\n<ol>\n<li>Descarga en tu ordenador el <a href=\"https:\/\/fpsakanalh.educacion.navarra.es\/web\/wp-content\/uploads\/2024\/07\/Solitud-de-Convalidacion.pdf\" target=\"_blank\" rel=\"noopener\"><span style=\"color: #3366ff\"><strong>impreso<\/strong><\/span><\/a> de Solicitud de Convalidaci\u00f3n<\/li>\n<li>Cumplim\u00e9ntalo con tus datos<\/li>\n<li>Entr\u00e9galo o env\u00edalo al Centro junto con la documentaci\u00f3n con la que quieres convalidar (Certificado de notas de la formaci\u00f3n anterior)\n<ul>\n<li>Correo electr\u00f3nico: iestexer@educacion.navarra.es<\/li>\n<\/ul>\n<\/li>\n<li>Una vez resuelta la convalidaci\u00f3n, estar\u00e1 actualizada en Educa.<\/li>\n<\/ol>\n<\/li>\n<\/ol>\n<!-- \/wp:tadv\/classic-paragraph -->\n\n<!-- wp:tadv\/classic-paragraph \/-->\n\n<!-- wp:paragraph -->\n<p>    <\/p>\n<!-- \/wp:paragraph -->\n\n<!-- wp:paragraph -->\n<p><\/p>\n<!-- \/wp:paragraph -->\n\n<!-- wp:paragraph -->\n<p><\/p>\n<!-- \/wp:paragraph -->\n\n<!-- wp:paragraph -->\n<p><\/p>\n<!-- \/wp:paragraph -->\n\n<!-- wp:paragraph -->\n<p><\/p>\n<!-- \/wp:paragraph -->\n\n<!-- wp:tadv\/classic-paragraph \/-->","_et_gb_content_width":"1080"},"yoast_head":"<!-- This site is optimized with the Yoast SEO plugin v19.13 - https:\/\/yoast.com\/wordpress\/plugins\/seo\/ -->\n<title>Solicitud de Convalidaci\u00f3n - CIP Sakana<\/title>\n<meta name=\"robots\" content=\"index, follow, max-snippet:-1, max-image-preview:large, max-video-preview:-1\" \/>\n<link rel=\"canonical\" href=\"https:\/\/fpsakanalh.educacion.navarra.es\/web\/solicitud-de-convalidacion\/\" \/>\n<meta property=\"og:locale\" content=\"es_ES\" \/>\n<meta property=\"og:type\" content=\"article\" \/>\n<meta property=\"og:title\" content=\"Solicitud de Convalidaci\u00f3n - CIP Sakana\" \/>\n<meta property=\"og:description\" content=\"[et_pb_section fb_built=\u00bb1&#8243; admin_label=\u00bbsection\u00bb _builder_version=\u00bb3.22&#8243;][et_pb_row admin_label=\u00bbrow\u00bb _builder_version=\u00bb3.25&#8243; background_size=\u00bbinitial\u00bb background_position=\u00bbtop_left\u00bb background_repeat=\u00bbrepeat\u00bb][et_pb_column type=\u00bb4_4&#8243; _builder_version=\u00bb3.25&#8243; custom_padding=\u00bb|||\u00bb custom_padding__hover=\u00bb|||\u00bb][et_pb_text admin_label=\u00bbText\u00bb _builder_version=\u00bb3.27.4&#8243; background_size=\u00bbinitial\u00bb background_position=\u00bbtop_left\u00bb background_repeat=\u00bbrepeat\u00bb] &nbsp; Procedimiento para la solicitud de Convalidaci\u00f3n en el CIP FP Sakana LH IIP de Altsasu\/Alsasua Una vez formalizada la matr\u00edcula (Ciclos de Grado Medio, Superior\u00a0 y Deportivas) puedes solicitar la Convalidaci\u00f3n de m\u00f3dulos. Para ello debes [&hellip;]\" \/>\n<meta property=\"og:url\" content=\"https:\/\/fpsakanalh.educacion.navarra.es\/web\/solicitud-de-convalidacion\/\" \/>\n<meta property=\"og:site_name\" content=\"CIP Sakana\" \/>\n<meta property=\"article:modified_time\" content=\"2025-03-13T13:07:40+00:00\" \/>\n<meta name=\"twitter:card\" content=\"summary_large_image\" \/>\n<meta name=\"twitter:label1\" content=\"Tiempo de lectura\" \/>\n\t<meta name=\"twitter:data1\" content=\"1 minuto\" \/>\n<script type=\"application\/ld+json\" class=\"yoast-schema-graph\">{\"@context\":\"https:\/\/schema.org\",\"@graph\":[{\"@type\":\"WebPage\",\"@id\":\"https:\/\/fpsakanalh.educacion.navarra.es\/web\/solicitud-de-convalidacion\/\",\"url\":\"https:\/\/fpsakanalh.educacion.navarra.es\/web\/solicitud-de-convalidacion\/\",\"name\":\"Solicitud de Convalidaci\u00f3n - CIP Sakana\",\"isPartOf\":{\"@id\":\"https:\/\/fpsakanalh.educacion.navarra.es\/web\/#website\"},\"datePublished\":\"2023-03-13T07:53:27+00:00\",\"dateModified\":\"2025-03-13T13:07:40+00:00\",\"breadcrumb\":{\"@id\":\"https:\/\/fpsakanalh.educacion.navarra.es\/web\/solicitud-de-convalidacion\/#breadcrumb\"},\"inLanguage\":\"es\",\"potentialAction\":[{\"@type\":\"ReadAction\",\"target\":[\"https:\/\/fpsakanalh.educacion.navarra.es\/web\/solicitud-de-convalidacion\/\"]}]},{\"@type\":\"BreadcrumbList\",\"@id\":\"https:\/\/fpsakanalh.educacion.navarra.es\/web\/solicitud-de-convalidacion\/#breadcrumb\",\"itemListElement\":[{\"@type\":\"ListItem\",\"position\":1,\"name\":\"Portada\",\"item\":\"https:\/\/fpsakanalh.educacion.navarra.es\/web\/\"},{\"@type\":\"ListItem\",\"position\":2,\"name\":\"Solicitud de Convalidaci\u00f3n\"}]},{\"@type\":\"WebSite\",\"@id\":\"https:\/\/fpsakanalh.educacion.navarra.es\/web\/#website\",\"url\":\"https:\/\/fpsakanalh.educacion.navarra.es\/web\/\",\"name\":\"CIP Sakana\",\"description\":\"Sitio web del CIP Sakana\",\"potentialAction\":[{\"@type\":\"SearchAction\",\"target\":{\"@type\":\"EntryPoint\",\"urlTemplate\":\"https:\/\/fpsakanalh.educacion.navarra.es\/web\/?s={search_term_string}\"},\"query-input\":\"required name=search_term_string\"}],\"inLanguage\":\"es\"}]}<\/script>\n<!-- \/ Yoast SEO plugin. -->","yoast_head_json":{"title":"Solicitud de Convalidaci\u00f3n - CIP Sakana","robots":{"index":"index","follow":"follow","max-snippet":"max-snippet:-1","max-image-preview":"max-image-preview:large","max-video-preview":"max-video-preview:-1"},"canonical":"https:\/\/fpsakanalh.educacion.navarra.es\/web\/solicitud-de-convalidacion\/","og_locale":"es_ES","og_type":"article","og_title":"Solicitud de Convalidaci\u00f3n - CIP Sakana","og_description":"[et_pb_section fb_built=\u00bb1&#8243; admin_label=\u00bbsection\u00bb _builder_version=\u00bb3.22&#8243;][et_pb_row admin_label=\u00bbrow\u00bb _builder_version=\u00bb3.25&#8243; background_size=\u00bbinitial\u00bb background_position=\u00bbtop_left\u00bb background_repeat=\u00bbrepeat\u00bb][et_pb_column type=\u00bb4_4&#8243; _builder_version=\u00bb3.25&#8243; custom_padding=\u00bb|||\u00bb custom_padding__hover=\u00bb|||\u00bb][et_pb_text admin_label=\u00bbText\u00bb _builder_version=\u00bb3.27.4&#8243; background_size=\u00bbinitial\u00bb background_position=\u00bbtop_left\u00bb background_repeat=\u00bbrepeat\u00bb] &nbsp; Procedimiento para la solicitud de Convalidaci\u00f3n en el CIP FP Sakana LH IIP de Altsasu\/Alsasua Una vez formalizada la matr\u00edcula (Ciclos de Grado Medio, Superior\u00a0 y Deportivas) puedes solicitar la Convalidaci\u00f3n de m\u00f3dulos. Para ello debes [&hellip;]","og_url":"https:\/\/fpsakanalh.educacion.navarra.es\/web\/solicitud-de-convalidacion\/","og_site_name":"CIP Sakana","article_modified_time":"2025-03-13T13:07:40+00:00","twitter_card":"summary_large_image","twitter_misc":{"Tiempo de lectura":"1 minuto"},"schema":{"@context":"https:\/\/schema.org","@graph":[{"@type":"WebPage","@id":"https:\/\/fpsakanalh.educacion.navarra.es\/web\/solicitud-de-convalidacion\/","url":"https:\/\/fpsakanalh.educacion.navarra.es\/web\/solicitud-de-convalidacion\/","name":"Solicitud de Convalidaci\u00f3n - CIP Sakana","isPartOf":{"@id":"https:\/\/fpsakanalh.educacion.navarra.es\/web\/#website"},"datePublished":"2023-03-13T07:53:27+00:00","dateModified":"2025-03-13T13:07:40+00:00","breadcrumb":{"@id":"https:\/\/fpsakanalh.educacion.navarra.es\/web\/solicitud-de-convalidacion\/#breadcrumb"},"inLanguage":"es","potentialAction":[{"@type":"ReadAction","target":["https:\/\/fpsakanalh.educacion.navarra.es\/web\/solicitud-de-convalidacion\/"]}]},{"@type":"BreadcrumbList","@id":"https:\/\/fpsakanalh.educacion.navarra.es\/web\/solicitud-de-convalidacion\/#breadcrumb","itemListElement":[{"@type":"ListItem","position":1,"name":"Portada","item":"https:\/\/fpsakanalh.educacion.navarra.es\/web\/"},{"@type":"ListItem","position":2,"name":"Solicitud de Convalidaci\u00f3n"}]},{"@type":"WebSite","@id":"https:\/\/fpsakanalh.educacion.navarra.es\/web\/#website","url":"https:\/\/fpsakanalh.educacion.navarra.es\/web\/","name":"CIP Sakana","description":"Sitio web del CIP Sakana","potentialAction":[{"@type":"SearchAction","target":{"@type":"EntryPoint","urlTemplate":"https:\/\/fpsakanalh.educacion.navarra.es\/web\/?s={search_term_string}"},"query-input":"required name=search_term_string"}],"inLanguage":"es"}]}},"_links":{"self":[{"href":"https:\/\/fpsakanalh.educacion.navarra.es\/web\/wp-json\/wp\/v2\/pages\/7546"}],"collection":[{"href":"https:\/\/fpsakanalh.educacion.navarra.es\/web\/wp-json\/wp\/v2\/pages"}],"about":[{"href":"https:\/\/fpsakanalh.educacion.navarra.es\/web\/wp-json\/wp\/v2\/types\/page"}],"author":[{"embeddable":true,"href":"https:\/\/fpsakanalh.educacion.navarra.es\/web\/wp-json\/wp\/v2\/users\/1"}],"replies":[{"embeddable":true,"href":"https:\/\/fpsakanalh.educacion.navarra.es\/web\/wp-json\/wp\/v2\/comments?post=7546"}],"version-history":[{"count":21,"href":"https:\/\/fpsakanalh.educacion.navarra.es\/web\/wp-json\/wp\/v2\/pages\/7546\/revisions"}],"predecessor-version":[{"id":9568,"href":"https:\/\/fpsakanalh.educacion.navarra.es\/web\/wp-json\/wp\/v2\/pages\/7546\/revisions\/9568"}],"wp:attachment":[{"href":"https:\/\/fpsakanalh.educacion.navarra.es\/web\/wp-json\/wp\/v2\/media?parent=7546"}],"curies":[{"name":"wp","href":"https:\/\/api.w.org\/{rel}","templated":true}]}}