{"id":9882,"date":"2026-01-28T10:41:11","date_gmt":"2026-01-28T09:41:11","guid":{"rendered":"https:\/\/fpsakanalh.educacion.navarra.es\/web\/?page_id=9882"},"modified":"2026-01-28T12:21:53","modified_gmt":"2026-01-28T11:21:53","slug":"encuestas-de-satisfaccion-familias","status":"publish","type":"page","link":"https:\/\/fpsakanalh.educacion.navarra.es\/web\/encuestas-de-satisfaccion-familias\/","title":{"rendered":"Familias"},"content":{"rendered":"","protected":true},"excerpt":{"rendered":"","protected":true},"author":18,"featured_media":0,"parent":0,"menu_order":0,"comment_status":"closed","ping_status":"closed","template":"","meta":{"_et_pb_use_builder":"on","_et_pb_old_content":"<h2>Misi\u00f3n<\/h2>\r\nLa misi\u00f3n del CIP FP Sakana LH IIP es capacitar profesionalmente,\u00a0 facilitar la inserci\u00f3n laboral y contribuir a la formaci\u00f3n integral del\u00a0alumnado dando respuestas a las distintas demandas del entorno\r\n<h2>Visi\u00f3n<\/h2>\r\nnuestro centro aspira a ser un referente educativo, ejemplo de organizaci\u00f3n din\u00e1mica e innovadora, con un modelo de gesti\u00f3n que coordine e implique a todos los participanets.\r\n<h2>Valores<\/h2>\r\nLas personas del CIP FP Sakana LH IIP compartimos los\u00a0siguientes valores:\r\n<ul>\r\n \t<li>El respeto a la dignidad y la solidaridad entre todas las\u00a0personas.<\/li>\r\n \t<li>El esfuerzo en el trabajo como medio para la mejora constante.<\/li>\r\n \t<li>El di\u00e1logo para la consecuci\u00f3n de criterios comunes.<\/li>\r\n \t<li>La participaci\u00f3n responsable de toda la comunidad educativa en el proyecto de centro con actitudes cr\u00edticas positivas.<\/li>\r\n \t<li>La formaci\u00f3n e innovaci\u00f3n continua.<\/li>\r\n<\/ul>","_et_gb_content_width":""},"yoast_head":"<!-- This site is optimized with the Yoast SEO plugin v19.13 - https:\/\/yoast.com\/wordpress\/plugins\/seo\/ -->\n<title>Familias - CIP Sakana<\/title>\n<meta name=\"robots\" content=\"index, follow, max-snippet:-1, max-image-preview:large, max-video-preview:-1\" \/>\n<link rel=\"canonical\" href=\"https:\/\/fpsakanalh.educacion.navarra.es\/web\/encuestas-de-satisfaccion-familias\/\" \/>\n<meta property=\"og:locale\" content=\"es_ES\" \/>\n<meta property=\"og:type\" content=\"article\" \/>\n<meta property=\"og:title\" content=\"Familias - CIP Sakana\" \/>\n<meta property=\"og:description\" content=\"No hay extracto porque es una entrada protegida.\" \/>\n<meta property=\"og:url\" content=\"https:\/\/fpsakanalh.educacion.navarra.es\/web\/encuestas-de-satisfaccion-familias\/\" \/>\n<meta property=\"og:site_name\" content=\"CIP Sakana\" \/>\n<meta property=\"article:modified_time\" content=\"2026-01-28T11:21:53+00:00\" \/>\n<meta name=\"twitter:card\" content=\"summary_large_image\" \/>\n<meta name=\"twitter:label1\" content=\"Tiempo de lectura\" \/>\n\t<meta name=\"twitter:data1\" content=\"1 minuto\" \/>\n<script type=\"application\/ld+json\" class=\"yoast-schema-graph\">{\"@context\":\"https:\/\/schema.org\",\"@graph\":[{\"@type\":\"WebPage\",\"@id\":\"https:\/\/fpsakanalh.educacion.navarra.es\/web\/encuestas-de-satisfaccion-familias\/\",\"url\":\"https:\/\/fpsakanalh.educacion.navarra.es\/web\/encuestas-de-satisfaccion-familias\/\",\"name\":\"Familias - CIP Sakana\",\"isPartOf\":{\"@id\":\"https:\/\/fpsakanalh.educacion.navarra.es\/web\/#website\"},\"datePublished\":\"2026-01-28T09:41:11+00:00\",\"dateModified\":\"2026-01-28T11:21:53+00:00\",\"breadcrumb\":{\"@id\":\"https:\/\/fpsakanalh.educacion.navarra.es\/web\/encuestas-de-satisfaccion-familias\/#breadcrumb\"},\"inLanguage\":\"es\"},{\"@type\":\"WebSite\",\"@id\":\"https:\/\/fpsakanalh.educacion.navarra.es\/web\/#website\",\"url\":\"https:\/\/fpsakanalh.educacion.navarra.es\/web\/\",\"name\":\"CIP Sakana\",\"description\":\"Sitio web del CIP Sakana\",\"potentialAction\":[{\"@type\":\"SearchAction\",\"target\":{\"@type\":\"EntryPoint\",\"urlTemplate\":\"https:\/\/fpsakanalh.educacion.navarra.es\/web\/?s={search_term_string}\"},\"query-input\":\"required name=search_term_string\"}],\"inLanguage\":\"es\"}]}<\/script>\n<!-- \/ Yoast SEO plugin. -->","yoast_head_json":{"title":"Familias - CIP Sakana","robots":{"index":"index","follow":"follow","max-snippet":"max-snippet:-1","max-image-preview":"max-image-preview:large","max-video-preview":"max-video-preview:-1"},"canonical":"https:\/\/fpsakanalh.educacion.navarra.es\/web\/encuestas-de-satisfaccion-familias\/","og_locale":"es_ES","og_type":"article","og_title":"Familias - CIP Sakana","og_description":"No hay extracto porque es una entrada protegida.","og_url":"https:\/\/fpsakanalh.educacion.navarra.es\/web\/encuestas-de-satisfaccion-familias\/","og_site_name":"CIP Sakana","article_modified_time":"2026-01-28T11:21:53+00:00","twitter_card":"summary_large_image","twitter_misc":{"Tiempo de lectura":"1 minuto"},"schema":{"@context":"https:\/\/schema.org","@graph":[{"@type":"WebPage","@id":"https:\/\/fpsakanalh.educacion.navarra.es\/web\/encuestas-de-satisfaccion-familias\/","url":"https:\/\/fpsakanalh.educacion.navarra.es\/web\/encuestas-de-satisfaccion-familias\/","name":"Familias - CIP Sakana","isPartOf":{"@id":"https:\/\/fpsakanalh.educacion.navarra.es\/web\/#website"},"datePublished":"2026-01-28T09:41:11+00:00","dateModified":"2026-01-28T11:21:53+00:00","breadcrumb":{"@id":"https:\/\/fpsakanalh.educacion.navarra.es\/web\/encuestas-de-satisfaccion-familias\/#breadcrumb"},"inLanguage":"es"},{"@type":"WebSite","@id":"https:\/\/fpsakanalh.educacion.navarra.es\/web\/#website","url":"https:\/\/fpsakanalh.educacion.navarra.es\/web\/","name":"CIP Sakana","description":"Sitio web del CIP Sakana","potentialAction":[{"@type":"SearchAction","target":{"@type":"EntryPoint","urlTemplate":"https:\/\/fpsakanalh.educacion.navarra.es\/web\/?s={search_term_string}"},"query-input":"required name=search_term_string"}],"inLanguage":"es"}]}},"_links":{"self":[{"href":"https:\/\/fpsakanalh.educacion.navarra.es\/web\/wp-json\/wp\/v2\/pages\/9882"}],"collection":[{"href":"https:\/\/fpsakanalh.educacion.navarra.es\/web\/wp-json\/wp\/v2\/pages"}],"about":[{"href":"https:\/\/fpsakanalh.educacion.navarra.es\/web\/wp-json\/wp\/v2\/types\/page"}],"author":[{"embeddable":true,"href":"https:\/\/fpsakanalh.educacion.navarra.es\/web\/wp-json\/wp\/v2\/users\/18"}],"replies":[{"embeddable":true,"href":"https:\/\/fpsakanalh.educacion.navarra.es\/web\/wp-json\/wp\/v2\/comments?post=9882"}],"version-history":[{"count":7,"href":"https:\/\/fpsakanalh.educacion.navarra.es\/web\/wp-json\/wp\/v2\/pages\/9882\/revisions"}],"predecessor-version":[{"id":9919,"href":"https:\/\/fpsakanalh.educacion.navarra.es\/web\/wp-json\/wp\/v2\/pages\/9882\/revisions\/9919"}],"wp:attachment":[{"href":"https:\/\/fpsakanalh.educacion.navarra.es\/web\/wp-json\/wp\/v2\/media?parent=9882"}],"curies":[{"name":"wp","href":"https:\/\/api.w.org\/{rel}","templated":true}]}}